{"id":2,"date":"2011-03-21T12:23:49","date_gmt":"2011-03-21T10:23:49","guid":{"rendered":"https:\/\/kylat.meitadev.fi\/kanava\/?page_id=2"},"modified":"2017-01-10T13:17:38","modified_gmt":"2017-01-10T11:17:38","slug":"kylat","status":"publish","type":"page","link":"https:\/\/kylat.meitadev.fi\/kanava\/kylat\/","title":{"rendered":"KYL\u00c4T"},"content":{"rendered":"<p>Kyl\u00e4yhdistyksen piiriin kuuluu Kansolan, Karhusj\u00e4rven, K\u00e4h\u00e4ril\u00e4n, Lyytikk\u00e4l\u00e4n, Lempi\u00e4l\u00e4n, Pajarilan ja Rasalan kyl\u00e4t. Kylilt\u00e4 l\u00f6ytyy monenlaista osaajaa ja yritt\u00e4j\u00e4\u00e4, kuten perinteist\u00e4 maanviljelyst\u00e4 ja maineikasta ravihevostoimintaa.<\/p>\n<p>Kyl\u00e4yhdistyksen toiminta-alue k\u00e4sitt\u00e4\u00e4 siis 7 kyl\u00e4\u00e4, joissa on yhteens\u00e4 noin 150 kotitaloutta. Asukkaita, joita l\u00f6ytyy tasaisesti kaikista ik\u00e4ryhmist\u00e4, on kyliss\u00e4 yhteens\u00e4 noin 450.<\/p>\n<p>&nbsp;<\/p>\n","protected":false},"excerpt":{"rendered":"<p>Kyl\u00e4yhdistyksen piiriin kuuluu Kansolan, Karhusj\u00e4rven, K\u00e4h\u00e4ril\u00e4n, Lyytikk\u00e4l\u00e4n, Lempi\u00e4l\u00e4n, Pajarilan ja Rasalan kyl\u00e4t. Kylilt\u00e4 l\u00f6ytyy monenlaista osaajaa ja yritt\u00e4j\u00e4\u00e4, kuten perinteist\u00e4 maanviljelyst\u00e4 ja maineikasta ravihevostoimintaa. Kyl\u00e4yhdistyksen toiminta-alue k\u00e4sitt\u00e4\u00e4 siis 7 kyl\u00e4\u00e4, joissa on yhteens\u00e4 noin 150 kotitaloutta. Asukkaita, joita l\u00f6ytyy tasaisesti &hellip; <a href=\"https:\/\/kylat.meitadev.fi\/kanava\/kylat\/\">Lue loppuun <span class=\"meta-nav\">&rarr;<\/span><\/a><\/p>\n","protected":false},"author":10,"featured_media":0,"parent":0,"menu_order":2,"comment_status":"closed","ping_status":"closed","template":"","meta":{"footnotes":""},"_links":{"self":[{"href":"https:\/\/kylat.meitadev.fi\/kanava\/wp-json\/wp\/v2\/pages\/2"}],"collection":[{"href":"https:\/\/kylat.meitadev.fi\/kanava\/wp-json\/wp\/v2\/pages"}],"about":[{"href":"https:\/\/kylat.meitadev.fi\/kanava\/wp-json\/wp\/v2\/types\/page"}],"author":[{"embeddable":true,"href":"https:\/\/kylat.meitadev.fi\/kanava\/wp-json\/wp\/v2\/users\/10"}],"replies":[{"embeddable":true,"href":"https:\/\/kylat.meitadev.fi\/kanava\/wp-json\/wp\/v2\/comments?post=2"}],"version-history":[{"count":28,"href":"https:\/\/kylat.meitadev.fi\/kanava\/wp-json\/wp\/v2\/pages\/2\/revisions"}],"predecessor-version":[{"id":2094,"href":"https:\/\/kylat.meitadev.fi\/kanava\/wp-json\/wp\/v2\/pages\/2\/revisions\/2094"}],"wp:attachment":[{"href":"https:\/\/kylat.meitadev.fi\/kanava\/wp-json\/wp\/v2\/media?parent=2"}],"curies":[{"name":"wp","href":"https:\/\/api.w.org\/{rel}","templated":true}]}}