{"id":2024,"date":"2016-09-04T16:21:34","date_gmt":"2016-09-04T13:21:34","guid":{"rendered":"https:\/\/kylat.meitadev.fi\/kanava\/?page_id=2024"},"modified":"2016-09-04T16:33:24","modified_gmt":"2016-09-04T13:33:24","slug":"onkikisat-2016","status":"publish","type":"page","link":"https:\/\/kylat.meitadev.fi\/kanava\/tapahtumat\/onkikisat-2016\/","title":{"rendered":"Onkikisat 2016"},"content":{"rendered":"<p>Onkikilpailut j\u00e4rjestettiin 22. elokuuta 2016 Kansolassa. Kisap\u00e4iv\u00e4n\u00e4 s\u00e4\u00e4 oli pilvipoutainen. Osanottajia oli 42, kannatus- ja avustusjoukot mukaan lukien paikalla oli kaikkiaan 60 &#8211; 70 henke\u00e4 \ud83d\ude42 Alla kuvia ja kilpailun tulokset!<\/p>\n<p><a href=\"https:\/\/kylat.meitadev.fi\/kanava\/wp-content\/uploads\/sites\/7\/2016\/09\/onkikisat1_16_800px_jukolakala.jpg\" target=\"_blank\"><img loading=\"lazy\" decoding=\"async\" class=\"aligncenter wp-image-2020 size-medium\" src=\"https:\/\/kylat.meitadev.fi\/kanava\/wp-content\/uploads\/sites\/7\/2016\/09\/onkikisat1_16_800px_jukolakala-300x169.jpg\" alt=\"onkikisat1_16_800px_jukolakala\" width=\"300\" height=\"169\" srcset=\"https:\/\/kylat.meitadev.fi\/kanava\/wp-content\/uploads\/sites\/7\/2016\/09\/onkikisat1_16_800px_jukolakala-300x169.jpg 300w, https:\/\/kylat.meitadev.fi\/kanava\/wp-content\/uploads\/sites\/7\/2016\/09\/onkikisat1_16_800px_jukolakala-768x432.jpg 768w, https:\/\/kylat.meitadev.fi\/kanava\/wp-content\/uploads\/sites\/7\/2016\/09\/onkikisat1_16_800px_jukolakala-500x281.jpg 500w, https:\/\/kylat.meitadev.fi\/kanava\/wp-content\/uploads\/sites\/7\/2016\/09\/onkikisat1_16_800px_jukolakala.jpg 800w\" sizes=\"(max-width: 300px) 100vw, 300px\" \/><\/a> <a href=\"https:\/\/kylat.meitadev.fi\/kanava\/wp-content\/uploads\/sites\/7\/2016\/09\/onkikisat_2_16_800px.jpg\" target=\"_blank\"><img loading=\"lazy\" decoding=\"async\" class=\"aligncenter wp-image-2021 size-medium\" src=\"https:\/\/kylat.meitadev.fi\/kanava\/wp-content\/uploads\/sites\/7\/2016\/09\/onkikisat_2_16_800px-300x169.jpg\" alt=\"onkikisat_2_16_800px\" width=\"300\" height=\"169\" srcset=\"https:\/\/kylat.meitadev.fi\/kanava\/wp-content\/uploads\/sites\/7\/2016\/09\/onkikisat_2_16_800px-300x169.jpg 300w, https:\/\/kylat.meitadev.fi\/kanava\/wp-content\/uploads\/sites\/7\/2016\/09\/onkikisat_2_16_800px-768x432.jpg 768w, https:\/\/kylat.meitadev.fi\/kanava\/wp-content\/uploads\/sites\/7\/2016\/09\/onkikisat_2_16_800px-500x281.jpg 500w, https:\/\/kylat.meitadev.fi\/kanava\/wp-content\/uploads\/sites\/7\/2016\/09\/onkikisat_2_16_800px.jpg 800w\" sizes=\"(max-width: 300px) 100vw, 300px\" \/><\/a> <a href=\"https:\/\/kylat.meitadev.fi\/kanava\/wp-content\/uploads\/sites\/7\/2016\/09\/onkikisat_3_16_800px_jukolakala.jpg\" target=\"_blank\"><img loading=\"lazy\" decoding=\"async\" class=\"aligncenter wp-image-2022 size-medium\" src=\"https:\/\/kylat.meitadev.fi\/kanava\/wp-content\/uploads\/sites\/7\/2016\/09\/onkikisat_3_16_800px_jukolakala-300x169.jpg\" alt=\"onkikisat_3_16_800px_jukolakala\" width=\"300\" height=\"169\" srcset=\"https:\/\/kylat.meitadev.fi\/kanava\/wp-content\/uploads\/sites\/7\/2016\/09\/onkikisat_3_16_800px_jukolakala-300x169.jpg 300w, https:\/\/kylat.meitadev.fi\/kanava\/wp-content\/uploads\/sites\/7\/2016\/09\/onkikisat_3_16_800px_jukolakala-768x432.jpg 768w, https:\/\/kylat.meitadev.fi\/kanava\/wp-content\/uploads\/sites\/7\/2016\/09\/onkikisat_3_16_800px_jukolakala-500x281.jpg 500w, https:\/\/kylat.meitadev.fi\/kanava\/wp-content\/uploads\/sites\/7\/2016\/09\/onkikisat_3_16_800px_jukolakala.jpg 800w\" sizes=\"(max-width: 300px) 100vw, 300px\" \/><\/a><\/p>\n<h2>Tulokset:<\/h2>\n<table width=\"320\">\n<tbody>\n<tr>\n<td width=\"64\">Naiset<\/td>\n<td width=\"64\"><\/td>\n<td width=\"64\"><\/td>\n<td width=\"64\"><\/td>\n<td width=\"64\">paino g<\/td>\n<\/tr>\n<tr>\n<td>1.<\/td>\n<td colspan=\"2\">Marianne Kansonen<\/td>\n<td><\/td>\n<td>591<\/td>\n<\/tr>\n<tr>\n<td>2.<\/td>\n<td colspan=\"2\">Mari Penttinen<\/td>\n<td><\/td>\n<td>375<\/td>\n<\/tr>\n<tr>\n<td>3.<\/td>\n<td colspan=\"2\">P\u00e4ivi Kansonen<\/td>\n<td><\/td>\n<td>290<\/td>\n<\/tr>\n<tr>\n<td>4.<\/td>\n<td colspan=\"2\">Heidi Lankinen<\/td>\n<td><\/td>\n<td>270<\/td>\n<\/tr>\n<tr>\n<td>5.<\/td>\n<td colspan=\"2\">Hannele Kansonen<\/td>\n<td><\/td>\n<td>231<\/td>\n<\/tr>\n<tr>\n<td>6.<\/td>\n<td colspan=\"2\">Airi Lepola<\/td>\n<td><\/td>\n<td>170<\/td>\n<\/tr>\n<tr>\n<td>7.<\/td>\n<td colspan=\"2\">Sanna Haikala<\/td>\n<td><\/td>\n<td>167<\/td>\n<\/tr>\n<tr>\n<td>8.<\/td>\n<td colspan=\"2\">Seija Kansonen<\/td>\n<td><\/td>\n<td>162<\/td>\n<\/tr>\n<tr>\n<td>9.<\/td>\n<td colspan=\"2\">Ulla Hellman<\/td>\n<td><\/td>\n<td>117<\/td>\n<\/tr>\n<tr>\n<td>10.<\/td>\n<td colspan=\"2\">Eveliina Kansonen<\/td>\n<td><\/td>\n<td>63<\/td>\n<\/tr>\n<tr>\n<td>11.<\/td>\n<td colspan=\"2\">Ritva Mikonsaari<\/td>\n<td><\/td>\n<td>47<\/td>\n<\/tr>\n<tr>\n<td>12.<\/td>\n<td colspan=\"2\">P\u00e4ivikki Heimala<\/td>\n<td><\/td>\n<td>26<\/td>\n<\/tr>\n<tr>\n<td><\/td>\n<td><\/td>\n<td><\/td>\n<td><\/td>\n<td><\/td>\n<\/tr>\n<tr>\n<td>Miehet<\/td>\n<td><\/td>\n<td><\/td>\n<td><\/td>\n<td><\/td>\n<\/tr>\n<tr>\n<td>1.<\/td>\n<td colspan=\"2\">Ahti Huotari<\/td>\n<td><\/td>\n<td>884<\/td>\n<\/tr>\n<tr>\n<td>2.<\/td>\n<td colspan=\"2\">Toni Penttinen<\/td>\n<td><\/td>\n<td>422<\/td>\n<\/tr>\n<tr>\n<td>3.<\/td>\n<td colspan=\"2\">Risto Kansonen<\/td>\n<td><\/td>\n<td>338<\/td>\n<\/tr>\n<tr>\n<td>4.<\/td>\n<td colspan=\"2\">Petri Piiparinen<\/td>\n<td><\/td>\n<td>331<\/td>\n<\/tr>\n<tr>\n<td>5.<\/td>\n<td colspan=\"2\">Kalevi Lyytik\u00e4inen<\/td>\n<td><\/td>\n<td>266<\/td>\n<\/tr>\n<tr>\n<td>6.<\/td>\n<td colspan=\"2\">Jouni Mikonsaari<\/td>\n<td><\/td>\n<td>227<\/td>\n<\/tr>\n<tr>\n<td>7.<\/td>\n<td colspan=\"2\">Tero Penttil\u00e4<\/td>\n<td><\/td>\n<td>165<\/td>\n<\/tr>\n<tr>\n<td>8.<\/td>\n<td colspan=\"2\">Markku Frilander<\/td>\n<td><\/td>\n<td>138<\/td>\n<\/tr>\n<tr>\n<td>9.<\/td>\n<td colspan=\"2\">Osmo Mikonsaari<\/td>\n<td><\/td>\n<td>121<\/td>\n<\/tr>\n<tr>\n<td>10.<\/td>\n<td colspan=\"2\">Aimo Hellman<\/td>\n<td><\/td>\n<td>99<\/td>\n<\/tr>\n<tr>\n<td>11.<\/td>\n<td colspan=\"2\">Pekka Heimala<\/td>\n<td><\/td>\n<td>92<\/td>\n<\/tr>\n<tr>\n<td>11.<\/td>\n<td colspan=\"2\">Pentti Ahtiainen<\/td>\n<td><\/td>\n<td>92<\/td>\n<\/tr>\n<tr>\n<td>13.<\/td>\n<td colspan=\"2\">Jyrki Kansonen<\/td>\n<td><\/td>\n<td>64<\/td>\n<\/tr>\n<tr>\n<td>14.<\/td>\n<td colspan=\"2\">Juha Kansonen<\/td>\n<td><\/td>\n<td>53<\/td>\n<\/tr>\n<tr>\n<td>15.<\/td>\n<td colspan=\"2\">Pertti Lepola<\/td>\n<td><\/td>\n<td>16<\/td>\n<\/tr>\n<tr>\n<td>16.<\/td>\n<td colspan=\"2\">Kari Lempi\u00e4inen<\/td>\n<td><\/td>\n<td>9<\/td>\n<\/tr>\n<tr>\n<td><\/td>\n<td><\/td>\n<td><\/td>\n<td><\/td>\n<td><\/td>\n<\/tr>\n<tr>\n<td>Tyt\u00f6t<\/td>\n<td><\/td>\n<td><\/td>\n<td><\/td>\n<td><\/td>\n<\/tr>\n<tr>\n<td>1.<\/td>\n<td colspan=\"2\">Venla Lankinen<\/td>\n<td><\/td>\n<td>253<\/td>\n<\/tr>\n<tr>\n<td>2.<\/td>\n<td colspan=\"2\">Jenna Heimala<\/td>\n<td><\/td>\n<td>246<\/td>\n<\/tr>\n<tr>\n<td>3.<\/td>\n<td colspan=\"2\">Saaga Penttinen<\/td>\n<td><\/td>\n<td>242<\/td>\n<\/tr>\n<tr>\n<td>4.<\/td>\n<td colspan=\"2\">Elsa Mikonsaari<\/td>\n<td><\/td>\n<td>139<\/td>\n<\/tr>\n<tr>\n<td>5.<\/td>\n<td colspan=\"2\">Toini Mikonsaari<\/td>\n<td><\/td>\n<td>95<\/td>\n<\/tr>\n<tr>\n<td>6.<\/td>\n<td colspan=\"2\">Aino Lempi\u00e4inen<\/td>\n<td><\/td>\n<td>21<\/td>\n<\/tr>\n<tr>\n<td>7.<\/td>\n<td colspan=\"2\">Aino Talonpoika<\/td>\n<td><\/td>\n<td>15<\/td>\n<\/tr>\n<tr>\n<td><\/td>\n<td><\/td>\n<td><\/td>\n<td><\/td>\n<td><\/td>\n<\/tr>\n<tr>\n<td>Pojat<\/td>\n<td><\/td>\n<td><\/td>\n<td><\/td>\n<td><\/td>\n<\/tr>\n<tr>\n<td>1.<\/td>\n<td colspan=\"2\">Eetu Lankinen<\/td>\n<td><\/td>\n<td>635<\/td>\n<\/tr>\n<tr>\n<td>2.<\/td>\n<td colspan=\"2\">Santeri Mikonsaari<\/td>\n<td><\/td>\n<td>380<\/td>\n<\/tr>\n<tr>\n<td>3.<\/td>\n<td colspan=\"2\">Jasse Markkanen<\/td>\n<td><\/td>\n<td>235<\/td>\n<\/tr>\n<tr>\n<td>4.<\/td>\n<td colspan=\"2\">Leevi Mikonsaari<\/td>\n<td><\/td>\n<td>68<\/td>\n<\/tr>\n<tr>\n<td>5.<\/td>\n<td colspan=\"2\">Jimi Auramo<\/td>\n<td><\/td>\n<td>46<\/td>\n<\/tr>\n<tr>\n<td>6.<\/td>\n<td colspan=\"2\">Antti Lempi\u00e4inen<\/td>\n<td><\/td>\n<td>24<\/td>\n<\/tr>\n<tr>\n<td>6.<\/td>\n<td colspan=\"2\">Mikko Lempi\u00e4inen<\/td>\n<td><\/td>\n<td>24<\/td>\n<\/tr>\n<tr>\n<td><\/td>\n<td><\/td>\n<td><\/td>\n<td><\/td>\n<td><\/td>\n<\/tr>\n<tr>\n<td colspan=\"2\">Suurin kala<\/td>\n<td><\/td>\n<td><\/td>\n<td><\/td>\n<\/tr>\n<tr>\n<td><\/td>\n<td colspan=\"2\">Marianne Kansonen<\/td>\n<td><\/td>\n<td>423<\/td>\n<\/tr>\n<\/tbody>\n<\/table>\n","protected":false},"excerpt":{"rendered":"<p>Onkikilpailut j\u00e4rjestettiin 22. elokuuta 2016 Kansolassa. Kisap\u00e4iv\u00e4n\u00e4 s\u00e4\u00e4 oli pilvipoutainen. Osanottajia oli 42, kannatus- ja avustusjoukot mukaan lukien paikalla oli kaikkiaan 60 &#8211; 70 henke\u00e4 \ud83d\ude42 Alla kuvia ja kilpailun tulokset! Tulokset: Naiset paino g 1. Marianne Kansonen 591 2. &hellip; <a href=\"https:\/\/kylat.meitadev.fi\/kanava\/tapahtumat\/onkikisat-2016\/\">Lue loppuun <span class=\"meta-nav\">&rarr;<\/span><\/a><\/p>\n","protected":false},"author":10,"featured_media":0,"parent":592,"menu_order":0,"comment_status":"closed","ping_status":"closed","template":"","meta":{"footnotes":""},"_links":{"self":[{"href":"https:\/\/kylat.meitadev.fi\/kanava\/wp-json\/wp\/v2\/pages\/2024"}],"collection":[{"href":"https:\/\/kylat.meitadev.fi\/kanava\/wp-json\/wp\/v2\/pages"}],"about":[{"href":"https:\/\/kylat.meitadev.fi\/kanava\/wp-json\/wp\/v2\/types\/page"}],"author":[{"embeddable":true,"href":"https:\/\/kylat.meitadev.fi\/kanava\/wp-json\/wp\/v2\/users\/10"}],"replies":[{"embeddable":true,"href":"https:\/\/kylat.meitadev.fi\/kanava\/wp-json\/wp\/v2\/comments?post=2024"}],"version-history":[{"count":7,"href":"https:\/\/kylat.meitadev.fi\/kanava\/wp-json\/wp\/v2\/pages\/2024\/revisions"}],"predecessor-version":[{"id":2033,"href":"https:\/\/kylat.meitadev.fi\/kanava\/wp-json\/wp\/v2\/pages\/2024\/revisions\/2033"}],"up":[{"embeddable":true,"href":"https:\/\/kylat.meitadev.fi\/kanava\/wp-json\/wp\/v2\/pages\/592"}],"wp:attachment":[{"href":"https:\/\/kylat.meitadev.fi\/kanava\/wp-json\/wp\/v2\/media?parent=2024"}],"curies":[{"name":"wp","href":"https:\/\/api.w.org\/{rel}","templated":true}]}}