{"id":214,"date":"2011-04-06T23:53:12","date_gmt":"2011-04-06T20:53:12","guid":{"rendered":"https:\/\/kylat.meitadev.fi\/kanava\/?page_id=214"},"modified":"2017-01-10T13:00:47","modified_gmt":"2017-01-10T11:00:47","slug":"kylayhdistys","status":"publish","type":"page","link":"https:\/\/kylat.meitadev.fi\/kanava\/kylayhdistys\/","title":{"rendered":"KYL\u00c4YHDISTYS"},"content":{"rendered":"<p>Saimaan kanavan kyl\u00e4yhdistys ry on perustettu 10.5.2011.<\/p>\n<p>Kyl\u00e4yhdistyksen piiriin kuuluu seitsem\u00e4n kyl\u00e4\u00e4 Lappeenrannan alueelta eli Kansolan, Karhusj\u00e4rven, K\u00e4h\u00e4ril\u00e4n, Lempi\u00e4l\u00e4n, Lyytikk\u00e4l\u00e4n, Pajarilan ja Rasalan kyl\u00e4t. Kyl\u00e4yhdistys kokoontuu vuosittain noin puolenkymment\u00e4 kertaa ja kokoontumispaikkana on liikuntahalli Kanavan liikuntakeskuksessa, os. T\u00f6r\u00f6m\u00e4entie 20, Lappeenranta (ks. kartta alla).<\/p>\n<div id=\"attachment_1553\" style=\"width: 510px\" class=\"wp-caption aligncenter\"><img loading=\"lazy\" decoding=\"async\" aria-describedby=\"caption-attachment-1553\" class=\"size-full wp-image-1553 \" style=\"border: 1px solid black\" src=\"https:\/\/kylat.meitadev.fi\/kanava\/wp-content\/uploads\/sites\/7\/2011\/04\/monitoimihalli_500px.jpg\" alt=\"monitoimihalli\" width=\"500\" height=\"281\" srcset=\"https:\/\/kylat.meitadev.fi\/kanava\/wp-content\/uploads\/sites\/7\/2011\/04\/monitoimihalli_500px.jpg 500w, https:\/\/kylat.meitadev.fi\/kanava\/wp-content\/uploads\/sites\/7\/2011\/04\/monitoimihalli_500px-300x168.jpg 300w\" sizes=\"(max-width: 500px) 100vw, 500px\" \/><p id=\"caption-attachment-1553\" class=\"wp-caption-text\">Kyl\u00e4yhdistyksen liikuntahalli Kanavan liikuntakeskuksessa<\/p><\/div>\n<p>Kanavan liikuntakeskus kartalla:<\/p>\n<p style=\"text-align: center\">[iframe_loader width=&#8221;425&#8243; height=&#8221;350&#8243; frameborder=&#8221;0&#8243; scrolling=&#8221;no&#8221; marginheight=&#8221;0&#8243; marginwidth=&#8221;0&#8243; src=&#8221;https:\/\/maps.google.fi\/maps?f=q&amp;source=s_q&amp;hl=fi&amp;geocode=&amp;q=T%C3%B6r%C3%B6m%C3%A4entie+20,+Lappeenranta&amp;aq=0&amp;oq=T%C3%B6r%C3%B6m%C3%A4entie+20&amp;sll=61.265488,28.548977&amp;sspn=1.75628,6.696167&amp;ie=UTF8&amp;hq=&amp;hnear=T%C3%B6r%C3%B6m%C3%A4entie+20,+Lappeenranta&amp;ll=61.014348,28.406069&amp;spn=0.006915,0.026157&amp;t=m&amp;z=14&amp;output=embed&#8221;]<br \/>\n<small><a style=\"color: #0000ff;text-align: left\" href=\"https:\/\/maps.google.fi\/maps?f=q&amp;source=embed&amp;hl=fi&amp;geocode=&amp;q=T%C3%B6r%C3%B6m%C3%A4entie+20,+Lappeenranta&amp;aq=0&amp;oq=T%C3%B6r%C3%B6m%C3%A4entie+20&amp;sll=61.265488,28.548977&amp;sspn=1.75628,6.696167&amp;ie=UTF8&amp;hq=&amp;hnear=T%C3%B6r%C3%B6m%C3%A4entie+20,+Lappeenranta&amp;ll=61.014348,28.406069&amp;spn=0.006915,0.026157&amp;t=m&amp;z=14\">N\u00e4yt\u00e4 suurempi kartta<\/a><\/small><\/p>\n<p>Ideoita, aiheita ja kuvia kotisivujen kehitt\u00e4miseen sek\u00e4 kyl\u00e4yhdistyksen toiminnan kehitt\u00e4miseen otetaan mieluusti vastaan. Ota yhteytt\u00e4 yll\u00e4pit\u00e4j\u00e4\u00e4n esimerkiksi yhteydenottolomakkeen v\u00e4lityksell\u00e4.<\/p>\n","protected":false},"excerpt":{"rendered":"<p>Saimaan kanavan kyl\u00e4yhdistys ry on perustettu 10.5.2011. Kyl\u00e4yhdistyksen piiriin kuuluu seitsem\u00e4n kyl\u00e4\u00e4 Lappeenrannan alueelta eli Kansolan, Karhusj\u00e4rven, K\u00e4h\u00e4ril\u00e4n, Lempi\u00e4l\u00e4n, Lyytikk\u00e4l\u00e4n, Pajarilan ja Rasalan kyl\u00e4t. Kyl\u00e4yhdistys kokoontuu vuosittain noin puolenkymment\u00e4 kertaa ja kokoontumispaikkana on liikuntahalli Kanavan liikuntakeskuksessa, os. T\u00f6r\u00f6m\u00e4entie 20, Lappeenranta &hellip; <a href=\"https:\/\/kylat.meitadev.fi\/kanava\/kylayhdistys\/\">Lue loppuun <span class=\"meta-nav\">&rarr;<\/span><\/a><\/p>\n","protected":false},"author":10,"featured_media":0,"parent":0,"menu_order":1,"comment_status":"closed","ping_status":"closed","template":"","meta":{"footnotes":""},"_links":{"self":[{"href":"https:\/\/kylat.meitadev.fi\/kanava\/wp-json\/wp\/v2\/pages\/214"}],"collection":[{"href":"https:\/\/kylat.meitadev.fi\/kanava\/wp-json\/wp\/v2\/pages"}],"about":[{"href":"https:\/\/kylat.meitadev.fi\/kanava\/wp-json\/wp\/v2\/types\/page"}],"author":[{"embeddable":true,"href":"https:\/\/kylat.meitadev.fi\/kanava\/wp-json\/wp\/v2\/users\/10"}],"replies":[{"embeddable":true,"href":"https:\/\/kylat.meitadev.fi\/kanava\/wp-json\/wp\/v2\/comments?post=214"}],"version-history":[{"count":27,"href":"https:\/\/kylat.meitadev.fi\/kanava\/wp-json\/wp\/v2\/pages\/214\/revisions"}],"predecessor-version":[{"id":2092,"href":"https:\/\/kylat.meitadev.fi\/kanava\/wp-json\/wp\/v2\/pages\/214\/revisions\/2092"}],"wp:attachment":[{"href":"https:\/\/kylat.meitadev.fi\/kanava\/wp-json\/wp\/v2\/media?parent=214"}],"curies":[{"name":"wp","href":"https:\/\/api.w.org\/{rel}","templated":true}]}}