{"id":2198,"date":"2017-02-04T14:49:03","date_gmt":"2017-02-04T12:49:03","guid":{"rendered":"https:\/\/kylat.meitadev.fi\/kanava\/?page_id=2198"},"modified":"2017-02-04T14:49:03","modified_gmt":"2017-02-04T12:49:03","slug":"lasten-hiihtokilpailut-2015","status":"publish","type":"page","link":"https:\/\/kylat.meitadev.fi\/kanava\/tapahtumat\/lasten-hiihtokilpailut-2015\/","title":{"rendered":"Lasten hiihtokilpailut 2015"},"content":{"rendered":"<p>Lasten hiihtokilpailut j\u00e4rjestettiin 8.3.2015 Lyytikk\u00e4l\u00e4n urheilukent\u00e4ll\u00e4.<\/p>\n<p>Sarjat ja tulokset:<br \/>\nv-07 Leevi aika 1,36 min<br \/>\nv-08 Sini aika 2,05 min<br \/>\nv-09 Vilppu aika 2,45 min<br \/>\nv-10 Elsa aika 1,40 min<br \/>\nv-10 Lenni aika 1,40 min<br \/>\nv-11 Ilona 2,39 min<br \/>\nv-13 Samu 7,06 min<\/p>\n<p>Sarjat m\u00e4\u00e4r\u00e4ytyiv\u00e4t syntym\u00e4vuoden mukaan.<\/p>\n<p><a href=\"https:\/\/kylat.meitadev.fi\/kanava\/wp-content\/uploads\/sites\/7\/2015\/04\/lasten_hiihtokisat_2_800.jpg\" target=\"_blank\"><img loading=\"lazy\" decoding=\"async\" class=\"alignleft wp-image-1846\" src=\"https:\/\/kylat.meitadev.fi\/kanava\/wp-content\/uploads\/sites\/7\/2015\/04\/lasten_hiihtokisat_2_800-300x225.jpg\" alt=\"lasten_hiihtokisat_2\" width=\"250\" height=\"188\" srcset=\"https:\/\/kylat.meitadev.fi\/kanava\/wp-content\/uploads\/sites\/7\/2015\/04\/lasten_hiihtokisat_2_800-300x225.jpg 300w, https:\/\/kylat.meitadev.fi\/kanava\/wp-content\/uploads\/sites\/7\/2015\/04\/lasten_hiihtokisat_2_800.jpg 800w\" sizes=\"(max-width: 250px) 100vw, 250px\" \/><\/a><a href=\"https:\/\/kylat.meitadev.fi\/kanava\/wp-content\/uploads\/sites\/7\/2015\/04\/lasten_hiihtokisat_1_800.jpg\" target=\"_blank\"><img loading=\"lazy\" decoding=\"async\" class=\"alignleft wp-image-1845\" src=\"https:\/\/kylat.meitadev.fi\/kanava\/wp-content\/uploads\/sites\/7\/2015\/04\/lasten_hiihtokisat_1_800-300x225.jpg\" alt=\"lasten_hiihtokisat_1_800\" width=\"250\" height=\"188\" srcset=\"https:\/\/kylat.meitadev.fi\/kanava\/wp-content\/uploads\/sites\/7\/2015\/04\/lasten_hiihtokisat_1_800-300x225.jpg 300w, https:\/\/kylat.meitadev.fi\/kanava\/wp-content\/uploads\/sites\/7\/2015\/04\/lasten_hiihtokisat_1_800.jpg 800w\" sizes=\"(max-width: 250px) 100vw, 250px\" \/><\/a><a href=\"https:\/\/kylat.meitadev.fi\/kanava\/wp-content\/uploads\/sites\/7\/2015\/04\/lasten_hiihtokisat_3_800.jpg\" target=\"_blank\"><img loading=\"lazy\" decoding=\"async\" class=\"alignleft wp-image-1843\" src=\"https:\/\/kylat.meitadev.fi\/kanava\/wp-content\/uploads\/sites\/7\/2015\/04\/lasten_hiihtokisat_3_800-300x225.jpg\" alt=\"lasten_hiihtokisat_3_800\" width=\"250\" height=\"188\" srcset=\"https:\/\/kylat.meitadev.fi\/kanava\/wp-content\/uploads\/sites\/7\/2015\/04\/lasten_hiihtokisat_3_800-300x225.jpg 300w, https:\/\/kylat.meitadev.fi\/kanava\/wp-content\/uploads\/sites\/7\/2015\/04\/lasten_hiihtokisat_3_800.jpg 800w\" sizes=\"(max-width: 250px) 100vw, 250px\" \/><\/a><a href=\"https:\/\/kylat.meitadev.fi\/kanava\/wp-content\/uploads\/sites\/7\/2015\/04\/lasten_hiihtokisat_4_800.jpg\" target=\"_blank\"><img loading=\"lazy\" decoding=\"async\" class=\"alignleft wp-image-1844\" src=\"https:\/\/kylat.meitadev.fi\/kanava\/wp-content\/uploads\/sites\/7\/2015\/04\/lasten_hiihtokisat_4_800-300x225.jpg\" alt=\"lasten_hiihtokisat_4_800\" width=\"250\" height=\"188\" srcset=\"https:\/\/kylat.meitadev.fi\/kanava\/wp-content\/uploads\/sites\/7\/2015\/04\/lasten_hiihtokisat_4_800-300x225.jpg 300w, https:\/\/kylat.meitadev.fi\/kanava\/wp-content\/uploads\/sites\/7\/2015\/04\/lasten_hiihtokisat_4_800.jpg 800w\" sizes=\"(max-width: 250px) 100vw, 250px\" \/><\/a><\/p>\n","protected":false},"excerpt":{"rendered":"<p>Lasten hiihtokilpailut j\u00e4rjestettiin 8.3.2015 Lyytikk\u00e4l\u00e4n urheilukent\u00e4ll\u00e4. Sarjat ja tulokset: v-07 Leevi aika 1,36 min v-08 Sini aika 2,05 min v-09 Vilppu aika 2,45 min v-10 Elsa aika 1,40 min v-10 Lenni aika 1,40 min v-11 Ilona 2,39 min v-13 Samu &hellip; <a href=\"https:\/\/kylat.meitadev.fi\/kanava\/tapahtumat\/lasten-hiihtokilpailut-2015\/\">Lue loppuun <span class=\"meta-nav\">&rarr;<\/span><\/a><\/p>\n","protected":false},"author":10,"featured_media":0,"parent":592,"menu_order":0,"comment_status":"closed","ping_status":"closed","template":"","meta":{"footnotes":""},"_links":{"self":[{"href":"https:\/\/kylat.meitadev.fi\/kanava\/wp-json\/wp\/v2\/pages\/2198"}],"collection":[{"href":"https:\/\/kylat.meitadev.fi\/kanava\/wp-json\/wp\/v2\/pages"}],"about":[{"href":"https:\/\/kylat.meitadev.fi\/kanava\/wp-json\/wp\/v2\/types\/page"}],"author":[{"embeddable":true,"href":"https:\/\/kylat.meitadev.fi\/kanava\/wp-json\/wp\/v2\/users\/10"}],"replies":[{"embeddable":true,"href":"https:\/\/kylat.meitadev.fi\/kanava\/wp-json\/wp\/v2\/comments?post=2198"}],"version-history":[{"count":2,"href":"https:\/\/kylat.meitadev.fi\/kanava\/wp-json\/wp\/v2\/pages\/2198\/revisions"}],"predecessor-version":[{"id":2200,"href":"https:\/\/kylat.meitadev.fi\/kanava\/wp-json\/wp\/v2\/pages\/2198\/revisions\/2200"}],"up":[{"embeddable":true,"href":"https:\/\/kylat.meitadev.fi\/kanava\/wp-json\/wp\/v2\/pages\/592"}],"wp:attachment":[{"href":"https:\/\/kylat.meitadev.fi\/kanava\/wp-json\/wp\/v2\/media?parent=2198"}],"curies":[{"name":"wp","href":"https:\/\/api.w.org\/{rel}","templated":true}]}}