{"id":221,"date":"2011-04-06T23:59:08","date_gmt":"2011-04-06T20:59:08","guid":{"rendered":"https:\/\/kylat.meitadev.fi\/kanava\/?page_id=221"},"modified":"2014-01-03T21:16:04","modified_gmt":"2014-01-03T19:16:04","slug":"saannot","status":"publish","type":"page","link":"https:\/\/kylat.meitadev.fi\/kanava\/kylayhdistys\/saannot\/","title":{"rendered":"S\u00e4\u00e4nn\u00f6t"},"content":{"rendered":"<p>1 \u00a7 NIMI JA KOTIPAIKKA<br \/>\nYhdistyksen nimi on Saimaan kanavan kyl\u00e4yhdistys ry ja sen kotipaikka on Lappeenranta. Toimialueena on Kansolan, Karhusj\u00e4rven, K\u00e4h\u00e4ril\u00e4n, Lempi\u00e4l\u00e4n, Lyytikk\u00e4l\u00e4n, Pajarilan ja Rasalan kyl\u00e4t.<\/p>\n<p>2 \u00a7 TARKOITUS JA TOIMINNAN LAATU<br \/>\nKyl\u00e4yhdistyksen tarkoituksena on edist\u00e4\u00e4 kylien asukkaiden yhteisty\u00f6t\u00e4, omatoimisuutta, kylien elinkelpoisuutta sek\u00e4 toimia sen asukkaiden yleisten ja yhteisten etujen valvojana, pyrki\u00e4 edist\u00e4m\u00e4\u00e4n kylien asukkaiden toimeentulomahdollisuuksien yleisi\u00e4 edellytyksi\u00e4, kylien viihtyvyytt\u00e4, harrastus- ja kulttuuritoimintaa ja yhteisty\u00f6t\u00e4, sek\u00e4 pyrki\u00e4 edist\u00e4m\u00e4\u00e4n palveluiden s\u00e4ilymist\u00e4 alueella.<\/p>\n<p>Tarkoituksensa toteuttamiseksi yhdistys:<\/p>\n<ul>\n<li>kylien etuj\u00e4rjest\u00f6n\u00e4 osallistuu kyli\u00e4 koskevaan suunnitteluun ja pyrkii vaikuttamaan kyl\u00e4n kannalta my\u00f6nteiseen p\u00e4\u00e4t\u00f6ksentekoon eri organisaatioissa,<\/li>\n<li>tekee aloitteita ja esityksi\u00e4, antaa lausuntoja viranomaisille ja muille j\u00e4rjest\u00f6ille sek\u00e4 pyrkii osallistumaan kylien kehitt\u00e4mistoiminnan suunnitteluun ja toteutukseen,<\/li>\n<li>toteuttaa kylien elinkelpoisuutta, sen asukkaiden viihtyvyytt\u00e4 ja hyvinvointia sek\u00e4 palveluiden s\u00e4ilytt\u00e4misen ja luomisen yleisi\u00e4 edellytyksi\u00e4 edist\u00e4vi\u00e4 hankkeita ja toimenpiteit\u00e4,<\/li>\n<li>j\u00e4rjest\u00e4\u00e4 kokouksia, kursseja, retki\u00e4, liikunta- ja huvitilaisuuksia,<\/li>\n<li>toimii muillakin edellisiin verrattavilla tavoilla tarkoituksensa toteuttamiseksi.<\/li>\n<\/ul>\n<p>Toimintansa tukemiseksi yhdistys voi harjoittaa julkaisutoimintaa sek\u00e4 asianmukaisen luvan saatuaan toimeenpanna arpajaisia ja myyj\u00e4isi\u00e4 sek\u00e4 huutokauppoja ja rahanker\u00e4yksi\u00e4 sek\u00e4 harjoittaa sellaista elinkeinoa tai ansiotoimintaa, joka kytkeytyy v\u00e4litt\u00f6m\u00e4sti s\u00e4\u00e4nn\u00f6iss\u00e4 m\u00e4\u00e4r\u00e4tyn tarkoituksen toteuttamiseen. Yhdistys voi ottaa vastaan testamentteja ja lahjoituksia sek\u00e4 omistaa ja hallita toimintaansa varten tarpeellista kiinte\u00e4\u00e4 ja irtainta omaisuutta.<\/p>\n<p>Yhdistys on puoluepoliittisesti sitoutumaton.<\/p>\n<p>3 \u00a7 J\u00c4SENIST\u00d6<br \/>\nYhdistyksen varsinaiseksi j\u00e4seneksi voidaan hyv\u00e4ksy\u00e4 henkil\u00f6, joka on kiinnostunut yhdistyksen toiminnasta ja hyv\u00e4ksyy sen tarkoituksen.<\/p>\n<p>Kannattajaj\u00e4seneksi voidaan hyv\u00e4ksy\u00e4 yksityinen henkil\u00f6 tai oikeuskelpoinen yhteis\u00f6, joka haluaa tukea yhdistyksen tarkoitusta ja toimintaa.<\/p>\n<p>4 \u00a7 J\u00c4SENEN EROAMINEN JA EROTTAMINEN<br \/>\nJ\u00e4senell\u00e4 on oikeus erota yhdistyksest\u00e4 ilmoittamalla siit\u00e4 kirjallisesti kyl\u00e4toimikunnalle tai sen puheenjohtajalle taikka ilmoittamalla erosta yhdistyksen kokouksessa merkitt\u00e4v\u00e4ksi p\u00f6yt\u00e4kirjaan.<\/p>\n<p>Kyl\u00e4toimikunta voi erottaa j\u00e4senen yhdistyksest\u00e4, jos j\u00e4sen on j\u00e4tt\u00e4nyt er\u00e4\u00e4ntyneen j\u00e4senmaksunsa maksamatta tai muuten j\u00e4tt\u00e4nyt t\u00e4ytt\u00e4m\u00e4tt\u00e4 ne velvoitukset, joihin h\u00e4n on yhdistykseen liittym\u00e4ll\u00e4 sitoutunut tai on menettelyll\u00e4\u00e4n yhdistyksess\u00e4 tai sen ulkopuolella huomattavasti vahingoittanut yhdistyst\u00e4.<\/p>\n<p>5 \u00a7 LIITTYMIS- JA J\u00c4SENMAKSU<br \/>\nVarsinaisilta j\u00e4senilt\u00e4 ja kannattajaj\u00e4senilt\u00e4 peritt\u00e4v\u00e4n liittymismaksun ja vuotuisen j\u00e4senmaksun suuruudesta erikseen kummallekin j\u00e4senryhm\u00e4lle p\u00e4\u00e4tt\u00e4\u00e4 vuosikokous. Maksu voi olla eri suuruinen kannattajaj\u00e4senen\u00e4 olevalle yhteis\u00f6lle.<\/p>\n<p>6 \u00a7 KYL\u00c4TOIMIKUNTA<br \/>\nYhdistyksen asioita hoitaa hallitus, josta k\u00e4ytet\u00e4\u00e4n n\u00e4iss\u00e4 s\u00e4\u00e4nn\u00f6iss\u00e4 nimityst\u00e4 kyl\u00e4toimikunta.<\/p>\n<p>Kyl\u00e4toimikuntaan kuuluu syyskokouksen yhdeksi (1) kalenterivuodeksi kerrallaan valittu puheenjohtaja ja kahdeksi kalenterivuodeksi kerrallaan valitut v\u00e4hint\u00e4\u00e4n kahdeksan (8) sek\u00e4 enint\u00e4\u00e4n kahdeksantoista (18) muuta j\u00e4sent\u00e4.<\/p>\n<p>Kyl\u00e4toimikunnan j\u00e4senist\u00e4 puolet on erovuoroisia vuosittain, ensimm\u00e4isen\u00e4 (1.) vuotena erovuoroiset j\u00e4senet ratkaistaan arvalla.<\/p>\n<p>Kyl\u00e4toimikunta valitsee keskuudestaan varapuheenjohtajan, sihteerin sek\u00e4 muut tarvittavat toimihenkil\u00f6t toimikautensa ajaksi. Kyl\u00e4toimikunnan puheenjohtajana voi toimia yht\u00e4jaksoisesti enint\u00e4\u00e4n kahdeksan (8) kalenterivuoden ajan.<\/p>\n<p>Kyl\u00e4toimikunta voi asettaa asioiden valmistelua varten ty\u00f6ryhmi\u00e4 tai kutsua asiantuntijoita niit\u00e4 hoitamaan.<\/p>\n<p>Kyl\u00e4toimikunta kokoontuu puheenjohtajan tai h\u00e4nen estyneen\u00e4 ollessa varapuheenjohtajan kutsusta tai kun v\u00e4hint\u00e4\u00e4n puolet hallituksen j\u00e4senist\u00e4 sit\u00e4 vaatii. Kyl\u00e4toimikunta on p\u00e4\u00e4t\u00f6svaltainen, kun v\u00e4hint\u00e4\u00e4n puolet sen j\u00e4senist\u00e4 on l\u00e4sn\u00e4. Elleiv\u00e4t puheenjohtaja tai varapuheenjohtaja ole saapuvilla kokouksessa, valitaan siksi kerraksi joku kyl\u00e4toimikunnan j\u00e4senist\u00e4 puhetta johtamaan.<\/p>\n<p>\u00c4\u00e4nestykset ratkaistaan yksinkertaisella \u00e4\u00e4nten enemmist\u00f6ll\u00e4. \u00c4\u00e4nten menness\u00e4 tasan ratkaisee puheenjohtajan \u00e4\u00e4ni, vaaleissa kuitenkin arpa. Kokouksista on pidett\u00e4v\u00e4 p\u00e4\u00e4t\u00f6sp\u00f6yt\u00e4kirjaa.<\/p>\n<p>7 \u00a7 YHDISTYKSEN NIMEN KIRJOITTAMINEN<br \/>\nYhdistyksen nimen kirjoittaa kyl\u00e4toiminkunnan puheenjohtaja tai varapuheenjohtaja jompikumpi yhdess\u00e4 sihteerin tai rahastonhoitajan kanssa.<\/p>\n<p>8 \u00a7 TILIKAUSI JA TILINTARKASTUS<br \/>\nYhdistyksen tilikausi on kalenterivuosi. Tilinp\u00e4\u00e4t\u00f6s tarvittavine asiakirjoineen ja kyl\u00e4toimikunnan vuosikertomus on annettava tilintarkastajille\/toiminnantarkastajille viimeist\u00e4\u00e4n 30 p\u00e4iv\u00e4\u00e4 ennen syyskokousta. Tilintarkastajien\/toiminnantarkastajien tulee antaa kirjallinen lausuntonsa kyl\u00e4toimikunnalle viimeist\u00e4\u00e4n kaksi (2) viikkoa ennen vuosikokousta.<\/p>\n<p>9 \u00a7 YHDISTYKSEN KOKOUKSET<br \/>\nYhdistys pit\u00e4\u00e4 vuosittain kaksi (2) varsinaista kokousta. Yhdistyksen kev\u00e4tkokous pidet\u00e4\u00e4n tammi-helmikuussa ja syyskokous loka-joulukuussa kyl\u00e4toimikunnan m\u00e4\u00e4r\u00e4\u00e4m\u00e4n\u00e4 aikana.<\/p>\n<p>Ylim\u00e4\u00e4r\u00e4inen kokous pidet\u00e4\u00e4n, kun yhdistyksen kokous niin p\u00e4\u00e4tt\u00e4\u00e4 tai kun kyl\u00e4toimikunta katsoo siihen olevan aihetta tai kun v\u00e4hint\u00e4\u00e4n yksi kymmenesosa (1\/10) yhdistyksen \u00e4\u00e4nioikeutetuista j\u00e4senist\u00e4 sit\u00e4 hallitukselta erityisesti ilmoitettua asiaa varten kirjallisesti vaatii.<\/p>\n<p>Yhdistyksen kokouksissa on jokaisella varsinaisella j\u00e4senell\u00e4 yksi \u00e4\u00e4ni. Kannattajaj\u00e4senell\u00e4 on kokouksessa l\u00e4sn\u00e4olo- ja puheoikeus, mutta ei \u00e4\u00e4nioikeutta.<\/p>\n<p>Yhdistyksen p\u00e4\u00e4t\u00f6kseksi tulee se mielipide, jota on kannattanut yli puolet annetuista \u00e4\u00e4nist\u00e4. \u00c4\u00e4nestykset ratkaistaan yksinkertaisella \u00e4\u00e4nten enemmist\u00f6ll\u00e4. \u00c4\u00e4nten menness\u00e4 tasan ratkaisee kokouksen puheenjohtajan \u00e4\u00e4ni, vaaleissa kuitenkin arpa.<\/p>\n<p>10 \u00a7 YHDISTYKSEN KOKOUSTEN KOOLLEKUTSUMINEN<br \/>\nKyl\u00e4toimikunnan on kutsuttava yhdistyksen kokoukset koolle v\u00e4hint\u00e4\u00e4n seitsem\u00e4n (7) vuorokautta ennen kokousta joko j\u00e4senille postitetuilla kirjeill\u00e4 tai jaetuilla kutsuilla tai kyl\u00e4toimikunnan ilmoitustauluille kiinnitetyill\u00e4 kokousilmoituksilla tai s\u00e4hk\u00f6postitse.<\/p>\n<p>11 \u00a7 VARSINAISET KOKOUKSET<br \/>\nYhdistyksen kev\u00e4tkokouksessa k\u00e4sitell\u00e4\u00e4n seuraavat asiat:<\/p>\n<ul>\n<li>kokouksen avaus<\/li>\n<li>valitaan kokouksen puheenjohtaja, sihteeri, kaksi p\u00f6yt\u00e4kirjantarkastajaa ja tarvittaessa kaksi \u00e4\u00e4ntenlaskijaa<\/li>\n<li>todetaan kokouksen laillisuus ja p\u00e4\u00e4t\u00f6svaltaisuus<\/li>\n<li>hyv\u00e4ksyt\u00e4\u00e4n kokouksen ty\u00f6j\u00e4rjestys<\/li>\n<li>esitet\u00e4\u00e4n toimintasuunnitelma ja tulo- ja menoarvio<\/li>\n<li>vahvistetaan toimintasuunnitelma, tulo- ja menoarvio sek\u00e4 p\u00e4\u00e4tet\u00e4\u00e4n j\u00e4senmaksun suuruudesta<\/li>\n<li>k\u00e4sitell\u00e4\u00e4n muut kokouskutsussa mainitut asiat.<\/li>\n<\/ul>\n<p>Yhdistyksen syyskokouksessa k\u00e4sitell\u00e4\u00e4n seuraavat asiat:<\/p>\n<ul>\n<li>kokouksen avaus<\/li>\n<li>valitaan kokouksen puheenjohtaja, sihteeri ja kaksi p\u00f6yt\u00e4kirjantarkastajaa<\/li>\n<li>todetaan kokouksen laillisuus ja p\u00e4\u00e4t\u00f6svaltaisuus<\/li>\n<li>hyv\u00e4ksyt\u00e4\u00e4n kokouksen ty\u00f6j\u00e4rjestys<\/li>\n<li>valitaan 1 &#8211; 2 tilintarkastajaa\/toiminnantarkastajaa ja heille varahenkil\u00f6t seuraavalle tilikaudelle<\/li>\n<li>vahvistetaan toimintakertomus<\/li>\n<li>esitet\u00e4\u00e4n tilinp\u00e4\u00e4t\u00f6s ja tilintarkastajien lausunto<\/li>\n<li>p\u00e4\u00e4tet\u00e4\u00e4n tilinp\u00e4\u00e4t\u00f6ksen vahvistamisesta ja vastuuvapauden my\u00f6nt\u00e4misest\u00e4 kyl\u00e4toimikunnan j\u00e4senille ja muille vastuuvelvollisille<\/li>\n<li>valitaan kyl\u00e4toimikunnan puheenjohtaja ja muut j\u00e4senet erovuoroisten tilalle<\/li>\n<li>p\u00e4\u00e4tet\u00e4\u00e4n hallituksen j\u00e4senten ja tilintarkastajien palkkioista<\/li>\n<li>k\u00e4sitell\u00e4\u00e4n muut kokouskutsussa mainitut asiat.<\/li>\n<\/ul>\n","protected":false},"excerpt":{"rendered":"<p>1 \u00a7 NIMI JA KOTIPAIKKA Yhdistyksen nimi on Saimaan kanavan kyl\u00e4yhdistys ry ja sen kotipaikka on Lappeenranta. Toimialueena on Kansolan, Karhusj\u00e4rven, K\u00e4h\u00e4ril\u00e4n, Lempi\u00e4l\u00e4n, Lyytikk\u00e4l\u00e4n, Pajarilan ja Rasalan kyl\u00e4t. 2 \u00a7 TARKOITUS JA TOIMINNAN LAATU Kyl\u00e4yhdistyksen tarkoituksena on edist\u00e4\u00e4 kylien asukkaiden &hellip; <a href=\"https:\/\/kylat.meitadev.fi\/kanava\/kylayhdistys\/saannot\/\">Lue loppuun <span class=\"meta-nav\">&rarr;<\/span><\/a><\/p>\n","protected":false},"author":10,"featured_media":0,"parent":214,"menu_order":0,"comment_status":"closed","ping_status":"closed","template":"onecolumn-page.php","meta":{"footnotes":""},"_links":{"self":[{"href":"https:\/\/kylat.meitadev.fi\/kanava\/wp-json\/wp\/v2\/pages\/221"}],"collection":[{"href":"https:\/\/kylat.meitadev.fi\/kanava\/wp-json\/wp\/v2\/pages"}],"about":[{"href":"https:\/\/kylat.meitadev.fi\/kanava\/wp-json\/wp\/v2\/types\/page"}],"author":[{"embeddable":true,"href":"https:\/\/kylat.meitadev.fi\/kanava\/wp-json\/wp\/v2\/users\/10"}],"replies":[{"embeddable":true,"href":"https:\/\/kylat.meitadev.fi\/kanava\/wp-json\/wp\/v2\/comments?post=221"}],"version-history":[{"count":10,"href":"https:\/\/kylat.meitadev.fi\/kanava\/wp-json\/wp\/v2\/pages\/221\/revisions"}],"predecessor-version":[{"id":1592,"href":"https:\/\/kylat.meitadev.fi\/kanava\/wp-json\/wp\/v2\/pages\/221\/revisions\/1592"}],"up":[{"embeddable":true,"href":"https:\/\/kylat.meitadev.fi\/kanava\/wp-json\/wp\/v2\/pages\/214"}],"wp:attachment":[{"href":"https:\/\/kylat.meitadev.fi\/kanava\/wp-json\/wp\/v2\/media?parent=221"}],"curies":[{"name":"wp","href":"https:\/\/api.w.org\/{rel}","templated":true}]}}