{"id":2218,"date":"2017-02-19T22:01:55","date_gmt":"2017-02-19T20:01:55","guid":{"rendered":"https:\/\/kylat.meitadev.fi\/kanava\/?page_id=2218"},"modified":"2017-02-19T22:01:55","modified_gmt":"2017-02-19T20:01:55","slug":"lasten-hiihtokilpailut-2017","status":"publish","type":"page","link":"https:\/\/kylat.meitadev.fi\/kanava\/tapahtumat\/lasten-hiihtokilpailut-2017\/","title":{"rendered":"Lasten hiihtokilpailut 2017"},"content":{"rendered":"<p>Vuoden 2017 lasten hiihtokilpailut j\u00e4rjestettiin sunnuntaina 19.2. Yleis\u00f6\u00e4 hiihtotapahtumassa oli noin viitisenkymment\u00e4 kisailijoiden lis\u00e4ksi. T\u00e4ll\u00e4 kertaa s\u00e4\u00e4 oli sek\u00e4 j\u00e4rjest\u00e4jille ett\u00e4 osallistujille haasteellinen. M\u00e4rk\u00e4\u00e4 lunta oli tullut aamun aikana taivaan t\u00e4ydelt\u00e4 ja lumisade jatkui koko kisan ajan. Ladut saatiin kuitenkin ajettua hiihtokuntoon ennen kilpailua. Nuorimmat hiihtiv\u00e4t urheilukent\u00e4n ymp\u00e4ri (150 m) ja vanhin ik\u00e4ryhm\u00e4 pururatalenkin (n. 1 km).<\/p>\n<p>Palkintoseremoniassa palkittiin tyytyv\u00e4iset kilpailijat. Kaikki paikalla olijat nauttivat kisan ohella pitopalvelun antimista eli kahvista, mehusta, pullasta ja makkarasta!<\/p>\n<p>Loppujen lopuksi saatiin j\u00e4lleen onnistunut tapahtuma aikaiseksi \ud83d\ude42 Sivun lopussa muutama kuva tapahtumasta.<\/p>\n<p>TULOKSET:<\/p>\n<table width=\"500\">\n<tbody>\n<tr>\n<td width=\"80\"><strong>Sarja<\/strong><\/td>\n<td width=\"100\"><strong>Tyt\u00f6t<\/strong><\/td>\n<td width=\"80\"><strong>Aika<\/strong><\/td>\n<td width=\"100\"><strong>Pojat<\/strong><\/td>\n<td width=\"80\"><strong>Aika<\/strong><\/td>\n<\/tr>\n<tr>\n<td>2014<\/td>\n<td><\/td>\n<td><\/td>\n<td>1. Luka Kuukka<\/td>\n<td>5.55<\/td>\n<\/tr>\n<tr>\n<td>2013<\/td>\n<td>1. Toini Mikonsaari<\/td>\n<td>ei aikaa<\/td>\n<td>1. Akseli Talonpoika<\/td>\n<td>ei aikaa<\/td>\n<\/tr>\n<tr>\n<td>2011<\/td>\n<td>1. Ilona Heimala<\/td>\n<td>1.52<\/td>\n<td>1. Arttu Talonpoika<\/td>\n<td>4.05<\/td>\n<\/tr>\n<tr>\n<td><\/td>\n<td><\/td>\n<td><\/td>\n<td>2. Viljo Mikonsaari<\/td>\n<td>5.36<\/td>\n<\/tr>\n<tr>\n<td>2010<\/td>\n<td>1. Elsa Mikonsaari<\/td>\n<td>1.17<\/td>\n<td>1. Lenni Kuukka<\/td>\n<td>1.43<\/td>\n<\/tr>\n<tr>\n<td><\/td>\n<td>2. Aino Lempi\u00e4inen<\/td>\n<td>2.21<\/td>\n<td>2. Sakari Kosunen<\/td>\n<td>1.58<\/td>\n<\/tr>\n<tr>\n<td>2009<\/td>\n<td>1. Aino Talonpoika<\/td>\n<td>1.31<\/td>\n<td>1. Vilppu Heimala<\/td>\n<td>1.56<\/td>\n<\/tr>\n<tr>\n<td>2008<\/td>\n<td>1. Sini Talonpoika<\/td>\n<td>1.32<\/td>\n<td><\/td>\n<td><\/td>\n<\/tr>\n<tr>\n<td>2007<\/td>\n<td><\/td>\n<td><\/td>\n<td>1. Oskari Kosunen<\/td>\n<td>9.04<\/td>\n<\/tr>\n<tr>\n<td><\/td>\n<td><\/td>\n<td><\/td>\n<td>2. Mikko Lempi\u00e4inen<\/td>\n<td>10.13<\/td>\n<\/tr>\n<\/tbody>\n<\/table>\n<p><a href=\"https:\/\/kylat.meitadev.fi\/kanava\/wp-content\/uploads\/sites\/7\/2017\/02\/hiihto17_kisapaikka1.jpg\" target=\"_blank\"><img loading=\"lazy\" decoding=\"async\" class=\"aligncenter wp-image-2220 size-medium\" src=\"https:\/\/kylat.meitadev.fi\/kanava\/wp-content\/uploads\/sites\/7\/2017\/02\/hiihto17_kisapaikka1-300x225.jpg\" width=\"300\" height=\"225\" srcset=\"https:\/\/kylat.meitadev.fi\/kanava\/wp-content\/uploads\/sites\/7\/2017\/02\/hiihto17_kisapaikka1-300x225.jpg 300w, https:\/\/kylat.meitadev.fi\/kanava\/wp-content\/uploads\/sites\/7\/2017\/02\/hiihto17_kisapaikka1-768x576.jpg 768w, https:\/\/kylat.meitadev.fi\/kanava\/wp-content\/uploads\/sites\/7\/2017\/02\/hiihto17_kisapaikka1-400x300.jpg 400w, https:\/\/kylat.meitadev.fi\/kanava\/wp-content\/uploads\/sites\/7\/2017\/02\/hiihto17_kisapaikka1.jpg 800w\" sizes=\"(max-width: 300px) 100vw, 300px\" \/><\/a> <a href=\"https:\/\/kylat.meitadev.fi\/kanava\/wp-content\/uploads\/sites\/7\/2017\/02\/hiihto17_kisapaikka2.jpg\" target=\"_blank\"><img loading=\"lazy\" decoding=\"async\" class=\"aligncenter wp-image-2221 size-medium\" src=\"https:\/\/kylat.meitadev.fi\/kanava\/wp-content\/uploads\/sites\/7\/2017\/02\/hiihto17_kisapaikka2-300x225.jpg\" width=\"300\" height=\"225\" srcset=\"https:\/\/kylat.meitadev.fi\/kanava\/wp-content\/uploads\/sites\/7\/2017\/02\/hiihto17_kisapaikka2-300x225.jpg 300w, https:\/\/kylat.meitadev.fi\/kanava\/wp-content\/uploads\/sites\/7\/2017\/02\/hiihto17_kisapaikka2-768x576.jpg 768w, https:\/\/kylat.meitadev.fi\/kanava\/wp-content\/uploads\/sites\/7\/2017\/02\/hiihto17_kisapaikka2-400x300.jpg 400w, https:\/\/kylat.meitadev.fi\/kanava\/wp-content\/uploads\/sites\/7\/2017\/02\/hiihto17_kisapaikka2.jpg 800w\" sizes=\"(max-width: 300px) 100vw, 300px\" \/><\/a> <a href=\"https:\/\/kylat.meitadev.fi\/kanava\/wp-content\/uploads\/sites\/7\/2017\/02\/hiihto17_makkaranpaistoa.jpg\" target=\"_blank\"><img loading=\"lazy\" decoding=\"async\" class=\"aligncenter wp-image-2222 size-medium\" src=\"https:\/\/kylat.meitadev.fi\/kanava\/wp-content\/uploads\/sites\/7\/2017\/02\/hiihto17_makkaranpaistoa-300x225.jpg\" width=\"300\" height=\"225\" srcset=\"https:\/\/kylat.meitadev.fi\/kanava\/wp-content\/uploads\/sites\/7\/2017\/02\/hiihto17_makkaranpaistoa-300x225.jpg 300w, https:\/\/kylat.meitadev.fi\/kanava\/wp-content\/uploads\/sites\/7\/2017\/02\/hiihto17_makkaranpaistoa-768x576.jpg 768w, https:\/\/kylat.meitadev.fi\/kanava\/wp-content\/uploads\/sites\/7\/2017\/02\/hiihto17_makkaranpaistoa-400x300.jpg 400w, https:\/\/kylat.meitadev.fi\/kanava\/wp-content\/uploads\/sites\/7\/2017\/02\/hiihto17_makkaranpaistoa.jpg 800w\" sizes=\"(max-width: 300px) 100vw, 300px\" \/><\/a> <a href=\"https:\/\/kylat.meitadev.fi\/kanava\/wp-content\/uploads\/sites\/7\/2017\/02\/hiihto17_palkjako1.jpg\" target=\"_blank\"><img loading=\"lazy\" decoding=\"async\" class=\"aligncenter wp-image-2223 size-medium\" src=\"https:\/\/kylat.meitadev.fi\/kanava\/wp-content\/uploads\/sites\/7\/2017\/02\/hiihto17_palkjako1-300x225.jpg\" width=\"300\" height=\"225\" srcset=\"https:\/\/kylat.meitadev.fi\/kanava\/wp-content\/uploads\/sites\/7\/2017\/02\/hiihto17_palkjako1-300x225.jpg 300w, https:\/\/kylat.meitadev.fi\/kanava\/wp-content\/uploads\/sites\/7\/2017\/02\/hiihto17_palkjako1-400x300.jpg 400w, https:\/\/kylat.meitadev.fi\/kanava\/wp-content\/uploads\/sites\/7\/2017\/02\/hiihto17_palkjako1.jpg 709w\" sizes=\"(max-width: 300px) 100vw, 300px\" \/><\/a> <a href=\"https:\/\/kylat.meitadev.fi\/kanava\/wp-content\/uploads\/sites\/7\/2017\/02\/hiihto17_palkjako2.jpg\" target=\"_blank\"><img loading=\"lazy\" decoding=\"async\" class=\"aligncenter wp-image-2224 size-medium\" src=\"https:\/\/kylat.meitadev.fi\/kanava\/wp-content\/uploads\/sites\/7\/2017\/02\/hiihto17_palkjako2-300x169.jpg\" width=\"300\" height=\"169\" srcset=\"https:\/\/kylat.meitadev.fi\/kanava\/wp-content\/uploads\/sites\/7\/2017\/02\/hiihto17_palkjako2-300x169.jpg 300w, https:\/\/kylat.meitadev.fi\/kanava\/wp-content\/uploads\/sites\/7\/2017\/02\/hiihto17_palkjako2-768x432.jpg 768w, https:\/\/kylat.meitadev.fi\/kanava\/wp-content\/uploads\/sites\/7\/2017\/02\/hiihto17_palkjako2-500x281.jpg 500w, https:\/\/kylat.meitadev.fi\/kanava\/wp-content\/uploads\/sites\/7\/2017\/02\/hiihto17_palkjako2.jpg 800w\" sizes=\"(max-width: 300px) 100vw, 300px\" \/><\/a> <a href=\"https:\/\/kylat.meitadev.fi\/kanava\/wp-content\/uploads\/sites\/7\/2017\/02\/hiihto17_palkjako3.jpg\" target=\"_blank\"><img loading=\"lazy\" decoding=\"async\" class=\"aligncenter wp-image-2225 size-medium\" src=\"https:\/\/kylat.meitadev.fi\/kanava\/wp-content\/uploads\/sites\/7\/2017\/02\/hiihto17_palkjako3-300x169.jpg\" width=\"300\" height=\"169\" srcset=\"https:\/\/kylat.meitadev.fi\/kanava\/wp-content\/uploads\/sites\/7\/2017\/02\/hiihto17_palkjako3-300x169.jpg 300w, https:\/\/kylat.meitadev.fi\/kanava\/wp-content\/uploads\/sites\/7\/2017\/02\/hiihto17_palkjako3-768x432.jpg 768w, https:\/\/kylat.meitadev.fi\/kanava\/wp-content\/uploads\/sites\/7\/2017\/02\/hiihto17_palkjako3-500x281.jpg 500w, https:\/\/kylat.meitadev.fi\/kanava\/wp-content\/uploads\/sites\/7\/2017\/02\/hiihto17_palkjako3.jpg 800w\" sizes=\"(max-width: 300px) 100vw, 300px\" \/><\/a> <a href=\"https:\/\/kylat.meitadev.fi\/kanava\/wp-content\/uploads\/sites\/7\/2017\/02\/hiihto17_palkjako4.jpg\" target=\"_blank\"><img loading=\"lazy\" decoding=\"async\" class=\"alignleft wp-image-2226 size-medium\" src=\"https:\/\/kylat.meitadev.fi\/kanava\/wp-content\/uploads\/sites\/7\/2017\/02\/hiihto17_palkjako4-169x300.jpg\" width=\"169\" height=\"300\" srcset=\"https:\/\/kylat.meitadev.fi\/kanava\/wp-content\/uploads\/sites\/7\/2017\/02\/hiihto17_palkjako4-169x300.jpg 169w, https:\/\/kylat.meitadev.fi\/kanava\/wp-content\/uploads\/sites\/7\/2017\/02\/hiihto17_palkjako4.jpg 450w\" sizes=\"(max-width: 169px) 100vw, 169px\" \/><\/a> <a href=\"https:\/\/kylat.meitadev.fi\/kanava\/wp-content\/uploads\/sites\/7\/2017\/02\/hiihto17_palkjako5.jpg\" target=\"_blank\"><img loading=\"lazy\" decoding=\"async\" class=\"alignright wp-image-2227 size-medium\" src=\"https:\/\/kylat.meitadev.fi\/kanava\/wp-content\/uploads\/sites\/7\/2017\/02\/hiihto17_palkjako5-169x300.jpg\" width=\"169\" height=\"300\" srcset=\"https:\/\/kylat.meitadev.fi\/kanava\/wp-content\/uploads\/sites\/7\/2017\/02\/hiihto17_palkjako5-169x300.jpg 169w, https:\/\/kylat.meitadev.fi\/kanava\/wp-content\/uploads\/sites\/7\/2017\/02\/hiihto17_palkjako5.jpg 450w\" sizes=\"(max-width: 169px) 100vw, 169px\" \/><\/a><\/p>\n<p>&nbsp;<\/p>\n","protected":false},"excerpt":{"rendered":"<p>Vuoden 2017 lasten hiihtokilpailut j\u00e4rjestettiin sunnuntaina 19.2. Yleis\u00f6\u00e4 hiihtotapahtumassa oli noin viitisenkymment\u00e4 kisailijoiden lis\u00e4ksi. T\u00e4ll\u00e4 kertaa s\u00e4\u00e4 oli sek\u00e4 j\u00e4rjest\u00e4jille ett\u00e4 osallistujille haasteellinen. M\u00e4rk\u00e4\u00e4 lunta oli tullut aamun aikana taivaan t\u00e4ydelt\u00e4 ja lumisade jatkui koko kisan ajan. Ladut saatiin kuitenkin &hellip; <a href=\"https:\/\/kylat.meitadev.fi\/kanava\/tapahtumat\/lasten-hiihtokilpailut-2017\/\">Lue loppuun <span class=\"meta-nav\">&rarr;<\/span><\/a><\/p>\n","protected":false},"author":10,"featured_media":0,"parent":592,"menu_order":0,"comment_status":"closed","ping_status":"closed","template":"","meta":{"footnotes":""},"_links":{"self":[{"href":"https:\/\/kylat.meitadev.fi\/kanava\/wp-json\/wp\/v2\/pages\/2218"}],"collection":[{"href":"https:\/\/kylat.meitadev.fi\/kanava\/wp-json\/wp\/v2\/pages"}],"about":[{"href":"https:\/\/kylat.meitadev.fi\/kanava\/wp-json\/wp\/v2\/types\/page"}],"author":[{"embeddable":true,"href":"https:\/\/kylat.meitadev.fi\/kanava\/wp-json\/wp\/v2\/users\/10"}],"replies":[{"embeddable":true,"href":"https:\/\/kylat.meitadev.fi\/kanava\/wp-json\/wp\/v2\/comments?post=2218"}],"version-history":[{"count":2,"href":"https:\/\/kylat.meitadev.fi\/kanava\/wp-json\/wp\/v2\/pages\/2218\/revisions"}],"predecessor-version":[{"id":2228,"href":"https:\/\/kylat.meitadev.fi\/kanava\/wp-json\/wp\/v2\/pages\/2218\/revisions\/2228"}],"up":[{"embeddable":true,"href":"https:\/\/kylat.meitadev.fi\/kanava\/wp-json\/wp\/v2\/pages\/592"}],"wp:attachment":[{"href":"https:\/\/kylat.meitadev.fi\/kanava\/wp-json\/wp\/v2\/media?parent=2218"}],"curies":[{"name":"wp","href":"https:\/\/api.w.org\/{rel}","templated":true}]}}