{"id":223,"date":"2011-04-07T00:00:37","date_gmt":"2011-04-06T21:00:37","guid":{"rendered":"https:\/\/kylat.meitadev.fi\/kanava\/?page_id=223"},"modified":"2020-01-19T18:23:25","modified_gmt":"2020-01-19T16:23:25","slug":"toimintasuunnitelma","status":"publish","type":"page","link":"https:\/\/kylat.meitadev.fi\/kanava\/kylayhdistys\/toimintasuunnitelma\/","title":{"rendered":"Toimintasuunnitelma"},"content":{"rendered":"<h1>Saimaan kanavan kyl\u00e4yhdistyksen toimintasuunnitelma vuodelle 2020<\/h1>\n<p>KOKOUKSET<\/p>\n<ul>\n<li><span style=\"font-weight: 300\">Kokouksia tarpeen mukaan<\/span><\/li>\n<li><span style=\"font-weight: 300\">Kokoontumispaikkana Kanavan liikuntahalli<\/span><\/li>\n<\/ul>\n<p>SUUNNITELTUJA TAPAHTUMIA VUODELLE 2020<\/p>\n<ul>\n<li>Saimaan hiihdon mehuasema<\/li>\n<li>onkikilpailut<\/li>\n<li>kes\u00e4juhlat<\/li>\n<li>pikkujoulut<\/li>\n<li>teatterimatka<\/li>\n<li>askarteluilta<\/li>\n<li>j\u00e4\u00e4kiekkokaukalon talvikunnossapito<\/li>\n<li>jalkapallokent\u00e4n kes\u00e4kunnossapito<\/li>\n<li>sulkapallomestaruuskisat<\/li>\n<li>frisbeegolfkisat<\/li>\n<li>lasten hiihtokilpailut<\/li>\n<li>lasten kes\u00e4kisat<\/li>\n<li>kyl\u00e4py\u00f6r\u00e4ily<\/li>\n<li>ulkoliikuntav\u00e4lineiden hankinta ja asennus<\/li>\n<li>liikuntahallin palo-ovien muutosty\u00f6t<\/li>\n<\/ul>\n<p>MUUT AJANKOHTAISET ASIAT<\/p>\n<ul>\n<li>jumpat naisille ja miehille sek\u00e4 tuolijumppa jatkuvat normaalisti<\/li>\n<li>halli on kaikkien k\u00e4yt\u00f6ss\u00e4<\/li>\n<\/ul>\n","protected":false},"excerpt":{"rendered":"<p>Saimaan kanavan kyl\u00e4yhdistyksen toimintasuunnitelma vuodelle 2020 KOKOUKSET Kokouksia tarpeen mukaan Kokoontumispaikkana Kanavan liikuntahalli SUUNNITELTUJA TAPAHTUMIA VUODELLE 2020 Saimaan hiihdon mehuasema onkikilpailut kes\u00e4juhlat pikkujoulut teatterimatka askarteluilta j\u00e4\u00e4kiekkokaukalon talvikunnossapito jalkapallokent\u00e4n kes\u00e4kunnossapito sulkapallomestaruuskisat frisbeegolfkisat lasten hiihtokilpailut lasten kes\u00e4kisat kyl\u00e4py\u00f6r\u00e4ily ulkoliikuntav\u00e4lineiden hankinta ja asennus &hellip; <a href=\"https:\/\/kylat.meitadev.fi\/kanava\/kylayhdistys\/toimintasuunnitelma\/\">Lue loppuun <span class=\"meta-nav\">&rarr;<\/span><\/a><\/p>\n","protected":false},"author":10,"featured_media":0,"parent":214,"menu_order":0,"comment_status":"closed","ping_status":"closed","template":"","meta":{"footnotes":""},"_links":{"self":[{"href":"https:\/\/kylat.meitadev.fi\/kanava\/wp-json\/wp\/v2\/pages\/223"}],"collection":[{"href":"https:\/\/kylat.meitadev.fi\/kanava\/wp-json\/wp\/v2\/pages"}],"about":[{"href":"https:\/\/kylat.meitadev.fi\/kanava\/wp-json\/wp\/v2\/types\/page"}],"author":[{"embeddable":true,"href":"https:\/\/kylat.meitadev.fi\/kanava\/wp-json\/wp\/v2\/users\/10"}],"replies":[{"embeddable":true,"href":"https:\/\/kylat.meitadev.fi\/kanava\/wp-json\/wp\/v2\/comments?post=223"}],"version-history":[{"count":19,"href":"https:\/\/kylat.meitadev.fi\/kanava\/wp-json\/wp\/v2\/pages\/223\/revisions"}],"predecessor-version":[{"id":1316,"href":"https:\/\/kylat.meitadev.fi\/kanava\/wp-json\/wp\/v2\/pages\/223\/revisions\/1316"}],"up":[{"embeddable":true,"href":"https:\/\/kylat.meitadev.fi\/kanava\/wp-json\/wp\/v2\/pages\/214"}],"wp:attachment":[{"href":"https:\/\/kylat.meitadev.fi\/kanava\/wp-json\/wp\/v2\/media?parent=223"}],"curies":[{"name":"wp","href":"https:\/\/api.w.org\/{rel}","templated":true}]}}