{"id":227,"date":"2011-04-07T00:13:23","date_gmt":"2011-04-06T21:13:23","guid":{"rendered":"https:\/\/kylat.meitadev.fi\/kanava\/?page_id=227"},"modified":"2020-01-19T18:29:36","modified_gmt":"2020-01-19T16:29:36","slug":"yhteystiedot","status":"publish","type":"page","link":"https:\/\/kylat.meitadev.fi\/kanava\/kylayhdistys\/yhteystiedot\/","title":{"rendered":"Yhteystiedot"},"content":{"rendered":"<p><strong>Yhteyshenkil\u00f6:<\/strong><br \/>\nHannu Talonpoika, puheenjohtaja<br \/>\npuh.\u00a00400 227 632<br \/>\n@ hannu.talonpoika(a)gmail.com<\/p>\n<p><strong>Kanavan liikuntakeskuksen osoite:<\/strong><br \/>\nT\u00f6r\u00f6m\u00e4entie 20, Lappeenranta<\/p>\n<p>[iframe_loader width=&#8221;425&#8243; height=&#8221;350&#8243; frameborder=&#8221;0&#8243; scrolling=&#8221;no&#8221; marginheight=&#8221;0&#8243; marginwidth=&#8221;0&#8243; src=&#8221;https:\/\/maps.google.fi\/maps?f=q&amp;source=s_q&amp;hl=fi&amp;geocode=&amp;q=T%C3%B6r%C3%B6m%C3%A4entie+20,+Lappeenranta&amp;aq=0&amp;oq=T%C3%B6r%C3%B6m%C3%A4entie+20&amp;sll=61.265488,28.548977&amp;sspn=1.75628,6.696167&amp;ie=UTF8&amp;hq=&amp;hnear=T%C3%B6r%C3%B6m%C3%A4entie+20,+Lappeenranta&amp;ll=61.014348,28.406069&amp;spn=0.006915,0.026157&amp;t=m&amp;z=14&amp;output=embed&#8221;]<br \/>\n<small><a style=\"color: #0000ff;text-align: left\" href=\"https:\/\/maps.google.fi\/maps?f=q&amp;source=embed&amp;hl=fi&amp;geocode=&amp;q=T%C3%B6r%C3%B6m%C3%A4entie+20,+Lappeenranta&amp;aq=0&amp;oq=T%C3%B6r%C3%B6m%C3%A4entie+20&amp;sll=61.265488,28.548977&amp;sspn=1.75628,6.696167&amp;ie=UTF8&amp;hq=&amp;hnear=T%C3%B6r%C3%B6m%C3%A4entie+20,+Lappeenranta&amp;ll=61.014348,28.406069&amp;spn=0.006915,0.026157&amp;t=m&amp;z=14\">N\u00e4yt\u00e4 suurempi kartta<\/a><\/small><\/p>\n","protected":false},"excerpt":{"rendered":"<p>Yhteyshenkil\u00f6: Hannu Talonpoika, puheenjohtaja puh.\u00a00400 227 632 @ hannu.talonpoika(a)gmail.com Kanavan liikuntakeskuksen osoite: T\u00f6r\u00f6m\u00e4entie 20, Lappeenranta [iframe_loader width=&#8221;425&#8243; height=&#8221;350&#8243; frameborder=&#8221;0&#8243; scrolling=&#8221;no&#8221; marginheight=&#8221;0&#8243; marginwidth=&#8221;0&#8243; src=&#8221;https:\/\/maps.google.fi\/maps?f=q&amp;source=s_q&amp;hl=fi&amp;geocode=&amp;q=T%C3%B6r%C3%B6m%C3%A4entie+20,+Lappeenranta&amp;aq=0&amp;oq=T%C3%B6r%C3%B6m%C3%A4entie+20&amp;sll=61.265488,28.548977&amp;sspn=1.75628,6.696167&amp;ie=UTF8&amp;hq=&amp;hnear=T%C3%B6r%C3%B6m%C3%A4entie+20,+Lappeenranta&amp;ll=61.014348,28.406069&amp;spn=0.006915,0.026157&amp;t=m&amp;z=14&amp;output=embed&#8221;] N\u00e4yt\u00e4 suurempi kartta<\/p>\n","protected":false},"author":10,"featured_media":0,"parent":214,"menu_order":0,"comment_status":"closed","ping_status":"closed","template":"","meta":{"footnotes":""},"_links":{"self":[{"href":"https:\/\/kylat.meitadev.fi\/kanava\/wp-json\/wp\/v2\/pages\/227"}],"collection":[{"href":"https:\/\/kylat.meitadev.fi\/kanava\/wp-json\/wp\/v2\/pages"}],"about":[{"href":"https:\/\/kylat.meitadev.fi\/kanava\/wp-json\/wp\/v2\/types\/page"}],"author":[{"embeddable":true,"href":"https:\/\/kylat.meitadev.fi\/kanava\/wp-json\/wp\/v2\/users\/10"}],"replies":[{"embeddable":true,"href":"https:\/\/kylat.meitadev.fi\/kanava\/wp-json\/wp\/v2\/comments?post=227"}],"version-history":[{"count":18,"href":"https:\/\/kylat.meitadev.fi\/kanava\/wp-json\/wp\/v2\/pages\/227\/revisions"}],"predecessor-version":[{"id":2625,"href":"https:\/\/kylat.meitadev.fi\/kanava\/wp-json\/wp\/v2\/pages\/227\/revisions\/2625"}],"up":[{"embeddable":true,"href":"https:\/\/kylat.meitadev.fi\/kanava\/wp-json\/wp\/v2\/pages\/214"}],"wp:attachment":[{"href":"https:\/\/kylat.meitadev.fi\/kanava\/wp-json\/wp\/v2\/media?parent=227"}],"curies":[{"name":"wp","href":"https:\/\/api.w.org\/{rel}","templated":true}]}}