{"id":230,"date":"2011-04-07T00:17:46","date_gmt":"2011-04-06T21:17:46","guid":{"rendered":"https:\/\/kylat.meitadev.fi\/kanava\/?page_id=230"},"modified":"2019-02-26T19:38:18","modified_gmt":"2019-02-26T17:38:18","slug":"kanavaosasto-ry","status":"publish","type":"page","link":"https:\/\/kylat.meitadev.fi\/kanava\/kanavaosasto-ry\/","title":{"rendered":"KANAVAN OSASTO"},"content":{"rendered":"<h3><img loading=\"lazy\" decoding=\"async\" class=\"size-full wp-image-959 aligncenter\" src=\"https:\/\/kylat.meitadev.fi\/kanava\/wp-content\/uploads\/sites\/7\/2011\/04\/lapprilogo1.gif\" alt=\"\" width=\"70\" height=\"70\" \/><\/h3>\n<h2 style=\"text-align: center\">Lappeen Riennon Kanavan osasto ry<\/h2>\n<p style=\"text-align: center\">vastaa kyl\u00e4yhdistyksen hiihtolatujen, frisbeegolfradan ja j\u00e4\u00e4kaukalon yll\u00e4pidosta.<\/p>\n<p>&nbsp;<\/p>\n","protected":false},"excerpt":{"rendered":"<p>Lappeen Riennon Kanavan osasto ry vastaa kyl\u00e4yhdistyksen hiihtolatujen, frisbeegolfradan ja j\u00e4\u00e4kaukalon yll\u00e4pidosta. &nbsp;<\/p>\n","protected":false},"author":10,"featured_media":0,"parent":0,"menu_order":2,"comment_status":"closed","ping_status":"closed","template":"","meta":{"footnotes":""},"_links":{"self":[{"href":"https:\/\/kylat.meitadev.fi\/kanava\/wp-json\/wp\/v2\/pages\/230"}],"collection":[{"href":"https:\/\/kylat.meitadev.fi\/kanava\/wp-json\/wp\/v2\/pages"}],"about":[{"href":"https:\/\/kylat.meitadev.fi\/kanava\/wp-json\/wp\/v2\/types\/page"}],"author":[{"embeddable":true,"href":"https:\/\/kylat.meitadev.fi\/kanava\/wp-json\/wp\/v2\/users\/10"}],"replies":[{"embeddable":true,"href":"https:\/\/kylat.meitadev.fi\/kanava\/wp-json\/wp\/v2\/comments?post=230"}],"version-history":[{"count":38,"href":"https:\/\/kylat.meitadev.fi\/kanava\/wp-json\/wp\/v2\/pages\/230\/revisions"}],"predecessor-version":[{"id":2551,"href":"https:\/\/kylat.meitadev.fi\/kanava\/wp-json\/wp\/v2\/pages\/230\/revisions\/2551"}],"wp:attachment":[{"href":"https:\/\/kylat.meitadev.fi\/kanava\/wp-json\/wp\/v2\/media?parent=230"}],"curies":[{"name":"wp","href":"https:\/\/api.w.org\/{rel}","templated":true}]}}