{"id":235,"date":"2011-04-07T00:50:45","date_gmt":"2011-04-06T21:50:45","guid":{"rendered":"https:\/\/kylat.meitadev.fi\/kanava\/?page_id=235"},"modified":"2017-01-15T19:15:27","modified_gmt":"2017-01-15T17:15:27","slug":"yritykset","status":"publish","type":"page","link":"https:\/\/kylat.meitadev.fi\/kanava\/kylatoiminta\/yritykset\/","title":{"rendered":"Yritykset"},"content":{"rendered":"<h2 style=\"text-align: left\">KANSOLA:<\/h2>\n<p><strong><a href=\"http:\/\/www.kikankotiapu.fi\/\" target=\"_blank\"><img loading=\"lazy\" decoding=\"async\" class=\"alignleft wp-image-1830\" src=\"https:\/\/kylat.meitadev.fi\/kanava\/wp-content\/uploads\/sites\/7\/2011\/04\/kikan_kotiapu_reuna.jpg\" alt=\"Kikan Kotiapu\" width=\"250\" height=\"291\" srcset=\"https:\/\/kylat.meitadev.fi\/kanava\/wp-content\/uploads\/sites\/7\/2011\/04\/kikan_kotiapu_reuna.jpg 493w, https:\/\/kylat.meitadev.fi\/kanava\/wp-content\/uploads\/sites\/7\/2011\/04\/kikan_kotiapu_reuna-257x300.jpg 257w\" sizes=\"(max-width: 250px) 100vw, 250px\" \/><\/a>Kikan Kotiapu<\/strong><br \/>\nKirsi Kokkonen<br \/>\nKansolantie 101 54230 Nuijamaa<br \/>\nPuh. 0505930908<br \/>\nSposti: kipamkokkonen(a)gmail.com<br \/>\nKotisivu: <a title=\"Kikan Kotiapu\" href=\"http:\/\/www.kikankotiapu.fi\/\" target=\"_blank\">www.kikankotiapu.fi<\/a><\/p>\n<p>Kotiapua kotitalouksille, lapsiperheille, ik\u00e4ihmisille ja vammaisille.\u00a0 Palvelun piiriin kuuluu mm: siivoukset, ruoanlaitto, lastenhoito ja asiointiapu sek\u00e4 piha- ja\u00a0 puutarhaty\u00f6t ja puutarhasuunnittelu.<\/p>\n<p>&nbsp;<\/p>\n<hr \/>\n<h2>\u00a0K\u00c4H\u00c4RIL\u00c4:<\/h2>\n<p><a href=\"https:\/\/kylat.meitadev.fi\/kanava\/wp-content\/uploads\/sites\/7\/2011\/04\/graycoats.jpg\" target=\"_blank\"><img loading=\"lazy\" decoding=\"async\" class=\" wp-image-238 alignleft\" style=\"border: 1px solid black\" src=\"https:\/\/kylat.meitadev.fi\/kanava\/wp-content\/uploads\/sites\/7\/2011\/04\/graycoats.jpg\" alt=\"\" width=\"250\" height=\"188\" \/><\/a><strong>Grey Coats kennel<\/strong><br \/>\nOld English Sheepdogs since 1984<br \/>\nUlla Hellman<br \/>\nPaukunm\u00e4entie 29 53300 Lappeenranta<br \/>\nPuh. (05)4140037<br \/>\nMatkapuh. 0504102723<br \/>\nSposti: ulla.hellman(a)pp1.inet.fi<br \/>\nKotisivu: <a title=\"Grey Coats kennel\" href=\"http:\/\/www.greycoatsoes.com\/index.php?sivu=etusivu\" target=\"_blank\">www.greycoatsoes.com<\/a><\/p>\n<p>&nbsp;<\/p>\n<hr \/>\n<h2>\u00a0LEMPI\u00c4L\u00c4:<\/h2>\n<p><a href=\"https:\/\/kylat.meitadev.fi\/kanava\/wp-content\/uploads\/sites\/7\/2011\/04\/wellcar.jpg\" target=\"_blank\"><img loading=\"lazy\" decoding=\"async\" class=\" wp-image-374 alignright\" style=\"border: 1px solid black\" src=\"https:\/\/kylat.meitadev.fi\/kanava\/wp-content\/uploads\/sites\/7\/2011\/04\/wellcar.jpg\" alt=\"\" width=\"250\" height=\"166\" \/><\/a><strong>Auto- ja peltikorjaamo WallCar<\/strong><br \/>\nM\u00e4enp\u00e4\u00e4ntie 62 53300 Lappeenranta<br \/>\nAvoinna ark. 09:00 &#8211; 17:00<br \/>\nPuh. 0407227163<br \/>\nSposti: marko.wallin(a)peltikorjaamo.com<br \/>\nKotisivu: <a title=\"Auto- ja peltikorjaamo WallCar\" href=\"http:\/\/www.peltikorjaamo.com\/\" target=\"_blank\">www.peltikorjaamo.com<\/a><\/p>\n<p>Peltikorjaamoty\u00f6t:<br \/>\n&#8211; ruostevauriokorjaukset<br \/>\n&#8211; pienet kolarikorjaukset<br \/>\n&#8211; harrasteautojen peltity\u00f6t<\/p>\n<hr \/>\n<h2>LYYTIKK\u00c4L\u00c4:<\/h2>\n<p><a href=\"https:\/\/kylat.meitadev.fi\/kanava\/wp-content\/uploads\/sites\/7\/2011\/04\/loistokunto_logo.jpg\" target=\"_blank\"><img loading=\"lazy\" decoding=\"async\" class=\" wp-image-237 alignleft\" src=\"https:\/\/kylat.meitadev.fi\/kanava\/wp-content\/uploads\/sites\/7\/2011\/04\/loistokunto_logo.jpg\" alt=\"\" width=\"251\" height=\"165\" \/><\/a><strong>LOISTOKUNTO -musculo sano-<\/strong><br \/>\nKoulutettu hieroja, Virpi Villa<br \/>\nVillantie 16 53300 Lappeenranta<br \/>\nAjanvaraus puh. 0407249559<\/p>\n<p>&nbsp;<\/p>\n<p>&nbsp;<\/p>\n<hr \/>\n<p>&nbsp;<\/p>\n","protected":false},"excerpt":{"rendered":"<p>KANSOLA: Kikan Kotiapu Kirsi Kokkonen Kansolantie 101 54230 Nuijamaa Puh. 0505930908 Sposti: kipamkokkonen(a)gmail.com Kotisivu: www.kikankotiapu.fi Kotiapua kotitalouksille, lapsiperheille, ik\u00e4ihmisille ja vammaisille.\u00a0 Palvelun piiriin kuuluu mm: siivoukset, ruoanlaitto, lastenhoito ja asiointiapu sek\u00e4 piha- ja\u00a0 puutarhaty\u00f6t ja puutarhasuunnittelu. &nbsp; \u00a0K\u00c4H\u00c4RIL\u00c4: Grey Coats &hellip; <a href=\"https:\/\/kylat.meitadev.fi\/kanava\/kylatoiminta\/yritykset\/\">Lue loppuun <span class=\"meta-nav\">&rarr;<\/span><\/a><\/p>\n","protected":false},"author":10,"featured_media":0,"parent":423,"menu_order":0,"comment_status":"closed","ping_status":"closed","template":"","meta":{"footnotes":""},"_links":{"self":[{"href":"https:\/\/kylat.meitadev.fi\/kanava\/wp-json\/wp\/v2\/pages\/235"}],"collection":[{"href":"https:\/\/kylat.meitadev.fi\/kanava\/wp-json\/wp\/v2\/pages"}],"about":[{"href":"https:\/\/kylat.meitadev.fi\/kanava\/wp-json\/wp\/v2\/types\/page"}],"author":[{"embeddable":true,"href":"https:\/\/kylat.meitadev.fi\/kanava\/wp-json\/wp\/v2\/users\/10"}],"replies":[{"embeddable":true,"href":"https:\/\/kylat.meitadev.fi\/kanava\/wp-json\/wp\/v2\/comments?post=235"}],"version-history":[{"count":74,"href":"https:\/\/kylat.meitadev.fi\/kanava\/wp-json\/wp\/v2\/pages\/235\/revisions"}],"predecessor-version":[{"id":2116,"href":"https:\/\/kylat.meitadev.fi\/kanava\/wp-json\/wp\/v2\/pages\/235\/revisions\/2116"}],"up":[{"embeddable":true,"href":"https:\/\/kylat.meitadev.fi\/kanava\/wp-json\/wp\/v2\/pages\/423"}],"wp:attachment":[{"href":"https:\/\/kylat.meitadev.fi\/kanava\/wp-json\/wp\/v2\/media?parent=235"}],"curies":[{"name":"wp","href":"https:\/\/api.w.org\/{rel}","templated":true}]}}