{"id":2350,"date":"2017-11-02T20:47:33","date_gmt":"2017-11-02T18:47:33","guid":{"rendered":"https:\/\/kylat.meitadev.fi\/kanava\/?page_id=2350"},"modified":"2019-02-26T19:09:04","modified_gmt":"2019-02-26T17:09:04","slug":"frisbeegolf","status":"publish","type":"page","link":"https:\/\/kylat.meitadev.fi\/kanava\/kanavaosasto-ry\/frisbeegolf\/","title":{"rendered":"Frisbeegolf"},"content":{"rendered":"<p>Lyytikk\u00e4l\u00e4n frisbeegolfrataa yll\u00e4pit\u00e4\u00e4 Kanavan osasto. Rata avattiin syyskuussa 2015. Radan perustiedot l\u00f6ytyv\u00e4t sivulta <a href=\"https:\/\/kylat.meitadev.fi\/kanava\/frisbeegolf\/\">FRISBEEGOLF<\/a>.<\/p>\n<p>Loppuvuodesta 2017 aloitettiin muutosty\u00f6t kolmen v\u00e4yl\u00e4n osalta. Syyn\u00e4 maanomistajan kehoitus siirt\u00e4\u00e4 kaksi v\u00e4yl\u00e4\u00e4 entisen Hiihtomaan alueelta. Onneksi Mirja Suninen ja Pekka Lyytik\u00e4inen olivat avuliaita ja antoivat vapaat k\u00e4det sijoittaa kyseiset v\u00e4yl\u00e4t heid\u00e4n mailleen. V\u00e4yli\u00e4 varten tehtiin suurehkot maansiirtoty\u00f6t ja risujen raivaukset. Heittoalustat pohjattiin ja v\u00e4ylille on tehty hiekoitetut kulkuv\u00e4yl\u00e4t. Rata saatiin heittokuntoon kev\u00e4\u00e4ll\u00e4 2018.<\/p>\n<div id=\"attachment_2354\" style=\"width: 179px\" class=\"wp-caption alignleft\"><a href=\"https:\/\/kylat.meitadev.fi\/kanava\/wp-content\/uploads\/sites\/7\/2017\/11\/DSC_0184_1000.jpg\" target=\"_blank\" rel=\"noopener\"><img loading=\"lazy\" decoding=\"async\" aria-describedby=\"caption-attachment-2354\" class=\"wp-image-2354 size-medium\" src=\"https:\/\/kylat.meitadev.fi\/kanava\/wp-content\/uploads\/sites\/7\/2017\/11\/DSC_0184_1000-169x300.jpg\" alt=\"\" width=\"169\" height=\"300\" srcset=\"https:\/\/kylat.meitadev.fi\/kanava\/wp-content\/uploads\/sites\/7\/2017\/11\/DSC_0184_1000-169x300.jpg 169w, https:\/\/kylat.meitadev.fi\/kanava\/wp-content\/uploads\/sites\/7\/2017\/11\/DSC_0184_1000.jpg 563w\" sizes=\"(max-width: 169px) 100vw, 169px\" \/><\/a><p id=\"caption-attachment-2354\" class=\"wp-caption-text\">Hannu ajaa risukuormia<\/p><\/div>\n<div id=\"attachment_2355\" style=\"width: 179px\" class=\"wp-caption alignleft\"><a href=\"https:\/\/kylat.meitadev.fi\/kanava\/wp-content\/uploads\/sites\/7\/2017\/11\/DSC_0182_1000.jpg\" target=\"_blank\" rel=\"noopener\"><img loading=\"lazy\" decoding=\"async\" aria-describedby=\"caption-attachment-2355\" class=\"wp-image-2355 size-medium\" src=\"https:\/\/kylat.meitadev.fi\/kanava\/wp-content\/uploads\/sites\/7\/2017\/11\/DSC_0182_1000-169x300.jpg\" alt=\"\" width=\"169\" height=\"300\" srcset=\"https:\/\/kylat.meitadev.fi\/kanava\/wp-content\/uploads\/sites\/7\/2017\/11\/DSC_0182_1000-169x300.jpg 169w, https:\/\/kylat.meitadev.fi\/kanava\/wp-content\/uploads\/sites\/7\/2017\/11\/DSC_0182_1000.jpg 563w\" sizes=\"(max-width: 169px) 100vw, 169px\" \/><\/a><p id=\"caption-attachment-2355\" class=\"wp-caption-text\">Osmo metsurina<\/p><\/div>\n<p>&nbsp;<\/p>\n<p>&nbsp;<\/p>\n<p>&nbsp;<\/p>\n<p>&nbsp;<\/p>\n<p>&nbsp;<\/p>\n<p>&nbsp;<\/p>\n<p>&nbsp;<\/p>\n<p>&nbsp;<\/p>\n<p>&nbsp;<\/p>\n<div id=\"attachment_2352\" style=\"width: 310px\" class=\"wp-caption alignleft\"><a href=\"https:\/\/kylat.meitadev.fi\/kanava\/wp-content\/uploads\/sites\/7\/2017\/11\/DSC_0197_1000.jpg\" target=\"_blank\" rel=\"noopener\"><img loading=\"lazy\" decoding=\"async\" aria-describedby=\"caption-attachment-2352\" class=\"wp-image-2352 size-medium\" src=\"https:\/\/kylat.meitadev.fi\/kanava\/wp-content\/uploads\/sites\/7\/2017\/11\/DSC_0197_1000-300x169.jpg\" alt=\"\" width=\"300\" height=\"169\" srcset=\"https:\/\/kylat.meitadev.fi\/kanava\/wp-content\/uploads\/sites\/7\/2017\/11\/DSC_0197_1000-300x169.jpg 300w, https:\/\/kylat.meitadev.fi\/kanava\/wp-content\/uploads\/sites\/7\/2017\/11\/DSC_0197_1000-768x432.jpg 768w, https:\/\/kylat.meitadev.fi\/kanava\/wp-content\/uploads\/sites\/7\/2017\/11\/DSC_0197_1000-500x282.jpg 500w, https:\/\/kylat.meitadev.fi\/kanava\/wp-content\/uploads\/sites\/7\/2017\/11\/DSC_0197_1000.jpg 1000w\" sizes=\"(max-width: 300px) 100vw, 300px\" \/><\/a><p id=\"caption-attachment-2352\" class=\"wp-caption-text\">Marko tasoittaa hiihtoladun pohjaa<\/p><\/div>\n<p>&nbsp;<\/p>\n<p>&nbsp;<\/p>\n<p>&nbsp;<\/p>\n<p>&nbsp;<\/p>\n<p>&nbsp;<\/p>\n<p>&nbsp;<\/p>\n<div id=\"attachment_2353\" style=\"width: 179px\" class=\"wp-caption alignleft\"><a style=\"font-style: normal;font-weight: 300\" href=\"https:\/\/kylat.meitadev.fi\/kanava\/wp-content\/uploads\/sites\/7\/2017\/11\/DSC_0189_1000.jpg\" target=\"_blank\" rel=\"noopener\"><img loading=\"lazy\" decoding=\"async\" aria-describedby=\"caption-attachment-2353\" class=\"wp-image-2353 size-medium\" style=\"border-color: #bbbbbb;background: #eeeeee\" src=\"https:\/\/kylat.meitadev.fi\/kanava\/wp-content\/uploads\/sites\/7\/2017\/11\/DSC_0189_1000-169x300.jpg\" alt=\"\" width=\"169\" height=\"300\" srcset=\"https:\/\/kylat.meitadev.fi\/kanava\/wp-content\/uploads\/sites\/7\/2017\/11\/DSC_0189_1000-169x300.jpg 169w, https:\/\/kylat.meitadev.fi\/kanava\/wp-content\/uploads\/sites\/7\/2017\/11\/DSC_0189_1000.jpg 563w\" sizes=\"(max-width: 169px) 100vw, 169px\" \/><\/a><p id=\"caption-attachment-2353\" class=\"wp-caption-text\">Marko tasaa 8-v\u00e4yl\u00e4n heittopaikkaa<\/p><\/div>\n<div id=\"attachment_2351\" style=\"width: 179px\" class=\"wp-caption alignleft\"><a href=\"https:\/\/kylat.meitadev.fi\/kanava\/wp-content\/uploads\/sites\/7\/2017\/11\/DSC_0005_1000.jpg\" target=\"_blank\" rel=\"noopener\"><img loading=\"lazy\" decoding=\"async\" aria-describedby=\"caption-attachment-2351\" class=\"wp-image-2351 size-medium\" src=\"https:\/\/kylat.meitadev.fi\/kanava\/wp-content\/uploads\/sites\/7\/2017\/11\/DSC_0005_1000-169x300.jpg\" alt=\"\" width=\"169\" height=\"300\" srcset=\"https:\/\/kylat.meitadev.fi\/kanava\/wp-content\/uploads\/sites\/7\/2017\/11\/DSC_0005_1000-169x300.jpg 169w, https:\/\/kylat.meitadev.fi\/kanava\/wp-content\/uploads\/sites\/7\/2017\/11\/DSC_0005_1000.jpg 563w\" sizes=\"(max-width: 169px) 100vw, 169px\" \/><\/a><p id=\"caption-attachment-2351\" class=\"wp-caption-text\">Osmo ajaa hiekkaa 7-v\u00e4yl\u00e4n heittopaikalle<\/p><\/div>\n","protected":false},"excerpt":{"rendered":"<p>Lyytikk\u00e4l\u00e4n frisbeegolfrataa yll\u00e4pit\u00e4\u00e4 Kanavan osasto. Rata avattiin syyskuussa 2015. Radan perustiedot l\u00f6ytyv\u00e4t sivulta FRISBEEGOLF. Loppuvuodesta 2017 aloitettiin muutosty\u00f6t kolmen v\u00e4yl\u00e4n osalta. Syyn\u00e4 maanomistajan kehoitus siirt\u00e4\u00e4 kaksi v\u00e4yl\u00e4\u00e4 entisen Hiihtomaan alueelta. Onneksi Mirja Suninen ja Pekka Lyytik\u00e4inen olivat avuliaita ja antoivat &hellip; <a href=\"https:\/\/kylat.meitadev.fi\/kanava\/kanavaosasto-ry\/frisbeegolf\/\">Lue loppuun <span class=\"meta-nav\">&rarr;<\/span><\/a><\/p>\n","protected":false},"author":10,"featured_media":0,"parent":230,"menu_order":0,"comment_status":"closed","ping_status":"closed","template":"","meta":{"footnotes":""},"_links":{"self":[{"href":"https:\/\/kylat.meitadev.fi\/kanava\/wp-json\/wp\/v2\/pages\/2350"}],"collection":[{"href":"https:\/\/kylat.meitadev.fi\/kanava\/wp-json\/wp\/v2\/pages"}],"about":[{"href":"https:\/\/kylat.meitadev.fi\/kanava\/wp-json\/wp\/v2\/types\/page"}],"author":[{"embeddable":true,"href":"https:\/\/kylat.meitadev.fi\/kanava\/wp-json\/wp\/v2\/users\/10"}],"replies":[{"embeddable":true,"href":"https:\/\/kylat.meitadev.fi\/kanava\/wp-json\/wp\/v2\/comments?post=2350"}],"version-history":[{"count":5,"href":"https:\/\/kylat.meitadev.fi\/kanava\/wp-json\/wp\/v2\/pages\/2350\/revisions"}],"predecessor-version":[{"id":2548,"href":"https:\/\/kylat.meitadev.fi\/kanava\/wp-json\/wp\/v2\/pages\/2350\/revisions\/2548"}],"up":[{"embeddable":true,"href":"https:\/\/kylat.meitadev.fi\/kanava\/wp-json\/wp\/v2\/pages\/230"}],"wp:attachment":[{"href":"https:\/\/kylat.meitadev.fi\/kanava\/wp-json\/wp\/v2\/media?parent=2350"}],"curies":[{"name":"wp","href":"https:\/\/api.w.org\/{rel}","templated":true}]}}