{"id":2453,"date":"2018-08-24T21:14:08","date_gmt":"2018-08-24T18:14:08","guid":{"rendered":"https:\/\/kylat.meitadev.fi\/kanava\/?page_id=2453"},"modified":"2018-08-24T21:14:08","modified_gmt":"2018-08-24T18:14:08","slug":"onkikisat-2018","status":"publish","type":"page","link":"https:\/\/kylat.meitadev.fi\/kanava\/tapahtumat\/onkikisat-2018\/","title":{"rendered":"Onkikisat 2018"},"content":{"rendered":"<p style=\"font-weight: 400\">Kyl\u00e4yhdistyksen onkikisat k\u00e4ytiin Kansolassa vanhalla ja uudella kanavalla 13.8.2018. S\u00e4\u00e4 oli puoliaurinkoinen ja kalasaalis yhteens\u00e4 3619 g. Alla kuvia ja tulokset \ud83d\ude42<\/p>\n<p><a href=\"https:\/\/kylat.meitadev.fi\/kanava\/wp-content\/uploads\/sites\/7\/2018\/08\/onkikisat2018_1.jpg\" target=\"_blank\" rel=\"noopener\"><img loading=\"lazy\" decoding=\"async\" class=\"alignleft wp-image-2455 size-medium\" src=\"https:\/\/kylat.meitadev.fi\/kanava\/wp-content\/uploads\/sites\/7\/2018\/08\/onkikisat2018_1-300x169.jpg\" alt=\"\" width=\"300\" height=\"169\" srcset=\"https:\/\/kylat.meitadev.fi\/kanava\/wp-content\/uploads\/sites\/7\/2018\/08\/onkikisat2018_1-300x169.jpg 300w, https:\/\/kylat.meitadev.fi\/kanava\/wp-content\/uploads\/sites\/7\/2018\/08\/onkikisat2018_1-768x432.jpg 768w, https:\/\/kylat.meitadev.fi\/kanava\/wp-content\/uploads\/sites\/7\/2018\/08\/onkikisat2018_1-500x282.jpg 500w, https:\/\/kylat.meitadev.fi\/kanava\/wp-content\/uploads\/sites\/7\/2018\/08\/onkikisat2018_1.jpg 1000w\" sizes=\"(max-width: 300px) 100vw, 300px\" \/><\/a> <a href=\"https:\/\/kylat.meitadev.fi\/kanava\/wp-content\/uploads\/sites\/7\/2018\/08\/onkikisat2018_2.jpg\" target=\"_blank\" rel=\"noopener\"><img loading=\"lazy\" decoding=\"async\" class=\"alignright wp-image-2456 size-medium\" src=\"https:\/\/kylat.meitadev.fi\/kanava\/wp-content\/uploads\/sites\/7\/2018\/08\/onkikisat2018_2-169x300.jpg\" alt=\"\" width=\"169\" height=\"300\" srcset=\"https:\/\/kylat.meitadev.fi\/kanava\/wp-content\/uploads\/sites\/7\/2018\/08\/onkikisat2018_2-169x300.jpg 169w, https:\/\/kylat.meitadev.fi\/kanava\/wp-content\/uploads\/sites\/7\/2018\/08\/onkikisat2018_2.jpg 562w\" sizes=\"(max-width: 169px) 100vw, 169px\" \/><\/a> <a href=\"https:\/\/kylat.meitadev.fi\/kanava\/wp-content\/uploads\/sites\/7\/2018\/08\/onkikisat2018_3.jpg\" target=\"_blank\" rel=\"noopener\"><img loading=\"lazy\" decoding=\"async\" class=\"alignleft wp-image-2457 size-medium\" src=\"https:\/\/kylat.meitadev.fi\/kanava\/wp-content\/uploads\/sites\/7\/2018\/08\/onkikisat2018_3-300x169.jpg\" alt=\"\" width=\"300\" height=\"169\" srcset=\"https:\/\/kylat.meitadev.fi\/kanava\/wp-content\/uploads\/sites\/7\/2018\/08\/onkikisat2018_3-300x169.jpg 300w, https:\/\/kylat.meitadev.fi\/kanava\/wp-content\/uploads\/sites\/7\/2018\/08\/onkikisat2018_3-768x432.jpg 768w, https:\/\/kylat.meitadev.fi\/kanava\/wp-content\/uploads\/sites\/7\/2018\/08\/onkikisat2018_3-500x282.jpg 500w, https:\/\/kylat.meitadev.fi\/kanava\/wp-content\/uploads\/sites\/7\/2018\/08\/onkikisat2018_3.jpg 1000w\" sizes=\"(max-width: 300px) 100vw, 300px\" \/><\/a><\/p>\n<table width=\"320\">\n<tbody>\n<tr>\n<td width=\"64\">Naiset<\/td>\n<td width=\"64\"><\/td>\n<td width=\"64\"><\/td>\n<td width=\"64\"><\/td>\n<td width=\"64\">paino g<\/td>\n<\/tr>\n<tr>\n<td>1.<\/td>\n<td colspan=\"2\">P\u00e4ivi Kansonen<\/td>\n<td><\/td>\n<td>375<\/td>\n<\/tr>\n<tr>\n<td>2.<\/td>\n<td colspan=\"2\">Hannele Kansonen<\/td>\n<td><\/td>\n<td>298<\/td>\n<\/tr>\n<tr>\n<td>3.<\/td>\n<td colspan=\"2\">Seija Kansonen<\/td>\n<td><\/td>\n<td>275<\/td>\n<\/tr>\n<tr>\n<td>4.<\/td>\n<td colspan=\"2\">Eveliina Kansonen<\/td>\n<td><\/td>\n<td>137<\/td>\n<\/tr>\n<tr>\n<td>5.<\/td>\n<td colspan=\"2\">Paula Heimala<\/td>\n<td><\/td>\n<td>15<\/td>\n<\/tr>\n<tr>\n<td><\/td>\n<td><\/td>\n<td><\/td>\n<td><\/td>\n<td><\/td>\n<\/tr>\n<tr>\n<td>Miehet<\/td>\n<td><\/td>\n<td><\/td>\n<td><\/td>\n<td><\/td>\n<\/tr>\n<tr>\n<td>1.<\/td>\n<td colspan=\"2\">Jussi Lankinen<\/td>\n<td><\/td>\n<td>467<\/td>\n<\/tr>\n<tr>\n<td>2.<\/td>\n<td colspan=\"2\">Risto Kansonen<\/td>\n<td><\/td>\n<td>459<\/td>\n<\/tr>\n<tr>\n<td>3.<\/td>\n<td colspan=\"2\">Olli Kuukka<\/td>\n<td><\/td>\n<td>232<\/td>\n<\/tr>\n<tr>\n<td>4.<\/td>\n<td colspan=\"2\">Markku Frilander<\/td>\n<td><\/td>\n<td>146<\/td>\n<\/tr>\n<tr>\n<td>5.<\/td>\n<td colspan=\"2\">Tero Penttil\u00e4<\/td>\n<td><\/td>\n<td>131<\/td>\n<\/tr>\n<tr>\n<td>6.<\/td>\n<td colspan=\"2\">Kalevi Lyytik\u00e4inen<\/td>\n<td><\/td>\n<td>82<\/td>\n<\/tr>\n<tr>\n<td>7.<\/td>\n<td colspan=\"2\">Aimo Hellman<\/td>\n<td><\/td>\n<td>70<\/td>\n<\/tr>\n<tr>\n<td>8.<\/td>\n<td colspan=\"2\">Marko Kansonen<\/td>\n<td><\/td>\n<td>50<\/td>\n<\/tr>\n<tr>\n<td>9.<\/td>\n<td colspan=\"2\">Pekka Lyytik\u00e4inen<\/td>\n<td><\/td>\n<td>35<\/td>\n<\/tr>\n<tr>\n<td>10.<\/td>\n<td colspan=\"2\">Petri Piiparinen<\/td>\n<td><\/td>\n<td>32<\/td>\n<\/tr>\n<tr>\n<td><\/td>\n<td><\/td>\n<td><\/td>\n<td><\/td>\n<td><\/td>\n<\/tr>\n<tr>\n<td>Tyt\u00f6t<\/td>\n<td><\/td>\n<td><\/td>\n<td><\/td>\n<td><\/td>\n<\/tr>\n<tr>\n<td>1.<\/td>\n<td>Venla<\/td>\n<td><\/td>\n<td><\/td>\n<td>126<\/td>\n<\/tr>\n<tr>\n<td>2.<\/td>\n<td>Aino<\/td>\n<td><\/td>\n<td><\/td>\n<td>43<\/td>\n<\/tr>\n<tr>\n<td>3.<\/td>\n<td>Sini<\/td>\n<td><\/td>\n<td><\/td>\n<td>40<\/td>\n<\/tr>\n<tr>\n<td><\/td>\n<td><\/td>\n<td><\/td>\n<td><\/td>\n<td><\/td>\n<\/tr>\n<tr>\n<td>Pojat<\/td>\n<td><\/td>\n<td><\/td>\n<td><\/td>\n<td><\/td>\n<\/tr>\n<tr>\n<td>1.<\/td>\n<td>Eetu<\/td>\n<td><\/td>\n<td><\/td>\n<td>217<\/td>\n<\/tr>\n<tr>\n<td>2.<\/td>\n<td>Ilari<\/td>\n<td><\/td>\n<td><\/td>\n<td>138<\/td>\n<\/tr>\n<tr>\n<td>3.<\/td>\n<td>Aarne<\/td>\n<td><\/td>\n<td><\/td>\n<td>60<\/td>\n<\/tr>\n<tr>\n<td>4.<\/td>\n<td>Arttu<\/td>\n<td><\/td>\n<td><\/td>\n<td>53<\/td>\n<\/tr>\n<tr>\n<td>5.<\/td>\n<td>Oskari<\/td>\n<td><\/td>\n<td><\/td>\n<td>48<\/td>\n<\/tr>\n<tr>\n<td>6.<\/td>\n<td>Lenni<\/td>\n<td><\/td>\n<td><\/td>\n<td>37<\/td>\n<\/tr>\n<tr>\n<td>7.<\/td>\n<td>Akseli<\/td>\n<td><\/td>\n<td><\/td>\n<td>24<\/td>\n<\/tr>\n<tr>\n<td>8.<\/td>\n<td>Jimi<\/td>\n<td><\/td>\n<td><\/td>\n<td>16<\/td>\n<\/tr>\n<tr>\n<td>9.<\/td>\n<td>Luka<\/td>\n<td><\/td>\n<td><\/td>\n<td>13<\/td>\n<\/tr>\n<tr>\n<td><\/td>\n<td><\/td>\n<td><\/td>\n<td><\/td>\n<td><\/td>\n<\/tr>\n<tr>\n<td colspan=\"2\">Suurin kala (lahna)<\/td>\n<td><\/td>\n<td><\/td>\n<td><\/td>\n<\/tr>\n<tr>\n<td><\/td>\n<td colspan=\"2\">P\u00e4ivi Kansonen<\/td>\n<td><\/td>\n<td>328<\/td>\n<\/tr>\n<\/tbody>\n<\/table>\n","protected":false},"excerpt":{"rendered":"<p>Kyl\u00e4yhdistyksen onkikisat k\u00e4ytiin Kansolassa vanhalla ja uudella kanavalla 13.8.2018. S\u00e4\u00e4 oli puoliaurinkoinen ja kalasaalis yhteens\u00e4 3619 g. Alla kuvia ja tulokset \ud83d\ude42 Naiset paino g 1. P\u00e4ivi Kansonen 375 2. Hannele Kansonen 298 3. Seija Kansonen 275 4. Eveliina Kansonen &hellip; <a href=\"https:\/\/kylat.meitadev.fi\/kanava\/tapahtumat\/onkikisat-2018\/\">Lue loppuun <span class=\"meta-nav\">&rarr;<\/span><\/a><\/p>\n","protected":false},"author":10,"featured_media":0,"parent":592,"menu_order":0,"comment_status":"closed","ping_status":"closed","template":"","meta":{"footnotes":""},"_links":{"self":[{"href":"https:\/\/kylat.meitadev.fi\/kanava\/wp-json\/wp\/v2\/pages\/2453"}],"collection":[{"href":"https:\/\/kylat.meitadev.fi\/kanava\/wp-json\/wp\/v2\/pages"}],"about":[{"href":"https:\/\/kylat.meitadev.fi\/kanava\/wp-json\/wp\/v2\/types\/page"}],"author":[{"embeddable":true,"href":"https:\/\/kylat.meitadev.fi\/kanava\/wp-json\/wp\/v2\/users\/10"}],"replies":[{"embeddable":true,"href":"https:\/\/kylat.meitadev.fi\/kanava\/wp-json\/wp\/v2\/comments?post=2453"}],"version-history":[{"count":2,"href":"https:\/\/kylat.meitadev.fi\/kanava\/wp-json\/wp\/v2\/pages\/2453\/revisions"}],"predecessor-version":[{"id":2458,"href":"https:\/\/kylat.meitadev.fi\/kanava\/wp-json\/wp\/v2\/pages\/2453\/revisions\/2458"}],"up":[{"embeddable":true,"href":"https:\/\/kylat.meitadev.fi\/kanava\/wp-json\/wp\/v2\/pages\/592"}],"wp:attachment":[{"href":"https:\/\/kylat.meitadev.fi\/kanava\/wp-json\/wp\/v2\/media?parent=2453"}],"curies":[{"name":"wp","href":"https:\/\/api.w.org\/{rel}","templated":true}]}}