{"id":2687,"date":"2020-09-18T08:17:57","date_gmt":"2020-09-18T05:17:57","guid":{"rendered":"https:\/\/kylat.meitadev.fi\/kanava\/?page_id=2687"},"modified":"2020-09-18T08:19:35","modified_gmt":"2020-09-18T05:19:35","slug":"onkikisat-2020","status":"publish","type":"page","link":"https:\/\/kylat.meitadev.fi\/kanava\/tapahtumat\/onkikisat-2020\/","title":{"rendered":"Onkikisat 2020"},"content":{"rendered":"\n<p>ONKIKILPAILUT 18.8.2020<\/p>\n\n\n\n<figure class=\"wp-block-table is-style-stripes\"><table><tbody><tr><td><strong>Naiset<\/strong><\/td><td><\/td><td>paino g<\/td><\/tr><tr><td>1.&nbsp;<\/td><td>Natalia Heimala<\/td><td>158<\/td><\/tr><tr><td>2.<\/td><td>Ulla Hellman<\/td><td>123<\/td><\/tr><tr><td>2.<\/td><td>Tanja Sopina<\/td><td>123<\/td><\/tr><tr><td>4.<\/td><td>P\u00e4ivi Kansonen<\/td><td>92<\/td><\/tr><tr><td>5.<\/td><td>Salla Kosunen<\/td><td>58<\/td><\/tr><tr><td>6.<\/td><td>Riitta Lempi\u00e4inen<\/td><td>54<\/td><\/tr><tr><td>7.<\/td><td>Seija Kansonen<\/td><td>42<\/td><\/tr><tr><td>8.<\/td><td>P\u00e4ivikki Heimala<\/td><td>36<\/td><\/tr><tr><td>9.<\/td><td>Jonna Kankaanp\u00e4\u00e4<\/td><td>19<\/td><\/tr><tr><td><\/td><td><\/td><td><\/td><\/tr><tr><td><strong>Miehet<\/strong><\/td><td><\/td><td><\/td><\/tr><tr><td>1.<\/td><td>Mikki From<\/td><td>386<\/td><\/tr><tr><td>2.<\/td><td>Jussi Lankinen<\/td><td>214<\/td><\/tr><tr><td>3.<\/td><td>Kommari<\/td><td>200<\/td><\/tr><tr><td>4.<\/td><td>Jyrki Kansonen<\/td><td>173<\/td><\/tr><tr><td>5.<\/td><td>Marko Kansonen<\/td><td>129<\/td><\/tr><tr><td>6.<\/td><td>Risto Kansonen<\/td><td>106<\/td><\/tr><tr><td>7.<\/td><td>Sakari H\u00e4rk\u00f6nen<\/td><td>92<\/td><\/tr><tr><td>7.<\/td><td>Matti Lahtinen<\/td><td>92<\/td><\/tr><tr><td>9.<\/td><td>Lauri Sorvali<\/td><td>72<\/td><\/tr><tr><td>10.<\/td><td>Pekka Heimala<\/td><td>55<\/td><\/tr><tr><td>11.<\/td><td>Markku Frilander<\/td><td>11<\/td><\/tr><tr><td>12.<\/td><td>Olli Kuukka<\/td><td>10<\/td><\/tr><tr><td><\/td><td><\/td><td><\/td><\/tr><tr><td><strong>Tyt\u00f6t<\/strong><\/td><td><\/td><td><\/td><\/tr><tr><td>1.<\/td><td>Vilma Kosunen<\/td><td>59<\/td><\/tr><tr><td>2.<\/td><td>Veera Kosunen<\/td><td>56<\/td><\/tr><tr><td>3.<\/td><td>Venla Lankinen<\/td><td>35<\/td><\/tr><tr><td>4.<\/td><td>Sini Talonpoika<\/td><td>30<\/td><\/tr><tr><td>5.<\/td><td>Elsa Mikonsaari<\/td><td>24<\/td><\/tr><tr><td><\/td><td><\/td><td><\/td><\/tr><tr><td><strong>Pojat<\/strong><\/td><td><\/td><td><\/td><\/tr><tr><td>1.<\/td><td>Arttu Talonpoika<\/td><td>461<\/td><\/tr><tr><td>2.<\/td><td>Eetu Lankinen<\/td><td>119<\/td><\/tr><tr><td>3.<\/td><td>Akseli Talonpoika<\/td><td>75<\/td><\/tr><tr><td>4.<\/td><td>Viljami Piiparinen<\/td><td>74<\/td><\/tr><tr><td>5.<\/td><td>Luca Kuukka<\/td><td>26<\/td><\/tr><tr><td>6.<\/td><td>V\u00e4in\u00f6 Kantola<\/td><td>23<\/td><\/tr><tr><td>7.<\/td><td>Samu Talonpoika<\/td><td>22<\/td><\/tr><tr><td>8.<\/td><td>Ilari Heimala<\/td><td>21<\/td><\/tr><tr><td>9.<\/td><td>Leevi Mikonsaari<\/td><td>19<\/td><\/tr><tr><td>10.<\/td><td>Vili Kuukka<\/td><td>14<\/td><\/tr><tr><td><\/td><td><\/td><td><\/td><\/tr><tr><td><strong>Suurin kala\u00a0<\/strong><\/td><td><\/td><td><\/td><\/tr><tr><td><\/td><td>Arttu Talonpoika<\/td><td>404<\/td><\/tr><tr><td><\/td><td><\/td><td><\/td><\/tr><tr><td><strong>Suurin saalis<\/strong><\/td><td><\/td><td><\/td><\/tr><tr><td><\/td><td>Arttu Talonpoika<\/td><td>461<\/td><\/tr><\/tbody><\/table><\/figure>\n","protected":false},"excerpt":{"rendered":"<p>ONKIKILPAILUT 18.8.2020 Naiset paino g 1.&nbsp; Natalia Heimala 158 2. Ulla Hellman 123 2. Tanja Sopina 123 4. P\u00e4ivi Kansonen 92 5. Salla Kosunen 58 6. Riitta Lempi\u00e4inen 54 7. Seija Kansonen 42 8. P\u00e4ivikki Heimala 36 9. Jonna Kankaanp\u00e4\u00e4 &hellip; <a href=\"https:\/\/kylat.meitadev.fi\/kanava\/tapahtumat\/onkikisat-2020\/\">Lue loppuun <span class=\"meta-nav\">&rarr;<\/span><\/a><\/p>\n","protected":false},"author":10,"featured_media":0,"parent":592,"menu_order":0,"comment_status":"closed","ping_status":"closed","template":"","meta":{"footnotes":""},"_links":{"self":[{"href":"https:\/\/kylat.meitadev.fi\/kanava\/wp-json\/wp\/v2\/pages\/2687"}],"collection":[{"href":"https:\/\/kylat.meitadev.fi\/kanava\/wp-json\/wp\/v2\/pages"}],"about":[{"href":"https:\/\/kylat.meitadev.fi\/kanava\/wp-json\/wp\/v2\/types\/page"}],"author":[{"embeddable":true,"href":"https:\/\/kylat.meitadev.fi\/kanava\/wp-json\/wp\/v2\/users\/10"}],"replies":[{"embeddable":true,"href":"https:\/\/kylat.meitadev.fi\/kanava\/wp-json\/wp\/v2\/comments?post=2687"}],"version-history":[{"count":1,"href":"https:\/\/kylat.meitadev.fi\/kanava\/wp-json\/wp\/v2\/pages\/2687\/revisions"}],"predecessor-version":[{"id":2688,"href":"https:\/\/kylat.meitadev.fi\/kanava\/wp-json\/wp\/v2\/pages\/2687\/revisions\/2688"}],"up":[{"embeddable":true,"href":"https:\/\/kylat.meitadev.fi\/kanava\/wp-json\/wp\/v2\/pages\/592"}],"wp:attachment":[{"href":"https:\/\/kylat.meitadev.fi\/kanava\/wp-json\/wp\/v2\/media?parent=2687"}],"curies":[{"name":"wp","href":"https:\/\/api.w.org\/{rel}","templated":true}]}}