{"id":2762,"date":"2021-08-29T20:13:56","date_gmt":"2021-08-29T17:13:56","guid":{"rendered":"https:\/\/kylat.meitadev.fi\/kanava\/?page_id=2762"},"modified":"2021-08-29T20:18:28","modified_gmt":"2021-08-29T17:18:28","slug":"onkikisat-2021","status":"publish","type":"page","link":"https:\/\/kylat.meitadev.fi\/kanava\/tapahtumat\/onkikisat-2021\/","title":{"rendered":"Onkikisat 2021"},"content":{"rendered":"\n<p>Onkikilpailut 17.8.2021 tulokset<\/p>\n\n\n\n<figure class=\"wp-block-table is-style-stripes\"><table><tbody><tr><td>Naiset<\/td><td><\/td><td>paino g<\/td><\/tr><tr><td>1.&nbsp;<\/td><td>Suvi Jaakola<\/td><td>294<\/td><\/tr><tr><td>2.<\/td><td>Elina Kansonen<\/td><td>231<\/td><\/tr><tr><td>3.<\/td><td>Anni-Maija Kansonen<\/td><td>200<\/td><\/tr><tr><td>4.<\/td><td>Salla Kosunen<\/td><td>114<\/td><\/tr><tr><td>5.<\/td><td>Sisko Lankinen<\/td><td>97<\/td><\/tr><tr><td>6.<\/td><td>Heidi Lankinen<\/td><td>65<\/td><\/tr><tr><td>7.<\/td><td>Seija Kansonen<\/td><td>57<\/td><\/tr><tr><td>8.<\/td><td>Ulla Hellman<\/td><td>30<\/td><\/tr><tr><td><\/td><td><\/td><td><\/td><\/tr><tr><td>Miehet<\/td><td><\/td><td><\/td><\/tr><tr><td>1.<\/td><td>Jyrki Kansonen<\/td><td>1042<\/td><\/tr><tr><td>2.<\/td><td>Juha Kansonen<\/td><td>426<\/td><\/tr><tr><td>3.<\/td><td>Ahti Huotari<\/td><td>315<\/td><\/tr><tr><td>4.<\/td><td>Marko Kansonen<\/td><td>221<\/td><\/tr><tr><td>5.<\/td><td>Tero Penttil\u00e4<\/td><td>181<\/td><\/tr><tr><td>6.<\/td><td>Petri Piiparinen<\/td><td>178<\/td><\/tr><tr><td>7.<\/td><td>Jussi Lankinen<\/td><td>169<\/td><\/tr><tr><td>8.<\/td><td>Aleksi J\u00e4rvenp\u00e4\u00e4<\/td><td>149<\/td><\/tr><tr><td>9.<\/td><td>Aimo Hellman<\/td><td>93<\/td><\/tr><tr><td>10.<\/td><td>Pekka Lyytik\u00e4inen<\/td><td>61<\/td><\/tr><tr><td>11.<\/td><td>Markku Frilander<\/td><td>37<\/td><\/tr><tr><td>12.<\/td><td>Osmo Mikonsaari<\/td><td>31<\/td><\/tr><tr><td>13.<\/td><td>Mikko Kemi<\/td><td>30<\/td><\/tr><tr><td>13.<\/td><td>Markus Kosunen<\/td><td>30<\/td><\/tr><tr><td><\/td><td><\/td><td><\/td><\/tr><tr><td>Tyt\u00f6t<\/td><td><\/td><td><\/td><\/tr><tr><td>1.<\/td><td>Aino<\/td><td>172<\/td><\/tr><tr><td>2.<\/td><td>Venla<\/td><td>105<\/td><\/tr><tr><td>3.<\/td><td>Toini<\/td><td>52<\/td><\/tr><tr><td>4.<\/td><td>Elsa<\/td><td>37<\/td><\/tr><tr><td>5.<\/td><td>Nea<\/td><td>36<\/td><\/tr><tr><td>6.<\/td><td>Asta<\/td><td>27<\/td><\/tr><tr><td>7.<\/td><td>Ilona<\/td><td>20<\/td><\/tr><tr><td><\/td><td><\/td><td><\/td><\/tr><tr><td>Pojat<\/td><td><\/td><td><\/td><\/tr><tr><td>1.<\/td><td>Eetu<\/td><td>233<\/td><\/tr><tr><td>2.<\/td><td>Viljami<\/td><td>162<\/td><\/tr><tr><td>3.<\/td><td>Vili<\/td><td>125<\/td><\/tr><tr><td>4.<\/td><td>Luca<\/td><td>84<\/td><\/tr><tr><td>5.<\/td><td>Ilari<\/td><td>79<\/td><\/tr><tr><td>6.<\/td><td>Samu<\/td><td>69<\/td><\/tr><tr><td><\/td><td>Vilppu<\/td><td>69<\/td><\/tr><tr><td>8.<\/td><td>Arttu<\/td><td>60<\/td><\/tr><tr><td>9.<\/td><td>Viljo<\/td><td>54<\/td><\/tr><tr><td>10.<\/td><td>Akseli<\/td><td>42<\/td><\/tr><tr><td>11.<\/td><td>Aarne<\/td><td>30<\/td><\/tr><tr><td>12.<\/td><td>Oskari<\/td><td>16<\/td><\/tr><tr><td>13.<\/td><td>Sakari<\/td><td>10<\/td><\/tr><tr><td><\/td><td><\/td><td><\/td><\/tr><tr><td>Suurin kala<\/td><td><\/td><td><\/td><\/tr><tr><td><\/td><td>Jyrki Kansonen<\/td><td>lahna 209<\/td><\/tr><\/tbody><\/table><\/figure>\n\n\n\n<div class=\"wp-block-group\"><div class=\"wp-block-group__inner-container is-layout-flow wp-block-group-is-layout-flow\"><\/div><\/div>\n","protected":false},"excerpt":{"rendered":"<p>Onkikilpailut 17.8.2021 tulokset Naiset paino g 1.&nbsp; Suvi Jaakola 294 2. Elina Kansonen 231 3. Anni-Maija Kansonen 200 4. Salla Kosunen 114 5. Sisko Lankinen 97 6. Heidi Lankinen 65 7. Seija Kansonen 57 8. Ulla Hellman 30 Miehet 1. &hellip; <a href=\"https:\/\/kylat.meitadev.fi\/kanava\/tapahtumat\/onkikisat-2021\/\">Lue loppuun <span class=\"meta-nav\">&rarr;<\/span><\/a><\/p>\n","protected":false},"author":10,"featured_media":0,"parent":592,"menu_order":0,"comment_status":"closed","ping_status":"closed","template":"","meta":{"footnotes":""},"_links":{"self":[{"href":"https:\/\/kylat.meitadev.fi\/kanava\/wp-json\/wp\/v2\/pages\/2762"}],"collection":[{"href":"https:\/\/kylat.meitadev.fi\/kanava\/wp-json\/wp\/v2\/pages"}],"about":[{"href":"https:\/\/kylat.meitadev.fi\/kanava\/wp-json\/wp\/v2\/types\/page"}],"author":[{"embeddable":true,"href":"https:\/\/kylat.meitadev.fi\/kanava\/wp-json\/wp\/v2\/users\/10"}],"replies":[{"embeddable":true,"href":"https:\/\/kylat.meitadev.fi\/kanava\/wp-json\/wp\/v2\/comments?post=2762"}],"version-history":[{"count":3,"href":"https:\/\/kylat.meitadev.fi\/kanava\/wp-json\/wp\/v2\/pages\/2762\/revisions"}],"predecessor-version":[{"id":2765,"href":"https:\/\/kylat.meitadev.fi\/kanava\/wp-json\/wp\/v2\/pages\/2762\/revisions\/2765"}],"up":[{"embeddable":true,"href":"https:\/\/kylat.meitadev.fi\/kanava\/wp-json\/wp\/v2\/pages\/592"}],"wp:attachment":[{"href":"https:\/\/kylat.meitadev.fi\/kanava\/wp-json\/wp\/v2\/media?parent=2762"}],"curies":[{"name":"wp","href":"https:\/\/api.w.org\/{rel}","templated":true}]}}