{"id":2804,"date":"2022-03-05T08:47:27","date_gmt":"2022-03-05T06:47:27","guid":{"rendered":"https:\/\/kylat.meitadev.fi\/kanava\/?page_id=2804"},"modified":"2022-03-05T09:04:02","modified_gmt":"2022-03-05T07:04:02","slug":"lasten-hiihtokilpailut-2022","status":"publish","type":"page","link":"https:\/\/kylat.meitadev.fi\/kanava\/tapahtumat\/lasten-hiihtokilpailut-2022\/","title":{"rendered":"Lasten hiihtokilpailut 2022"},"content":{"rendered":"\n<p>Lasten hiihtokilpailut j\u00e4rjestettiin laskiaissunnuntaina 27.2. S\u00e4\u00e4 oli kev\u00e4isen aurinkoinen ja latu erinomaisessa kunnossa. <\/p>\n\n\n\n<p>Nuorimmat kilpailijat hiihtiv\u00e4t kierroksen urheilukent\u00e4n ymp\u00e4ri, vanhemmat kaksi kierrosta ja vanhimmat pururatalenkin. Kilpailijat palkittiin mitaleilla ja suklaapatukoilla. Paikalla oli noin 40 henkil\u00f6\u00e4 ja maittavat tarjoilut eli kahvia, mehua, pullaa ja grillimakkaraa!<\/p>\n\n\n\n<p>TULOKSET:<\/p>\n\n\n\n<figure class=\"wp-block-table\"><table><tbody><tr><td><strong>Sarja<\/strong><\/td><td><strong>Tyt\u00f6t<\/strong><\/td><td><strong>Aika<\/strong><\/td><td><strong>Pojat<\/strong><\/td><td><strong>Aika<\/strong><\/td><\/tr><tr><td>2017-2018<\/td><td>1. Aada Partanen<\/td><td>3.23<\/td><td>1. Aku Haikala<\/td><td>2.40<\/td><\/tr><tr><td>2015-2016<\/td><td>1. Nelli Vanninen<\/td><td>5.12<\/td><td>1. Johannes Wolkoff<\/td><td>3.01<\/td><\/tr><tr><td>&nbsp;<\/td><td>&nbsp;<\/td><td>&nbsp;<\/td><td>2. Aarne Mikonsaari&nbsp;&nbsp;&nbsp;&nbsp;&nbsp;<\/td><td>4.40<\/td><\/tr><tr><td><\/td><td><\/td><td><\/td><td>3. Jalo Becker<\/td><td>5.05<\/td><\/tr><tr><td>2013-2014<\/td><td>1. Alina Tohmo<\/td><td>2.56<\/td><td>1. Vinski Heimala<\/td><td>3.53<\/td><\/tr><tr><td>2011-2012<\/td><td>1. Jenna Ruokonen<\/td><td>8.51<\/td><td>&nbsp;<\/td><td>&nbsp;<\/td><\/tr><tr><td><\/td><td>2. Nea Vanninen<\/td><td>10.21<\/td><td><\/td><td><\/td><\/tr><tr><td>2009-2010<\/td><td>1. Aino Tohmo<\/td><td>7.41<\/td><td>&nbsp;<\/td><td>&nbsp;<\/td><\/tr><tr><td>2007-2008<\/td><td><\/td><td><\/td><td>1. Jalmari Ruokonen<\/td><td>6.52<\/td><\/tr><\/tbody><\/table><\/figure>\n","protected":false},"excerpt":{"rendered":"<p>Lasten hiihtokilpailut j\u00e4rjestettiin laskiaissunnuntaina 27.2. S\u00e4\u00e4 oli kev\u00e4isen aurinkoinen ja latu erinomaisessa kunnossa. Nuorimmat kilpailijat hiihtiv\u00e4t kierroksen urheilukent\u00e4n ymp\u00e4ri, vanhemmat kaksi kierrosta ja vanhimmat pururatalenkin. Kilpailijat palkittiin mitaleilla ja suklaapatukoilla. Paikalla oli noin 40 henkil\u00f6\u00e4 ja maittavat tarjoilut eli kahvia, &hellip; <a href=\"https:\/\/kylat.meitadev.fi\/kanava\/tapahtumat\/lasten-hiihtokilpailut-2022\/\">Lue loppuun <span class=\"meta-nav\">&rarr;<\/span><\/a><\/p>\n","protected":false},"author":10,"featured_media":0,"parent":592,"menu_order":0,"comment_status":"closed","ping_status":"closed","template":"","meta":{"footnotes":""},"_links":{"self":[{"href":"https:\/\/kylat.meitadev.fi\/kanava\/wp-json\/wp\/v2\/pages\/2804"}],"collection":[{"href":"https:\/\/kylat.meitadev.fi\/kanava\/wp-json\/wp\/v2\/pages"}],"about":[{"href":"https:\/\/kylat.meitadev.fi\/kanava\/wp-json\/wp\/v2\/types\/page"}],"author":[{"embeddable":true,"href":"https:\/\/kylat.meitadev.fi\/kanava\/wp-json\/wp\/v2\/users\/10"}],"replies":[{"embeddable":true,"href":"https:\/\/kylat.meitadev.fi\/kanava\/wp-json\/wp\/v2\/comments?post=2804"}],"version-history":[{"count":2,"href":"https:\/\/kylat.meitadev.fi\/kanava\/wp-json\/wp\/v2\/pages\/2804\/revisions"}],"predecessor-version":[{"id":2809,"href":"https:\/\/kylat.meitadev.fi\/kanava\/wp-json\/wp\/v2\/pages\/2804\/revisions\/2809"}],"up":[{"embeddable":true,"href":"https:\/\/kylat.meitadev.fi\/kanava\/wp-json\/wp\/v2\/pages\/592"}],"wp:attachment":[{"href":"https:\/\/kylat.meitadev.fi\/kanava\/wp-json\/wp\/v2\/media?parent=2804"}],"curies":[{"name":"wp","href":"https:\/\/api.w.org\/{rel}","templated":true}]}}