{"id":332,"date":"2011-05-06T21:41:09","date_gmt":"2011-05-06T18:41:09","guid":{"rendered":"https:\/\/kylat.meitadev.fi\/kanava\/?page_id=332"},"modified":"2012-02-08T23:29:59","modified_gmt":"2012-02-08T21:29:59","slug":"historia","status":"publish","type":"page","link":"https:\/\/kylat.meitadev.fi\/kanava\/historia\/","title":{"rendered":"HISTORIA"},"content":{"rendered":"<p>Lempi\u00e4l\u00e4n kyl\u00e4toimikunta on muuttunut rekister\u00f6idyksi kyl\u00e4yhdistykseksi 10.5.2011 ja kyl\u00e4yhdistyksen nimi on nyt Saimaan kanavan kyl\u00e4yhdistys ry.<\/p>\n","protected":false},"excerpt":{"rendered":"<p>Lempi\u00e4l\u00e4n kyl\u00e4toimikunta on muuttunut rekister\u00f6idyksi kyl\u00e4yhdistykseksi 10.5.2011 ja kyl\u00e4yhdistyksen nimi on nyt Saimaan kanavan kyl\u00e4yhdistys ry.<\/p>\n","protected":false},"author":10,"featured_media":0,"parent":0,"menu_order":7,"comment_status":"closed","ping_status":"closed","template":"onecolumn-page.php","meta":{"footnotes":""},"_links":{"self":[{"href":"https:\/\/kylat.meitadev.fi\/kanava\/wp-json\/wp\/v2\/pages\/332"}],"collection":[{"href":"https:\/\/kylat.meitadev.fi\/kanava\/wp-json\/wp\/v2\/pages"}],"about":[{"href":"https:\/\/kylat.meitadev.fi\/kanava\/wp-json\/wp\/v2\/types\/page"}],"author":[{"embeddable":true,"href":"https:\/\/kylat.meitadev.fi\/kanava\/wp-json\/wp\/v2\/users\/10"}],"replies":[{"embeddable":true,"href":"https:\/\/kylat.meitadev.fi\/kanava\/wp-json\/wp\/v2\/comments?post=332"}],"version-history":[{"count":9,"href":"https:\/\/kylat.meitadev.fi\/kanava\/wp-json\/wp\/v2\/pages\/332\/revisions"}],"predecessor-version":[{"id":941,"href":"https:\/\/kylat.meitadev.fi\/kanava\/wp-json\/wp\/v2\/pages\/332\/revisions\/941"}],"wp:attachment":[{"href":"https:\/\/kylat.meitadev.fi\/kanava\/wp-json\/wp\/v2\/media?parent=332"}],"curies":[{"name":"wp","href":"https:\/\/api.w.org\/{rel}","templated":true}]}}