{"id":335,"date":"2011-05-06T23:10:29","date_gmt":"2011-05-06T20:10:29","guid":{"rendered":"https:\/\/kylat.meitadev.fi\/kanava\/?page_id=335"},"modified":"2017-02-04T14:40:33","modified_gmt":"2017-02-04T12:40:33","slug":"vanha-kanava","status":"publish","type":"page","link":"https:\/\/kylat.meitadev.fi\/kanava\/historia\/vanha-kanava\/","title":{"rendered":"Vanha kanava"},"content":{"rendered":"<p style=\"text-align: left\">150-vuotias Saimaan kanava on mainio retkikohde. Vanhan kanavan rakenteita ja kulttuuriymp\u00e4rist\u00f6\u00e4 voi parhaiten ihailla M\u00e4lki\u00e4ll\u00e4 ja Mustolassa, mutta kannattaa k\u00e4yd\u00e4 my\u00f6s Kansolassa.<\/p>\n<p style=\"text-align: left\">Kansolan sulun l\u00e4hell\u00e4 vanhan kanavan ylitt\u00e4\u00e4 kaunis valkea rullasilta. Se on ainut muistomerkki useista kanavan rullasilloista, jotka rullattiin sivuun alusten tielt\u00e4. Sillan vieress\u00e4 vanhan kanavan alittaa Kansolan kulvertti. Se on erikoinen rakennelma: holvirumpu, jota pitkin Soskuanjoki virtaa kanavan alitse.<\/p>\n<p style=\"text-align: left\">Kulvertin ylitse kulkee kanavan lis\u00e4ksi hiekkatie, joka vie Kansolasta Suikkiin vanhan ja uuden kanavan v\u00e4list\u00e4 kannasta pitkin.<\/p>\n<p style=\"text-align: left\">Kannas on kaunis katsella ja kiva k\u00e4vell\u00e4 tai py\u00f6r\u00e4ill\u00e4. Suikista p\u00e4\u00e4see mantereelle kapulalossilla. Autollakin kannaksen hiekkatiet\u00e4 voi ajaa, mutta Suikissa autoilijan pit\u00e4\u00e4 k\u00e4\u00e4nty\u00e4 takaisin. Kannastiell\u00e4 on syyt\u00e4 ajaa varovaisesti. Vastaan voi tulla hevosmies.<\/p>\n<p style=\"text-align: left\">(L\u00e4hde: http:\/\/www2.lappeenranta.fi\/lehtitietokanta\/artikkeli.php?id=6108)<\/p>\n<div id=\"attachment_336\" style=\"width: 458px\" class=\"wp-caption aligncenter\"><a href=\"https:\/\/kylat.meitadev.fi\/kanava\/wp-content\/uploads\/sites\/7\/2011\/05\/kansolan_kulvertti1890.jpeg\" target=\"_blank\"><img loading=\"lazy\" decoding=\"async\" aria-describedby=\"caption-attachment-336\" class=\"wp-image-336\" style=\"border: 1px solid black\" src=\"https:\/\/kylat.meitadev.fi\/kanava\/wp-content\/uploads\/sites\/7\/2011\/05\/kansolan_kulvertti1890.jpeg\" width=\"448\" height=\"327\" \/><\/a><p id=\"caption-attachment-336\" class=\"wp-caption-text\">Kansolan kulvertti v. 1890<\/p><\/div>\n<div id=\"attachment_439\" style=\"width: 432px\" class=\"wp-caption aligncenter\"><a title=\"Kansolan kulvertti\" href=\"https:\/\/kylat.meitadev.fi\/kanava\/wp-content\/uploads\/sites\/7\/2011\/05\/kansolan_kulvertti_20_07_1911.jpeg\" target=\"_blank\"><img loading=\"lazy\" decoding=\"async\" aria-describedby=\"caption-attachment-439\" class=\"wp-image-439\" style=\"border: 1px solid black\" src=\"https:\/\/kylat.meitadev.fi\/kanava\/wp-content\/uploads\/sites\/7\/2011\/05\/kansolan_kulvertti_20_07_1911.jpeg\" alt=\"Kansolan kulvertti\" width=\"422\" height=\"289\" \/><\/a><p id=\"caption-attachment-439\" class=\"wp-caption-text\">Kansolan kulvertti 20.7.1911<\/p><\/div>\n<p style=\"text-align: left\">MIK\u00c4 IHMEEN KULVERTTI? Tietosanakirjan mukaan kulvertti eli pengersilta on holvisilta korkeamman t\u00e4ytepengerm\u00e4n alla.<\/p>\n<div id=\"attachment_440\" style=\"width: 458px\" class=\"wp-caption aligncenter\"><a href=\"https:\/\/kylat.meitadev.fi\/kanava\/wp-content\/uploads\/sites\/7\/2011\/05\/kansolan_kulvertti_pohjaluukun_aukko_24_09_1919.jpeg\" target=\"_blank\"><img loading=\"lazy\" decoding=\"async\" aria-describedby=\"caption-attachment-440\" class=\"wp-image-440\" style=\"border: 1px solid black\" src=\"https:\/\/kylat.meitadev.fi\/kanava\/wp-content\/uploads\/sites\/7\/2011\/05\/kansolan_kulvertti_pohjaluukun_aukko_24_09_1919.jpeg\" alt=\"Kansolan kulvertti ja pohjaluukun aukko\" width=\"448\" height=\"330\" \/><\/a><p id=\"caption-attachment-440\" class=\"wp-caption-text\">Kansolan kulvertti ja pohjaluukun aukko<\/p><\/div>\n<div id=\"attachment_437\" style=\"width: 432px\" class=\"wp-caption aligncenter\"><a href=\"https:\/\/kylat.meitadev.fi\/kanava\/wp-content\/uploads\/sites\/7\/2011\/05\/kansolan_vanha_rullasilta.jpeg\" target=\"_blank\"><img loading=\"lazy\" decoding=\"async\" aria-describedby=\"caption-attachment-437\" class=\"wp-image-437\" style=\"border: 1px solid black\" src=\"https:\/\/kylat.meitadev.fi\/kanava\/wp-content\/uploads\/sites\/7\/2011\/05\/kansolan_vanha_rullasilta.jpeg\" alt=\"Kansolan vanha rullasilta\" width=\"422\" height=\"282\" \/><\/a><p id=\"caption-attachment-437\" class=\"wp-caption-text\">Kansolan vanha rullasilta<\/p><\/div>\n<div id=\"attachment_443\" style=\"width: 458px\" class=\"wp-caption aligncenter\"><a href=\"https:\/\/kylat.meitadev.fi\/kanava\/wp-content\/uploads\/sites\/7\/2011\/05\/kansola_20_07_1911.jpeg\" target=\"_blank\"><img loading=\"lazy\" decoding=\"async\" aria-describedby=\"caption-attachment-443\" class=\"wp-image-443\" style=\"border: 1px solid black\" src=\"https:\/\/kylat.meitadev.fi\/kanava\/wp-content\/uploads\/sites\/7\/2011\/05\/kansola_20_07_1911.jpeg\" alt=\"Kansola\" width=\"448\" height=\"304\" \/><\/a><p id=\"caption-attachment-443\" class=\"wp-caption-text\">Kansola 20.7.1911<\/p><\/div>\n","protected":false},"excerpt":{"rendered":"<p>150-vuotias Saimaan kanava on mainio retkikohde. Vanhan kanavan rakenteita ja kulttuuriymp\u00e4rist\u00f6\u00e4 voi parhaiten ihailla M\u00e4lki\u00e4ll\u00e4 ja Mustolassa, mutta kannattaa k\u00e4yd\u00e4 my\u00f6s Kansolassa. Kansolan sulun l\u00e4hell\u00e4 vanhan kanavan ylitt\u00e4\u00e4 kaunis valkea rullasilta. Se on ainut muistomerkki useista kanavan rullasilloista, jotka rullattiin &hellip; <a href=\"https:\/\/kylat.meitadev.fi\/kanava\/historia\/vanha-kanava\/\">Lue loppuun <span class=\"meta-nav\">&rarr;<\/span><\/a><\/p>\n","protected":false},"author":10,"featured_media":0,"parent":332,"menu_order":0,"comment_status":"closed","ping_status":"closed","template":"","meta":{"footnotes":""},"_links":{"self":[{"href":"https:\/\/kylat.meitadev.fi\/kanava\/wp-json\/wp\/v2\/pages\/335"}],"collection":[{"href":"https:\/\/kylat.meitadev.fi\/kanava\/wp-json\/wp\/v2\/pages"}],"about":[{"href":"https:\/\/kylat.meitadev.fi\/kanava\/wp-json\/wp\/v2\/types\/page"}],"author":[{"embeddable":true,"href":"https:\/\/kylat.meitadev.fi\/kanava\/wp-json\/wp\/v2\/users\/10"}],"replies":[{"embeddable":true,"href":"https:\/\/kylat.meitadev.fi\/kanava\/wp-json\/wp\/v2\/comments?post=335"}],"version-history":[{"count":11,"href":"https:\/\/kylat.meitadev.fi\/kanava\/wp-json\/wp\/v2\/pages\/335\/revisions"}],"predecessor-version":[{"id":2197,"href":"https:\/\/kylat.meitadev.fi\/kanava\/wp-json\/wp\/v2\/pages\/335\/revisions\/2197"}],"up":[{"embeddable":true,"href":"https:\/\/kylat.meitadev.fi\/kanava\/wp-json\/wp\/v2\/pages\/332"}],"wp:attachment":[{"href":"https:\/\/kylat.meitadev.fi\/kanava\/wp-json\/wp\/v2\/media?parent=335"}],"curies":[{"name":"wp","href":"https:\/\/api.w.org\/{rel}","templated":true}]}}