{"id":432,"date":"2011-05-23T22:42:55","date_gmt":"2011-05-23T19:42:55","guid":{"rendered":"https:\/\/kylat.meitadev.fi\/kanava\/?page_id=432"},"modified":"2019-11-17T18:41:27","modified_gmt":"2019-11-17T16:41:27","slug":"liikuntamahdollisuudet","status":"publish","type":"page","link":"https:\/\/kylat.meitadev.fi\/kanava\/kylatoiminta\/liikuntamahdollisuudet\/","title":{"rendered":"Liikuntamahdollisuudet"},"content":{"rendered":"<h2>Kanavan liikuntakeskus<\/h2>\n<p>Kanavan liikuntakeskuksessa on monipuoliset liikuntamahdollisuudet. Katso sivu <a title=\"Kanavan liikuntakeskus\" href=\"https:\/\/kylat.meitadev.fi\/kanava\/kylatoiminta\/kanavan-liikuntakeskus\/\">Kanavan liikuntakeskus<\/a>.<\/p>\n<h3>Frisbeegolf<\/h3>\n<p><img loading=\"lazy\" decoding=\"async\" class=\"alignleft wp-image-1879 size-medium\" src=\"https:\/\/kylat.meitadev.fi\/kanava\/wp-content\/uploads\/sites\/7\/2011\/05\/fgkori-200x300.jpg\" alt=\"Frisbeegolfkori\" width=\"200\" height=\"300\" \/><\/p>\n<p>Lyytikk\u00e4l\u00e4n 9-v\u00e4yl\u00e4inen frisbeegolfrata on avattu syyskuusta 2015 alkaen! Rata sijaitsee urheilukent\u00e4n ja pururadan alueella. Katso tarkemmat tiedot sivulta <a href=\"https:\/\/kylat.meitadev.fi\/kanava\/frisbeegolf\/\">Lyytikk\u00e4l\u00e4n frisbeegolf<\/a>.<\/p>\n<h3><\/h3>\n<h3><\/h3>\n<h3><\/h3>\n<h3><\/h3>\n<h3>Hiihto<\/h3>\n<p>Kyl\u00e4yhdistyksen alueella hiihdett\u00e4vi\u00e4 latuja on noin 20 km. Muut ovat perinteisen hiihtotavan latuja, paitsi Kanavan liikuntakeskuksen alueella on valaistua latua noin 2 km, jossa voi hiiht\u00e4\u00e4 sek\u00e4 perinteisell\u00e4 ett\u00e4 vapaalla tyylill\u00e4.<\/p>\n<p>Kyl\u00e4yhdistyksen alueella hiihtolatuja yll\u00e4pit\u00e4\u00e4 Lappeen Riennon Kanavan osasto ry.<\/p>\n<p>Lappeenrannan alueella j\u00e4rjestet\u00e4\u00e4n mm. Saimaan Hiihto -tapahtuma. <strong>LYYTIKK\u00c4L\u00c4-KANSOLA REITTI<\/strong> l\u00e4htee Kanavan liikuntakeskuksesta ja kulkee kanavan vartta Kansolaan ja takaisin. Reitin pituus on n. 9 km ja hiiht\u00e4\u00e4 voi vain perinteisell\u00e4 tyylill\u00e4.<\/p>\n<h3>Suunnistus<\/h3>\n<p><a href=\"https:\/\/kylat.meitadev.fi\/kanava\/wp-content\/uploads\/sites\/7\/2017\/06\/2017_LYYTIKK\u00c4L\u00c4_170610.pdf\">Lyytikk\u00e4l\u00e4n suunnistuskartta (pdf)<\/a><\/p>\n<h3>Lenkkeily ja patikointi<\/h3>\n<p>Kyl\u00e4yhdistyksen alueella on paljon kyl\u00e4teit\u00e4 ja polkuja. Lev\u00e4hdys- ja ev\u00e4idensy\u00f6ntipaikkana voi k\u00e4ytt\u00e4\u00e4 esim. kyl\u00e4yhdistyksen laavua, joka sijaitsee Kanavan Liikuntakeskuksen ja T\u00f6r\u00f6m\u00e4entien v\u00e4lisess\u00e4 maastossa, noin 600 m Kanavan liikuntahallilta etel\u00e4\u00e4n p\u00e4in.<\/p>\n<div id=\"attachment_879\" style=\"width: 234px\" class=\"wp-caption aligncenter\"><img loading=\"lazy\" decoding=\"async\" aria-describedby=\"caption-attachment-879\" class=\" wp-image-879\" src=\"https:\/\/kylat.meitadev.fi\/kanava\/wp-content\/uploads\/sites\/7\/2011\/05\/laavu1.jpg\" alt=\"\" width=\"224\" height=\"300\" \/><p id=\"caption-attachment-879\" class=\"wp-caption-text\">Kyl\u00e4yhdistyksen laavu<\/p><\/div>\n<h3><\/h3>\n<h3>Py\u00f6r\u00e4ily<\/h3>\n<p>Osa Saimaan py\u00f6r\u00e4ilyreitist\u00e4 kulkee Lappeenrannasta Nuijamaalle. Vieh\u00e4tt\u00e4v\u00e4 pieni hiekkatie kulkee uuden ja vanhan kanavan v\u00e4liss\u00e4. Reitin varrella on kapulalossi vanhan kanavan yli.<\/p>\n<p>Tarkempaa tietoa mm. Saimaan py\u00f6r\u00e4ilyreitist\u00e4 l\u00f6ytyy <a title=\"eKarjala - Retkeily\" href=\"https:\/\/ekarjala-retkeily.fi\/reitit-ja-retkikohteet\/\" target=\"_blank\" rel=\"noopener noreferrer\">Reitit ja retkikohteet &#8211; Etel\u00e4-Karjalan Retkeily<\/a> -sivustolta.<\/p>\n<div id=\"attachment_450\" style=\"width: 310px\" class=\"wp-caption aligncenter\"><img loading=\"lazy\" decoding=\"async\" aria-describedby=\"caption-attachment-450\" class=\" wp-image-450\" style=\"border: 1px solid black\" src=\"https:\/\/kylat.meitadev.fi\/kanava\/wp-content\/uploads\/sites\/7\/2011\/05\/py\u00f6r\u00e4ily_kapulalossi.jpeg\" alt=\"Kapulalossi\" width=\"300\" height=\"222\" \/><p id=\"caption-attachment-450\" class=\"wp-caption-text\">Kapulalossi<\/p><\/div>\n","protected":false},"excerpt":{"rendered":"<p>Kanavan liikuntakeskus Kanavan liikuntakeskuksessa on monipuoliset liikuntamahdollisuudet. Katso sivu Kanavan liikuntakeskus. Frisbeegolf Lyytikk\u00e4l\u00e4n 9-v\u00e4yl\u00e4inen frisbeegolfrata on avattu syyskuusta 2015 alkaen! Rata sijaitsee urheilukent\u00e4n ja pururadan alueella. Katso tarkemmat tiedot sivulta Lyytikk\u00e4l\u00e4n frisbeegolf. Hiihto Kyl\u00e4yhdistyksen alueella hiihdett\u00e4vi\u00e4 latuja on noin 20 &hellip; <a href=\"https:\/\/kylat.meitadev.fi\/kanava\/kylatoiminta\/liikuntamahdollisuudet\/\">Lue loppuun <span class=\"meta-nav\">&rarr;<\/span><\/a><\/p>\n","protected":false},"author":10,"featured_media":0,"parent":423,"menu_order":0,"comment_status":"closed","ping_status":"closed","template":"","meta":{"footnotes":""},"_links":{"self":[{"href":"https:\/\/kylat.meitadev.fi\/kanava\/wp-json\/wp\/v2\/pages\/432"}],"collection":[{"href":"https:\/\/kylat.meitadev.fi\/kanava\/wp-json\/wp\/v2\/pages"}],"about":[{"href":"https:\/\/kylat.meitadev.fi\/kanava\/wp-json\/wp\/v2\/types\/page"}],"author":[{"embeddable":true,"href":"https:\/\/kylat.meitadev.fi\/kanava\/wp-json\/wp\/v2\/users\/10"}],"replies":[{"embeddable":true,"href":"https:\/\/kylat.meitadev.fi\/kanava\/wp-json\/wp\/v2\/comments?post=432"}],"version-history":[{"count":31,"href":"https:\/\/kylat.meitadev.fi\/kanava\/wp-json\/wp\/v2\/pages\/432\/revisions"}],"predecessor-version":[{"id":2601,"href":"https:\/\/kylat.meitadev.fi\/kanava\/wp-json\/wp\/v2\/pages\/432\/revisions\/2601"}],"up":[{"embeddable":true,"href":"https:\/\/kylat.meitadev.fi\/kanava\/wp-json\/wp\/v2\/pages\/423"}],"wp:attachment":[{"href":"https:\/\/kylat.meitadev.fi\/kanava\/wp-json\/wp\/v2\/media?parent=432"}],"curies":[{"name":"wp","href":"https:\/\/api.w.org\/{rel}","templated":true}]}}