{"id":500,"date":"2011-05-24T00:40:20","date_gmt":"2011-05-23T21:40:20","guid":{"rendered":"https:\/\/kylat.meitadev.fi\/kanava\/?page_id=500"},"modified":"2017-02-03T18:06:57","modified_gmt":"2017-02-03T16:06:57","slug":"karhusjarvi","status":"publish","type":"page","link":"https:\/\/kylat.meitadev.fi\/kanava\/kylat\/karhusjarvi\/","title":{"rendered":"Karhusj\u00e4rvi"},"content":{"rendered":"<p>Karhusj\u00e4rven kyl\u00e4n asukasm\u00e4\u00e4r\u00e4 on noin 45. Karhusj\u00e4rven kyl\u00e4ll\u00e4 toimii mm. leipomo ja liikennepalveluyritys.<\/p>\n<p>Karhusj\u00e4rvi sijaitsee Lappeenrannan kaupungin it\u00e4osassa noin 10 km keskustasta Karhusj\u00e4rven ja Rasalan kylien v\u00e4liss\u00e4 ja kuuluu Viipurinlahteen laskevan Juustilanjoen vesist\u00f6alueeseen. Karhusj\u00e4rven laskujoki on Mustajoki, joka laskee Juustilanjokeen ja edelleen Viipurinlahteen.<\/p>\n<div id=\"attachment_90\" style=\"width: 490px\" class=\"wp-caption alignleft\"><a href=\"https:\/\/kylat.meitadev.fi\/kanava\/wp-content\/uploads\/sites\/7\/2011\/03\/karhusj\u00e4rvi.jpeg\" target=\"_blank\"><img loading=\"lazy\" decoding=\"async\" aria-describedby=\"caption-attachment-90\" class=\"wp-image-90\" style=\"border: 1px solid black\" src=\"https:\/\/kylat.meitadev.fi\/kanava\/wp-content\/uploads\/sites\/7\/2011\/03\/karhusj\u00e4rvi.jpeg\" alt=\"Karhusj\u00e4rvi\" width=\"480\" height=\"360\" \/><\/a><p id=\"caption-attachment-90\" class=\"wp-caption-text\">Karhusj\u00e4rvi<\/p><\/div>\n","protected":false},"excerpt":{"rendered":"<p>Karhusj\u00e4rven kyl\u00e4n asukasm\u00e4\u00e4r\u00e4 on noin 45. Karhusj\u00e4rven kyl\u00e4ll\u00e4 toimii mm. leipomo ja liikennepalveluyritys. Karhusj\u00e4rvi sijaitsee Lappeenrannan kaupungin it\u00e4osassa noin 10 km keskustasta Karhusj\u00e4rven ja Rasalan kylien v\u00e4liss\u00e4 ja kuuluu Viipurinlahteen laskevan Juustilanjoen vesist\u00f6alueeseen. Karhusj\u00e4rven laskujoki on Mustajoki, joka laskee Juustilanjokeen &hellip; <a href=\"https:\/\/kylat.meitadev.fi\/kanava\/kylat\/karhusjarvi\/\">Lue loppuun <span class=\"meta-nav\">&rarr;<\/span><\/a><\/p>\n","protected":false},"author":10,"featured_media":0,"parent":2,"menu_order":0,"comment_status":"closed","ping_status":"closed","template":"","meta":{"footnotes":""},"_links":{"self":[{"href":"https:\/\/kylat.meitadev.fi\/kanava\/wp-json\/wp\/v2\/pages\/500"}],"collection":[{"href":"https:\/\/kylat.meitadev.fi\/kanava\/wp-json\/wp\/v2\/pages"}],"about":[{"href":"https:\/\/kylat.meitadev.fi\/kanava\/wp-json\/wp\/v2\/types\/page"}],"author":[{"embeddable":true,"href":"https:\/\/kylat.meitadev.fi\/kanava\/wp-json\/wp\/v2\/users\/10"}],"replies":[{"embeddable":true,"href":"https:\/\/kylat.meitadev.fi\/kanava\/wp-json\/wp\/v2\/comments?post=500"}],"version-history":[{"count":10,"href":"https:\/\/kylat.meitadev.fi\/kanava\/wp-json\/wp\/v2\/pages\/500\/revisions"}],"predecessor-version":[{"id":2148,"href":"https:\/\/kylat.meitadev.fi\/kanava\/wp-json\/wp\/v2\/pages\/500\/revisions\/2148"}],"up":[{"embeddable":true,"href":"https:\/\/kylat.meitadev.fi\/kanava\/wp-json\/wp\/v2\/pages\/2"}],"wp:attachment":[{"href":"https:\/\/kylat.meitadev.fi\/kanava\/wp-json\/wp\/v2\/media?parent=500"}],"curies":[{"name":"wp","href":"https:\/\/api.w.org\/{rel}","templated":true}]}}