{"id":517,"date":"2011-05-24T01:00:04","date_gmt":"2011-05-23T22:00:04","guid":{"rendered":"https:\/\/kylat.meitadev.fi\/kanava\/?page_id=517"},"modified":"2017-02-03T18:29:08","modified_gmt":"2017-02-03T16:29:08","slug":"kuvia","status":"publish","type":"page","link":"https:\/\/kylat.meitadev.fi\/kanava\/kylat\/lyytikkala\/kuvia\/","title":{"rendered":"Kuvia Lyytikk\u00e4l\u00e4st\u00e4"},"content":{"rendered":"<p style=\"text-align: center\">Harvinaisia kangasvuokkoja kuvattuna kev\u00e4\u00e4ll\u00e4 2005 Kanavan liikuntakeskuksen ja Lyytikk\u00e4l\u00e4n Hiihtomaan l\u00e4heisyydess\u00e4<\/p>\n<p><a href=\"https:\/\/kylat.meitadev.fi\/kanava\/wp-content\/uploads\/sites\/7\/2011\/03\/lyytikk\u00e4l\u00e4_kangasvuokot1.jpeg\" target=\"_blank\"><img loading=\"lazy\" decoding=\"async\" class=\"aligncenter wp-image-465\" style=\"border: 1px solid black\" src=\"https:\/\/kylat.meitadev.fi\/kanava\/wp-content\/uploads\/sites\/7\/2011\/03\/lyytikk\u00e4l\u00e4_kangasvuokot1.jpeg\" alt=\"Kangasvuokot\" width=\"278\" height=\"209\" \/><\/a><a href=\"https:\/\/kylat.meitadev.fi\/kanava\/wp-content\/uploads\/sites\/7\/2011\/03\/lyytikk\u00e4l\u00e4_kangasvuokot2.jpeg\" target=\"_blank\"><img loading=\"lazy\" decoding=\"async\" class=\"aligncenter wp-image-466\" style=\"border: 1px solid black\" src=\"https:\/\/kylat.meitadev.fi\/kanava\/wp-content\/uploads\/sites\/7\/2011\/03\/lyytikk\u00e4l\u00e4_kangasvuokot2.jpeg\" alt=\"Kangasvuokkoja\" width=\"278\" height=\"209\" \/><\/a><\/p>\n<p style=\"text-align: center\">Lyytikk\u00e4l\u00e4n asukkeja<\/p>\n<p><a href=\"https:\/\/kylat.meitadev.fi\/kanava\/wp-content\/uploads\/sites\/7\/2011\/03\/lyytikk\u00e4l\u00e4_lehm\u00e4t.jpeg\" target=\"_blank\"><img loading=\"lazy\" decoding=\"async\" class=\"aligncenter wp-image-464\" style=\"border: 1px solid black\" src=\"https:\/\/kylat.meitadev.fi\/kanava\/wp-content\/uploads\/sites\/7\/2011\/03\/lyytikk\u00e4l\u00e4_lehm\u00e4t.jpeg\" alt=\"Lyytikk\u00e4l\u00e4n lehmi\u00e4\" width=\"276\" height=\"204\" \/><\/a><a href=\"https:\/\/kylat.meitadev.fi\/kanava\/wp-content\/uploads\/sites\/7\/2011\/03\/lyytikk\u00e4l\u00e4_hevoset.jpeg\" target=\"_blank\"><img loading=\"lazy\" decoding=\"async\" class=\"aligncenter wp-image-467\" style=\"border: 1px solid black\" src=\"https:\/\/kylat.meitadev.fi\/kanava\/wp-content\/uploads\/sites\/7\/2011\/03\/lyytikk\u00e4l\u00e4_hevoset.jpeg\" alt=\"Lyytikk\u00e4l\u00e4n hevoset\" width=\"273\" height=\"206\" \/><\/a><\/p>\n<p style=\"text-align: center\"><strong>Karhuhavainto!<\/strong>\u00a0Karhu n\u00e4htiin 1.6.2006 Lyytikk\u00e4l\u00e4ntien p\u00e4\u00e4ss\u00e4 olevalla pellolla Tuomojaan p\u00e4in l\u00e4htiess\u00e4. L\u00e4himpiin taloihin matkaa on 200 &#8211; 300 m. Kyseess\u00e4 oli ilmeisesti erauspentu (1-vuotias karhu). Ao. kuvan otti Tuomas Talonpoika.<\/p>\n<p><a href=\"https:\/\/kylat.meitadev.fi\/kanava\/wp-content\/uploads\/sites\/7\/2011\/03\/lyytikk\u00e4l\u00e4_karhu.jpeg\" target=\"_blank\"><img loading=\"lazy\" decoding=\"async\" class=\"aligncenter wp-image-468\" style=\"border: 1px solid black\" src=\"https:\/\/kylat.meitadev.fi\/kanava\/wp-content\/uploads\/sites\/7\/2011\/03\/lyytikk\u00e4l\u00e4_karhu.jpeg\" alt=\"Karhu\" width=\"306\" height=\"230\" \/><\/a><\/p>\n","protected":false},"excerpt":{"rendered":"<p>Harvinaisia kangasvuokkoja kuvattuna kev\u00e4\u00e4ll\u00e4 2005 Kanavan liikuntakeskuksen ja Lyytikk\u00e4l\u00e4n Hiihtomaan l\u00e4heisyydess\u00e4 Lyytikk\u00e4l\u00e4n asukkeja Karhuhavainto!\u00a0Karhu n\u00e4htiin 1.6.2006 Lyytikk\u00e4l\u00e4ntien p\u00e4\u00e4ss\u00e4 olevalla pellolla Tuomojaan p\u00e4in l\u00e4htiess\u00e4. L\u00e4himpiin taloihin matkaa on 200 &#8211; 300 m. Kyseess\u00e4 oli ilmeisesti erauspentu (1-vuotias karhu). Ao. kuvan otti &hellip; <a href=\"https:\/\/kylat.meitadev.fi\/kanava\/kylat\/lyytikkala\/kuvia\/\">Lue loppuun <span class=\"meta-nav\">&rarr;<\/span><\/a><\/p>\n","protected":false},"author":10,"featured_media":0,"parent":190,"menu_order":0,"comment_status":"closed","ping_status":"closed","template":"","meta":{"footnotes":""},"_links":{"self":[{"href":"https:\/\/kylat.meitadev.fi\/kanava\/wp-json\/wp\/v2\/pages\/517"}],"collection":[{"href":"https:\/\/kylat.meitadev.fi\/kanava\/wp-json\/wp\/v2\/pages"}],"about":[{"href":"https:\/\/kylat.meitadev.fi\/kanava\/wp-json\/wp\/v2\/types\/page"}],"author":[{"embeddable":true,"href":"https:\/\/kylat.meitadev.fi\/kanava\/wp-json\/wp\/v2\/users\/10"}],"replies":[{"embeddable":true,"href":"https:\/\/kylat.meitadev.fi\/kanava\/wp-json\/wp\/v2\/comments?post=517"}],"version-history":[{"count":10,"href":"https:\/\/kylat.meitadev.fi\/kanava\/wp-json\/wp\/v2\/pages\/517\/revisions"}],"predecessor-version":[{"id":2158,"href":"https:\/\/kylat.meitadev.fi\/kanava\/wp-json\/wp\/v2\/pages\/517\/revisions\/2158"}],"up":[{"embeddable":true,"href":"https:\/\/kylat.meitadev.fi\/kanava\/wp-json\/wp\/v2\/pages\/190"}],"wp:attachment":[{"href":"https:\/\/kylat.meitadev.fi\/kanava\/wp-json\/wp\/v2\/media?parent=517"}],"curies":[{"name":"wp","href":"https:\/\/api.w.org\/{rel}","templated":true}]}}