{"id":529,"date":"2011-05-24T01:12:32","date_gmt":"2011-05-23T22:12:32","guid":{"rendered":"https:\/\/kylat.meitadev.fi\/kanava\/?page_id=529"},"modified":"2015-09-07T20:59:17","modified_gmt":"2015-09-07T17:59:17","slug":"hankkeet","status":"publish","type":"page","link":"https:\/\/kylat.meitadev.fi\/kanava\/hankkeet\/","title":{"rendered":"HANKKEET"},"content":{"rendered":"<p>Kyl\u00e4toimikunnan nimen muutos sai alkunsa hankesuunnitelmista, koska niiden toteuttaminen vaati toimikunnan rekister\u00f6imist\u00e4. Lempi\u00e4l\u00e4n kyl\u00e4toimikunnasta tuli 10.05.2011 Patentti- ja rekisterihallituksen p\u00e4\u00e4t\u00f6ksell\u00e4 Saimaan kanavan kyl\u00e4yhdistys ry.<\/p>\n<h2>Toteutuneet hankkeet:<\/h2>\n<p>Frisbeegolfradan rakentaminen, toteutettu v. 2015<\/p>\n<p>Kaksiosainen hanke, 1-osa toteutettu v. 2011-2012, 2-osa toteutettu v. 2012-2013:<\/p>\n<ol>\n<li>Lyytikk\u00e4l\u00e4n urheilukent\u00e4n kehitt\u00e4minen, joka sis\u00e4lt\u00e4\u00e4\n<ul>\n<li>uuden j\u00e4\u00e4kiekkokaukalon rakentamisen urheilukent\u00e4lle.<\/li>\n<li>porakaivon tekemisen urheilukent\u00e4lle.<\/li>\n<li>urheilukent\u00e4n nurmikon osittaisen uusimisen ja kunnostuksen.<\/li>\n<\/ul>\n<\/li>\n<li>Monitoimi\/liikuntahallin rakentaminen<\/li>\n<\/ol>\n","protected":false},"excerpt":{"rendered":"<p>Kyl\u00e4toimikunnan nimen muutos sai alkunsa hankesuunnitelmista, koska niiden toteuttaminen vaati toimikunnan rekister\u00f6imist\u00e4. Lempi\u00e4l\u00e4n kyl\u00e4toimikunnasta tuli 10.05.2011 Patentti- ja rekisterihallituksen p\u00e4\u00e4t\u00f6ksell\u00e4 Saimaan kanavan kyl\u00e4yhdistys ry. Toteutuneet hankkeet: Frisbeegolfradan rakentaminen, toteutettu v. 2015 Kaksiosainen hanke, 1-osa toteutettu v. 2011-2012, 2-osa toteutettu v. &hellip; <a href=\"https:\/\/kylat.meitadev.fi\/kanava\/hankkeet\/\">Lue loppuun <span class=\"meta-nav\">&rarr;<\/span><\/a><\/p>\n","protected":false},"author":10,"featured_media":0,"parent":0,"menu_order":6,"comment_status":"closed","ping_status":"closed","template":"onecolumn-page.php","meta":{"footnotes":""},"_links":{"self":[{"href":"https:\/\/kylat.meitadev.fi\/kanava\/wp-json\/wp\/v2\/pages\/529"}],"collection":[{"href":"https:\/\/kylat.meitadev.fi\/kanava\/wp-json\/wp\/v2\/pages"}],"about":[{"href":"https:\/\/kylat.meitadev.fi\/kanava\/wp-json\/wp\/v2\/types\/page"}],"author":[{"embeddable":true,"href":"https:\/\/kylat.meitadev.fi\/kanava\/wp-json\/wp\/v2\/users\/10"}],"replies":[{"embeddable":true,"href":"https:\/\/kylat.meitadev.fi\/kanava\/wp-json\/wp\/v2\/comments?post=529"}],"version-history":[{"count":11,"href":"https:\/\/kylat.meitadev.fi\/kanava\/wp-json\/wp\/v2\/pages\/529\/revisions"}],"predecessor-version":[{"id":1910,"href":"https:\/\/kylat.meitadev.fi\/kanava\/wp-json\/wp\/v2\/pages\/529\/revisions\/1910"}],"wp:attachment":[{"href":"https:\/\/kylat.meitadev.fi\/kanava\/wp-json\/wp\/v2\/media?parent=529"}],"curies":[{"name":"wp","href":"https:\/\/api.w.org\/{rel}","templated":true}]}}