{"id":538,"date":"2011-05-26T21:02:54","date_gmt":"2011-05-26T18:02:54","guid":{"rendered":"https:\/\/kylat.meitadev.fi\/kanava\/?page_id=538"},"modified":"2017-02-04T12:18:24","modified_gmt":"2017-02-04T10:18:24","slug":"urheilukentan-kehittaminen","status":"publish","type":"page","link":"https:\/\/kylat.meitadev.fi\/kanava\/hankkeet\/urheilukentan-kehittaminen\/","title":{"rendered":"Urheilukent\u00e4n kehitt\u00e4minen"},"content":{"rendered":"<p><a href=\"https:\/\/kylat.meitadev.fi\/kanava\/wp-content\/uploads\/sites\/7\/2011\/05\/Lippu_ja_lause_pieni.jpg\"><img loading=\"lazy\" decoding=\"async\" class=\"alignleft size-full wp-image-662\" src=\"https:\/\/kylat.meitadev.fi\/kanava\/wp-content\/uploads\/sites\/7\/2011\/05\/Lippu_ja_lause_pieni.jpg\" alt=\"\" width=\"424\" height=\"60\" \/><\/a><\/p>\n<p><a href=\"https:\/\/kylat.meitadev.fi\/kanava\/wp-content\/uploads\/sites\/7\/2011\/05\/Logo_Leader_pieni.jpg\"><img loading=\"lazy\" decoding=\"async\" class=\"size-full wp-image-663 alignright\" src=\"https:\/\/kylat.meitadev.fi\/kanava\/wp-content\/uploads\/sites\/7\/2011\/05\/Logo_Leader_pieni.jpg\" alt=\"\" width=\"60\" height=\"60\" \/><\/a><\/p>\n<p>Hankesuunnitelma<em> \u2019Lyytikk\u00e4l\u00e4n urheilukent\u00e4n kehitt\u00e4minen\u2019 <\/em>on jo hyv\u00e4ksytty L\u00e4nsi-Saimaan kehitt\u00e4misyhdistyksess\u00e4 ja se on t\u00e4ll\u00e4 hetkell\u00e4 p\u00e4\u00e4tett\u00e4v\u00e4n\u00e4 ELY-keskuksessa. T\u00e4m\u00e4n hankkeen toteuttaminen on siis voitu jo aloittaa.<\/p>\n<p>Lappeenrannan liikuntatoimen kanssa on k\u00e4yty neuvotteluja kiekkokaukalon siirrosta. Liikuntatoimi on lupautunut kustantamaan valot ja muut s\u00e4hk\u00f6ist\u00e4misen kustannukset sek\u00e4 k\u00e4ytt\u00f6kulut &#8211; onhan se kustantanut ne t\u00e4h\u00e4nkin asti. Muut kustannukset katetaan ELY-keskukselta saatavilla hankesuunnitelman mukaisilla rahoilla ja talkoot\u00f6ill\u00e4. Hankesuunnitelmasta voi kysell\u00e4 lis\u00e4\u00e4 puheenjohtajalta tai kyl\u00e4yhdistyksen j\u00e4senilt\u00e4.<\/p>\n<h3>Tietoa Lyytikk\u00e4l\u00e4n urheilukent\u00e4n kehitt\u00e4mishankkeesta 31.7.2011<\/h3>\n<p><em>Dnro 1097\/3570-2011<br \/>\nKaakkois-Suomen ELY-keskus p\u00e4\u00e4t\u00f6s hanketuesta 01.07.2011<br \/>\nP\u00e4\u00e4t\u00f6snumero 18722<br \/>\nP\u00e4\u00e4t\u00f6s tuesta my\u00f6nt\u00e4\u00e4 tuki yleishy\u00f6dylliseen investointihankkeeseen.<br \/>\nHankkeen nimi: Lyytikk\u00e4l\u00e4n urheilukent\u00e4n kehitt\u00e4minen<br \/>\nHankkeen numero 13850<br \/>\nPerustelut:<br \/>\nTuki my\u00f6nnet\u00e4\u00e4n j\u00e4\u00e4kiekkokaukalon siirt\u00e4miseen, kaivon rakentamiseen ja urheilukent\u00e4n kunnostamiseen hankesuunnitelman mukaisesti.<br \/>\nL\u00e4nsi-Saimaan kehitt\u00e4misyhdistys ry on puoltanut hanketta.<br \/>\nToteutusaika:<br \/>\nInvestoinnin toteutusaika on 01.06.2011 \u2013 30.06.2012.<\/em><\/p>\n<p>Hanketta voi alkaa toteuttaa sen j\u00e4lkeen kun hankehakemus on j\u00e4tetty ja hyv\u00e4ksytty kehitt\u00e4misyhdistyksess\u00e4, t\u00e4\u00e4ll\u00e4 Lappeenrannassa se on L\u00e4nsi-Saimaan kehitt\u00e4misyhdistys ry. Hankkeen aloittaminen ennen tukip\u00e4\u00e4t\u00f6st\u00e4 on omalla vastuulla ja riskill\u00e4, jos hanketta ei hyv\u00e4ksyt\u00e4 haetunlaisena. Saimaan kanavan kyl\u00e4yhdistys aloitti omalla vastuulla ennen varsinaista p\u00e4\u00e4t\u00f6st\u00e4, kun meille hanketta j\u00e4tett\u00e4ess\u00e4 kerrottiin hankkeen olevan kaikilta osin hyv\u00e4 ja hyv\u00e4ksytt\u00e4viss\u00e4. Meill\u00e4 oli tavoitteena p\u00e4\u00e4st\u00e4 luistelemaan ensi talvena uudella areenalla.<\/p>\n<p>Nyt kun on tullut my\u00f6nteinen p\u00e4\u00e4t\u00f6s, tuntuu ratkaisu onnistuneelta. Uusi j\u00e4\u00e4kiekkokaukalo on tilattu ICEPRO Oy:lt\u00e4 ja tulee viikolla 39. Porakaivon teko tilattiin Sotkamon Porakaivo Oy:lt\u00e4, joka k\u00e4vikin poraamassa kaivon 26. \u2013 27. hein\u00e4kuuta.<\/p>\n<p><a href=\"https:\/\/kylat.meitadev.fi\/kanava\/wp-content\/uploads\/sites\/7\/2011\/05\/kaivo1.jpg\" target=\"_blank\"><img loading=\"lazy\" decoding=\"async\" class=\"alignleft wp-image-656\" style=\"border: 1px solid black\" src=\"https:\/\/kylat.meitadev.fi\/kanava\/wp-content\/uploads\/sites\/7\/2011\/05\/kaivo1.jpg\" width=\"288\" height=\"216\" \/><\/a><a href=\"https:\/\/kylat.meitadev.fi\/kanava\/wp-content\/uploads\/sites\/7\/2011\/05\/kaivo2.jpg\" target=\"_blank\"><img loading=\"lazy\" decoding=\"async\" class=\"alignleft wp-image-657\" style=\"border: 1px solid black\" src=\"https:\/\/kylat.meitadev.fi\/kanava\/wp-content\/uploads\/sites\/7\/2011\/05\/kaivo2.jpg\" width=\"288\" height=\"216\" \/><\/a><\/p>\n<p>Kaivolle tuli syvyytt\u00e4 yhteens\u00e4 114 metri\u00e4, josta kallioon 96 metri\u00e4. Tuotto on 2500 litraa tunnissa ja veden korkeus maanpinnasta -14 metri\u00e4. Pumppu on asennettu 100 metrin syvyyteen. Seuraavaksi asennetaan entinen pukukoppi kaivon p\u00e4\u00e4lle suojakopiksi ja tuodaan s\u00e4hk\u00f6 kaivolle.<\/p>\n<p>On pidetty kolmet isommat talkoot ja pienempi\u00e4 lis\u00e4ksi. Entinen kaukalo on purettu ja j\u00e4ljet siistitty, uuden kaukalon pohja on kaivettu ja asfalttimurskeet ajettu, puuttuu vain lopullinen oikaisu ja jyr\u00e4ys. Urheilukent\u00e4n kunnostusta on tehty raivaamalla ylim\u00e4\u00e4r\u00e4iset puskat ja vanhat heikkokuntoiset rakenteet. Nurmetusmultaa jalkapallokent\u00e4lle on kyselty, tarjoukset ovat kesken, mutta vireill\u00e4.<\/p>\n<p>Nyt elell\u00e4\u00e4n elokuun alkua, kes\u00e4 n\u00e4ytt\u00e4\u00e4 parhaita puoliaan. Hanke on edennyt mielest\u00e4ni oikein hyvin ja lienee aikataulussaan, kiitos aktiivisten talkoolaisten, joita on riitt\u00e4nyt liki 20 kaikkiin talkoisiin, joukossa niin traktoreita kuin jalkamiehi\u00e4 ja -naisia. Nyt voi jo todeta hankkeen olevan hyv\u00e4n ja kannattavan, kun on n\u00e4in valtava innostus ja henki tekemiseen.<\/p>\n<p>T\u00e4ytyy muistaa kiitt\u00e4\u00e4 my\u00f6s Lappeenrannan kaupunkia ja sen virka- ja toimihenkil\u00f6it\u00e4 eritt\u00e4in my\u00f6nteisest\u00e4 ja positiivisesta suhtautumisesta Saimaan kanavan kyl\u00e4yhdistyksen urheilukent\u00e4n kehitt\u00e4mishankkeeseen. Toivotaan ja uskotaan t\u00e4m\u00e4n loppuosankin sujuvan samoissa merkeiss\u00e4.<\/p>\n<p>Kes\u00e4terveisin,<br \/>\nOsmo Mikonsaari, puh.joht.<\/p>\n","protected":false},"excerpt":{"rendered":"<p>Hankesuunnitelma \u2019Lyytikk\u00e4l\u00e4n urheilukent\u00e4n kehitt\u00e4minen\u2019 on jo hyv\u00e4ksytty L\u00e4nsi-Saimaan kehitt\u00e4misyhdistyksess\u00e4 ja se on t\u00e4ll\u00e4 hetkell\u00e4 p\u00e4\u00e4tett\u00e4v\u00e4n\u00e4 ELY-keskuksessa. T\u00e4m\u00e4n hankkeen toteuttaminen on siis voitu jo aloittaa. Lappeenrannan liikuntatoimen kanssa on k\u00e4yty neuvotteluja kiekkokaukalon siirrosta. Liikuntatoimi on lupautunut kustantamaan valot ja muut s\u00e4hk\u00f6ist\u00e4misen &hellip; <a href=\"https:\/\/kylat.meitadev.fi\/kanava\/hankkeet\/urheilukentan-kehittaminen\/\">Lue loppuun <span class=\"meta-nav\">&rarr;<\/span><\/a><\/p>\n","protected":false},"author":10,"featured_media":0,"parent":529,"menu_order":1,"comment_status":"closed","ping_status":"closed","template":"","meta":{"footnotes":""},"_links":{"self":[{"href":"https:\/\/kylat.meitadev.fi\/kanava\/wp-json\/wp\/v2\/pages\/538"}],"collection":[{"href":"https:\/\/kylat.meitadev.fi\/kanava\/wp-json\/wp\/v2\/pages"}],"about":[{"href":"https:\/\/kylat.meitadev.fi\/kanava\/wp-json\/wp\/v2\/types\/page"}],"author":[{"embeddable":true,"href":"https:\/\/kylat.meitadev.fi\/kanava\/wp-json\/wp\/v2\/users\/10"}],"replies":[{"embeddable":true,"href":"https:\/\/kylat.meitadev.fi\/kanava\/wp-json\/wp\/v2\/comments?post=538"}],"version-history":[{"count":29,"href":"https:\/\/kylat.meitadev.fi\/kanava\/wp-json\/wp\/v2\/pages\/538\/revisions"}],"predecessor-version":[{"id":2172,"href":"https:\/\/kylat.meitadev.fi\/kanava\/wp-json\/wp\/v2\/pages\/538\/revisions\/2172"}],"up":[{"embeddable":true,"href":"https:\/\/kylat.meitadev.fi\/kanava\/wp-json\/wp\/v2\/pages\/529"}],"wp:attachment":[{"href":"https:\/\/kylat.meitadev.fi\/kanava\/wp-json\/wp\/v2\/media?parent=538"}],"curies":[{"name":"wp","href":"https:\/\/api.w.org\/{rel}","templated":true}]}}