{"id":592,"date":"2011-07-12T22:58:37","date_gmt":"2011-07-12T19:58:37","guid":{"rendered":"https:\/\/kylat.meitadev.fi\/kanava\/?page_id=592"},"modified":"2017-02-04T11:12:21","modified_gmt":"2017-02-04T09:12:21","slug":"tapahtumat","status":"publish","type":"page","link":"https:\/\/kylat.meitadev.fi\/kanava\/tapahtumat\/","title":{"rendered":"TAPAHTUMAT"},"content":{"rendered":"<p>Tapahtumat-sivulle ker\u00e4t\u00e4\u00e4n kyl\u00e4yhdistyksen j\u00e4rjest\u00e4mist\u00e4 tapahtumista kuvia ja tarinaa. Jos sinulla on tapahtumista materiaalia, jota voisi julkaista kyl\u00e4yhdistyksen kotisivuilla, niin ota yhteytt\u00e4 yhteydenottolomakkeen v\u00e4lityksell\u00e4.<\/p>\n","protected":false},"excerpt":{"rendered":"<p>Tapahtumat-sivulle ker\u00e4t\u00e4\u00e4n kyl\u00e4yhdistyksen j\u00e4rjest\u00e4mist\u00e4 tapahtumista kuvia ja tarinaa. Jos sinulla on tapahtumista materiaalia, jota voisi julkaista kyl\u00e4yhdistyksen kotisivuilla, niin ota yhteytt\u00e4 yhteydenottolomakkeen v\u00e4lityksell\u00e4.<\/p>\n","protected":false},"author":10,"featured_media":0,"parent":0,"menu_order":4,"comment_status":"closed","ping_status":"closed","template":"","meta":{"footnotes":""},"_links":{"self":[{"href":"https:\/\/kylat.meitadev.fi\/kanava\/wp-json\/wp\/v2\/pages\/592"}],"collection":[{"href":"https:\/\/kylat.meitadev.fi\/kanava\/wp-json\/wp\/v2\/pages"}],"about":[{"href":"https:\/\/kylat.meitadev.fi\/kanava\/wp-json\/wp\/v2\/types\/page"}],"author":[{"embeddable":true,"href":"https:\/\/kylat.meitadev.fi\/kanava\/wp-json\/wp\/v2\/users\/10"}],"replies":[{"embeddable":true,"href":"https:\/\/kylat.meitadev.fi\/kanava\/wp-json\/wp\/v2\/comments?post=592"}],"version-history":[{"count":11,"href":"https:\/\/kylat.meitadev.fi\/kanava\/wp-json\/wp\/v2\/pages\/592\/revisions"}],"predecessor-version":[{"id":2169,"href":"https:\/\/kylat.meitadev.fi\/kanava\/wp-json\/wp\/v2\/pages\/592\/revisions\/2169"}],"wp:attachment":[{"href":"https:\/\/kylat.meitadev.fi\/kanava\/wp-json\/wp\/v2\/media?parent=592"}],"curies":[{"name":"wp","href":"https:\/\/api.w.org\/{rel}","templated":true}]}}