{"id":597,"date":"2011-07-13T01:23:31","date_gmt":"2011-07-12T22:23:31","guid":{"rendered":"https:\/\/kylat.meitadev.fi\/kanava\/?page_id=597"},"modified":"2017-02-03T18:42:12","modified_gmt":"2017-02-03T16:42:12","slug":"onkikisat2011","status":"publish","type":"page","link":"https:\/\/kylat.meitadev.fi\/kanava\/tapahtumat\/onkikisat2011\/","title":{"rendered":"Onkikisat 2011"},"content":{"rendered":"<p>Kyl\u00e4yhdistyksen onkikilpailut pidettiin 30.5.2011 Kansolassa Wanhalla kanavalla tuulisessa, mutta muuten mukavassa alkukes\u00e4n illassa. Osanottajia oli noin 25 ja muitakin kalastuksen yst\u00e4vi\u00e4 oli mukana! Tunnelma oli mukaansatempaavan j\u00e4nnitt\u00e4v\u00e4. Punnituksia ja palkintojenjakoa odotellessa paisteltiin makkaroita ja turistiin mukavia.<\/p>\n<p style=\"text-align: center\"><a href=\"https:\/\/kylat.meitadev.fi\/kanava\/wp-content\/uploads\/sites\/7\/2011\/07\/makkaranpaistoa-2011.jpg\" target=\"_blank\"><img loading=\"lazy\" decoding=\"async\" class=\"aligncenter wp-image-616\" style=\"border: black 1px solid\" src=\"https:\/\/kylat.meitadev.fi\/kanava\/wp-content\/uploads\/sites\/7\/2011\/07\/makkaranpaistoa-2011.jpg\" width=\"384\" height=\"287\" \/><\/a><\/p>\n<p>Tulosten selvitty\u00e4 jaettiin palkinnot, jotka olivat suorastaan komiat, koska palkintoja oli saatu runsaasti. Suurimman kalan sai Joonas Mikonsaari, 316 g, palkinnoksi h\u00e4n sai Oy Mechelin Company Ab:n lahjoittaman akkuporakoneen. S\u00e4hk\u00f6-V\u00e4yl\u00e4n lahjoittaman p\u00e4\u00e4palkintona olleen polkupy\u00f6r\u00e4n voitti eniten kaloja onkinut Kalevi Lyytik\u00e4inen. Kaikille osanottajille jaettiin palkintojen lis\u00e4ksi hatut. Muita palkintoja olivat lahjoittaneet muunmuassa Kastelli, OP, Atria, P\u00e4\u00e4-Asia, K-citymarket ja Vesivek.<\/p>\n<div id=\"attachment_604\" style=\"width: 269px\" class=\"wp-caption aligncenter\"><a href=\"https:\/\/kylat.meitadev.fi\/kanava\/wp-content\/uploads\/sites\/7\/2011\/07\/suurin-kala-joonas-mikonsaari-2011_1.jpg\" target=\"_blank\"><img loading=\"lazy\" decoding=\"async\" aria-describedby=\"caption-attachment-604\" class=\"wp-image-604\" style=\"border: black 1px solid\" src=\"https:\/\/kylat.meitadev.fi\/kanava\/wp-content\/uploads\/sites\/7\/2011\/07\/suurin-kala-joonas-mikonsaari-2011_1.jpg\" width=\"259\" height=\"201\" \/><\/a><p id=\"caption-attachment-604\" class=\"wp-caption-text\">Suurimman kalan sai Joonas Mikonsaari<\/p><\/div>\n<div id=\"attachment_605\" style=\"width: 269px\" class=\"wp-caption aligncenter\"><a href=\"https:\/\/kylat.meitadev.fi\/kanava\/wp-content\/uploads\/sites\/7\/2011\/07\/voittaja-kalevi-lyytik\u00e4inen-2011_1.jpg\" target=\"_blank\"><img loading=\"lazy\" decoding=\"async\" aria-describedby=\"caption-attachment-605\" class=\"wp-image-605\" style=\"border: black 1px solid\" src=\"https:\/\/kylat.meitadev.fi\/kanava\/wp-content\/uploads\/sites\/7\/2011\/07\/voittaja-kalevi-lyytik\u00e4inen-2011_1.jpg\" width=\"259\" height=\"194\" \/><\/a><p id=\"caption-attachment-605\" class=\"wp-caption-text\">Kisan voittaja Kalevi Lyytik\u00e4inen<\/p><\/div>\n<h4>ONKIKISAN TULOKSET:<\/h4>\n<table border=\"0\" rules=\"none\" cellspacing=\"0\">\n<tbody>\n<tr>\n<td align=\"left\" width=\"83\" height=\"16\"><span style=\"color: #000000\">MIEHET<\/span><\/td>\n<td align=\"left\" width=\"284\"><span style=\"color: #000000\"><br \/>\n<\/span><\/td>\n<td style=\"padding-left: 240px\" align=\"left\" width=\"83\"><span style=\"color: #000000\">g<\/span><\/td>\n<\/tr>\n<tr>\n<td align=\"right\" height=\"16\"><span style=\"color: #000000\">1<\/span><\/td>\n<td align=\"left\"><span style=\"color: #000000\">Kalevi Lyytik\u00e4inen<\/span><\/td>\n<td align=\"right\"><span style=\"color: #000000\">614<\/span><\/td>\n<\/tr>\n<tr>\n<td align=\"right\" height=\"20\"><span style=\"color: #000000\">2<\/span><\/td>\n<td align=\"left\"><span style=\"color: #000000\">Juha Kansonen<\/span><\/td>\n<td align=\"right\"><span style=\"color: #000000\">466<\/span><\/td>\n<\/tr>\n<tr>\n<td align=\"right\" height=\"20\"><span style=\"color: #000000\">3<\/span><\/td>\n<td align=\"left\"><span style=\"color: #000000\">Ahti Huotari<\/span><\/td>\n<td align=\"right\"><span style=\"color: #000000\">198<\/span><\/td>\n<\/tr>\n<tr>\n<td align=\"right\" height=\"20\"><span style=\"color: #000000\">4<\/span><\/td>\n<td align=\"left\"><span style=\"color: #000000\">Jyrki Kansonen<\/span><\/td>\n<td align=\"right\"><span style=\"color: #000000\">150<\/span><\/td>\n<\/tr>\n<tr>\n<td align=\"right\" height=\"20\"><span style=\"color: #000000\">5<\/span><\/td>\n<td align=\"left\"><span style=\"color: #000000\">Marko Kansonen<\/span><\/td>\n<td align=\"right\"><span style=\"color: #000000\">126<\/span><\/td>\n<\/tr>\n<tr>\n<td align=\"right\" height=\"20\"><span style=\"color: #000000\">6<\/span><\/td>\n<td align=\"left\"><span style=\"color: #000000\">Markku Frilander<\/span><\/td>\n<td align=\"right\"><span style=\"color: #000000\">108<\/span><\/td>\n<\/tr>\n<tr>\n<td align=\"right\" height=\"20\"><span style=\"color: #000000\">7<\/span><\/td>\n<td align=\"left\"><span style=\"color: #000000\">Sakari H\u00e4rk\u00f6nen<\/span><\/td>\n<td align=\"right\"><span style=\"color: #000000\">92<\/span><\/td>\n<\/tr>\n<tr>\n<td align=\"right\" height=\"20\"><span style=\"color: #000000\">8<\/span><\/td>\n<td align=\"left\"><span style=\"color: #000000\">Jukka Summanen<\/span><\/td>\n<td align=\"right\"><span style=\"color: #000000\">84<\/span><\/td>\n<\/tr>\n<tr>\n<td style=\"padding-left: 120px\" align=\"left\" height=\"20\"><span style=\"color: #000000\">9<\/span><\/td>\n<td align=\"left\"><span style=\"color: #000000\">Osmo Mikonsaari<\/span><\/td>\n<td align=\"right\"><span style=\"color: #000000\">84<\/span><\/td>\n<\/tr>\n<tr>\n<td align=\"right\" height=\"20\"><span style=\"color: #000000\">10<\/span><\/td>\n<td align=\"left\"><span style=\"color: #000000\">Lauri Inkinen<\/span><\/td>\n<td align=\"right\"><span style=\"color: #000000\">62<\/span><\/td>\n<\/tr>\n<tr>\n<td align=\"right\" height=\"20\"><span style=\"color: #000000\">11<\/span><\/td>\n<td align=\"left\"><span style=\"color: #000000\">Heikki Auramo<\/span><\/td>\n<td align=\"right\"><span style=\"color: #000000\">58<\/span><\/td>\n<\/tr>\n<tr>\n<td align=\"right\" height=\"20\"><span style=\"color: #000000\">12<\/span><\/td>\n<td align=\"left\"><span style=\"color: #000000\">Pekka Heimala<\/span><\/td>\n<td align=\"right\"><span style=\"color: #000000\">42<\/span><\/td>\n<\/tr>\n<tr>\n<td align=\"right\" height=\"20\"><span style=\"color: #000000\">13<\/span><\/td>\n<td align=\"left\"><span style=\"color: #000000\">Jouni Mikonsaari<\/span><\/td>\n<td align=\"right\"><span style=\"color: #000000\">40<\/span><\/td>\n<\/tr>\n<tr>\n<td align=\"right\" height=\"20\"><span style=\"color: #000000\">14<\/span><\/td>\n<td align=\"left\"><span style=\"color: #000000\">Risto Kansonen<\/span><\/td>\n<td align=\"right\"><span style=\"color: #000000\">22<\/span><\/td>\n<\/tr>\n<tr>\n<td align=\"left\" height=\"20\"><span style=\"color: #000000\"><br \/>\n<\/span><\/td>\n<td align=\"left\"><span style=\"color: #000000\"><br \/>\n<\/span><\/td>\n<td align=\"left\"><span style=\"color: #000000\"><br \/>\n<\/span><\/td>\n<\/tr>\n<tr>\n<td align=\"left\" height=\"20\"><span style=\"color: #000000\">NAISET<\/span><\/td>\n<td align=\"left\"><span style=\"color: #000000\"><br \/>\n<\/span><\/td>\n<td align=\"left\"><span style=\"color: #000000\"><br \/>\n<\/span><\/td>\n<\/tr>\n<tr>\n<td align=\"right\" height=\"20\"><span style=\"color: #000000\">1<\/span><\/td>\n<td align=\"left\"><span style=\"color: #000000\">Seija Kansonen<\/span><\/td>\n<td align=\"right\"><span style=\"color: #000000\">526<\/span><\/td>\n<\/tr>\n<tr>\n<td align=\"right\" height=\"20\"><span style=\"color: #000000\">2<\/span><\/td>\n<td align=\"left\"><span style=\"color: #000000\">Seija Maijanen<\/span><\/td>\n<td align=\"right\"><span style=\"color: #000000\">386<\/span><\/td>\n<\/tr>\n<tr>\n<td align=\"right\" height=\"20\"><span style=\"color: #000000\">3<\/span><\/td>\n<td align=\"left\"><span style=\"color: #000000\">Kirsi Kokkonen<\/span><\/td>\n<td align=\"right\"><span style=\"color: #000000\">60<\/span><\/td>\n<\/tr>\n<tr>\n<td align=\"right\" height=\"20\"><span style=\"color: #000000\">4<\/span><\/td>\n<td align=\"left\"><span style=\"color: #000000\">Eila Kansonen<\/span><\/td>\n<td align=\"right\"><span style=\"color: #000000\">56<\/span><\/td>\n<\/tr>\n<tr>\n<td align=\"right\" height=\"20\"><span style=\"color: #000000\">5<\/span><\/td>\n<td align=\"left\"><span style=\"color: #000000\">Ritva Mikonsaari<\/span><\/td>\n<td align=\"right\"><span style=\"color: #000000\">40<\/span><\/td>\n<\/tr>\n<tr>\n<td align=\"right\" height=\"20\"><span style=\"color: #000000\">6<\/span><\/td>\n<td align=\"left\"><span style=\"color: #000000\">Riitta Lempi\u00e4inen<\/span><\/td>\n<td align=\"right\"><span style=\"color: #000000\">26<\/span><\/td>\n<\/tr>\n<tr>\n<td align=\"right\" height=\"20\"><span style=\"color: #000000\">7<\/span><\/td>\n<td align=\"left\"><span style=\"color: #000000\">P\u00e4ivi Kansonen<\/span><\/td>\n<td align=\"right\"><span style=\"color: #000000\">24<\/span><\/td>\n<\/tr>\n<tr>\n<td align=\"right\" height=\"20\"><span style=\"color: #000000\">8<\/span><\/td>\n<td align=\"left\"><span style=\"color: #000000\">Siru Mikonsaari<\/span><\/td>\n<td align=\"right\"><span style=\"color: #000000\">16<\/span><\/td>\n<\/tr>\n<tr>\n<td align=\"right\" height=\"20\"><span style=\"color: #000000\">9<\/span><\/td>\n<td align=\"left\"><span style=\"color: #000000\">Eveliina Kansonen<\/span><\/td>\n<td align=\"right\"><span style=\"color: #000000\">8<\/span><\/td>\n<\/tr>\n<tr>\n<td align=\"left\" height=\"20\"><span style=\"color: #000000\"><br \/>\n<\/span><\/td>\n<td align=\"left\"><span style=\"color: #000000\"><br \/>\n<\/span><\/td>\n<td align=\"left\"><span style=\"color: #000000\"><br \/>\n<\/span><\/td>\n<\/tr>\n<tr>\n<td align=\"left\" height=\"20\"><span style=\"color: #000000\">LAPSET<\/span><\/td>\n<td align=\"left\"><span style=\"color: #000000\"><br \/>\n<\/span><\/td>\n<td align=\"left\"><span style=\"color: #000000\"><br \/>\n<\/span><\/td>\n<\/tr>\n<tr>\n<td align=\"right\" height=\"20\"><span style=\"color: #000000\">1<\/span><\/td>\n<td align=\"left\"><span style=\"color: #000000\">Joonas Mikonsaari<\/span><\/td>\n<td align=\"right\"><span style=\"color: #000000\">348<\/span><\/td>\n<\/tr>\n<tr>\n<td align=\"right\" height=\"20\"><span style=\"color: #000000\">2<\/span><\/td>\n<td align=\"left\"><span style=\"color: #000000\">Miko J\u00e4k\u00e4l\u00e4<\/span><\/td>\n<td align=\"right\"><span style=\"color: #000000\">144<\/span><\/td>\n<\/tr>\n<tr>\n<td align=\"right\" height=\"20\"><span style=\"color: #000000\">3<\/span><\/td>\n<td align=\"left\"><span style=\"color: #000000\">Jere Summanen<\/span><\/td>\n<td align=\"right\"><span style=\"color: #000000\">70<\/span><\/td>\n<\/tr>\n<tr>\n<td align=\"right\" height=\"20\"><span style=\"color: #000000\">4<\/span><\/td>\n<td align=\"left\"><span style=\"color: #000000\">Santeri Mikonsaari<\/span><\/td>\n<td align=\"right\"><span style=\"color: #000000\">42<\/span><\/td>\n<\/tr>\n<tr>\n<td align=\"left\" height=\"20\"><span style=\"color: #000000\"><br \/>\n<\/span><\/td>\n<td align=\"left\"><span style=\"color: #000000\"><br \/>\n<\/span><\/td>\n<td align=\"left\"><span style=\"color: #000000\"><br \/>\n<\/span><\/td>\n<\/tr>\n<tr>\n<td align=\"left\" height=\"20\"><span style=\"color: #000000\">SUURIN KALA<\/span><\/td>\n<td align=\"left\"><span style=\"color: #000000\"><br \/>\n<\/span><\/td>\n<td align=\"left\"><span style=\"color: #000000\"><br \/>\n<\/span><\/td>\n<\/tr>\n<tr>\n<td align=\"left\" height=\"20\"><span style=\"color: #000000\"><br \/>\n<\/span><\/td>\n<td align=\"left\"><span style=\"color: #000000\">Joonas Mikonsaari<\/span><\/td>\n<td align=\"left\"><span style=\"color: #000000\">lahna 316 g<\/span><\/td>\n<\/tr>\n<\/tbody>\n<\/table>\n<p>Ei sitten muuta kuin uutta matoa koukkuun ja kireit\u00e4 siimoja sek\u00e4 kauniita kes\u00e4p\u00e4ivi\u00e4, toivottaa kyl\u00e4yhdistys.<\/p>\n<p>PS. T\u00e4m\u00e4 olikin viimeinen tilaisuus Lempi\u00e4l\u00e4n kyl\u00e4toimikunnan nimiss\u00e4, sill\u00e4 kes\u00e4kuun alusta alkaen ollaan Saimaan kanavan kyl\u00e4yhdistys ry. Toiminta ei muutu mitenk\u00e4\u00e4n.<\/p>\n","protected":false},"excerpt":{"rendered":"<p>Kyl\u00e4yhdistyksen onkikilpailut pidettiin 30.5.2011 Kansolassa Wanhalla kanavalla tuulisessa, mutta muuten mukavassa alkukes\u00e4n illassa. Osanottajia oli noin 25 ja muitakin kalastuksen yst\u00e4vi\u00e4 oli mukana! Tunnelma oli mukaansatempaavan j\u00e4nnitt\u00e4v\u00e4. Punnituksia ja palkintojenjakoa odotellessa paisteltiin makkaroita ja turistiin mukavia. Tulosten selvitty\u00e4 jaettiin palkinnot, &hellip; <a href=\"https:\/\/kylat.meitadev.fi\/kanava\/tapahtumat\/onkikisat2011\/\">Lue loppuun <span class=\"meta-nav\">&rarr;<\/span><\/a><\/p>\n","protected":false},"author":10,"featured_media":0,"parent":592,"menu_order":0,"comment_status":"closed","ping_status":"closed","template":"","meta":{"footnotes":""},"_links":{"self":[{"href":"https:\/\/kylat.meitadev.fi\/kanava\/wp-json\/wp\/v2\/pages\/597"}],"collection":[{"href":"https:\/\/kylat.meitadev.fi\/kanava\/wp-json\/wp\/v2\/pages"}],"about":[{"href":"https:\/\/kylat.meitadev.fi\/kanava\/wp-json\/wp\/v2\/types\/page"}],"author":[{"embeddable":true,"href":"https:\/\/kylat.meitadev.fi\/kanava\/wp-json\/wp\/v2\/users\/10"}],"replies":[{"embeddable":true,"href":"https:\/\/kylat.meitadev.fi\/kanava\/wp-json\/wp\/v2\/comments?post=597"}],"version-history":[{"count":24,"href":"https:\/\/kylat.meitadev.fi\/kanava\/wp-json\/wp\/v2\/pages\/597\/revisions"}],"predecessor-version":[{"id":2163,"href":"https:\/\/kylat.meitadev.fi\/kanava\/wp-json\/wp\/v2\/pages\/597\/revisions\/2163"}],"up":[{"embeddable":true,"href":"https:\/\/kylat.meitadev.fi\/kanava\/wp-json\/wp\/v2\/pages\/592"}],"wp:attachment":[{"href":"https:\/\/kylat.meitadev.fi\/kanava\/wp-json\/wp\/v2\/media?parent=597"}],"curies":[{"name":"wp","href":"https:\/\/api.w.org\/{rel}","templated":true}]}}