{"id":634,"date":"2011-08-01T14:02:02","date_gmt":"2011-08-01T11:02:02","guid":{"rendered":"https:\/\/kylat.meitadev.fi\/kanava\/?page_id=634"},"modified":"2017-02-04T12:22:53","modified_gmt":"2017-02-04T10:22:53","slug":"purkutalkoot","status":"publish","type":"page","link":"https:\/\/kylat.meitadev.fi\/kanava\/hankkeet\/urheilukentan-kehittaminen\/purkutalkoot\/","title":{"rendered":"Vanhan kaukalon purkutalkoot"},"content":{"rendered":"<p style=\"text-align: center\"><img loading=\"lazy\" decoding=\"async\" class=\"aligncenter\" src=\"https:\/\/kylat.meitadev.fi\/kanava\/wp-content\/uploads\/sites\/7\/2011\/05\/vanhakaukalo.jpg\" alt=\"Vanha kaukalo\" width=\"379\" height=\"212\" \/><\/p>\n<p>Uuden kaukalon rakentamisehtoihin kuului vanhan kaukalon purku ja alueen siivous. Lauantaina 21.5.11 j\u00e4rjestettiin hankkeen ensimm\u00e4iset talkoot vanhalla kaukalolla Lempi\u00e4l\u00e4n koululla. S\u00e4\u00e4 suosi talkoolaisia, joita oli saapunut paikalle 17.<\/p>\n<p>Talkoolaiset purkivat laitoja siirtolavoille, jotka kaupungin liikuntatoimi oli toimittanut paikalle. Pitk\u00e4\u00e4n palvelleita ja heikkokuntoisia laitoja pinottaessa muisteltiin monia tapahtumia kaukalon laidalla ja peleiss\u00e4 laatikossa. Kukaan ei oikein tarkkaan muistanut, milloin kyseiset laidat oli pystytetty. Ne oli tuotu k\u00e4ytettyin\u00e4 muualta. Muisteluiden lomassa talkoolaisia ravittiin limulla ja makkaralla. Muuten tuli siisti\u00e4 j\u00e4lke\u00e4, mutta pukukoppi j\u00e4i toistaiseksi paikoilleen. Se siirret\u00e4\u00e4n my\u00f6hemmin, kun sille valmistuu paikka urheilukent\u00e4lle. Energialaitos purkaa valot ja katkaisee s\u00e4hk\u00f6liittym\u00e4n.<\/p>\n<p><img loading=\"lazy\" decoding=\"async\" class=\"alignnone\" style=\"margin: 0px 5px;border: black 1px solid\" src=\"https:\/\/kylat.meitadev.fi\/kanava\/wp-content\/uploads\/sites\/7\/2011\/05\/talkoot1_1.jpg\" alt=\"Vanhan kaukalon purkutalkoot\" width=\"240\" height=\"320\" \/><img loading=\"lazy\" decoding=\"async\" class=\"alignnone\" style=\"margin-left: 5px;margin-right: 5px;border: black 1px solid\" src=\"https:\/\/kylat.meitadev.fi\/kanava\/wp-content\/uploads\/sites\/7\/2011\/05\/talkoot1_3.jpg\" alt=\"Vanhan kaukalon purkutalkoot\" width=\"240\" height=\"320\" \/><\/p>\n<p><img loading=\"lazy\" decoding=\"async\" class=\"alignleft wp-image-540 size-full\" style=\"margin-left: 5px;margin-right: 10px;border: black 1px solid\" src=\"https:\/\/kylat.meitadev.fi\/kanava\/wp-content\/uploads\/sites\/7\/2011\/05\/talkoot1_2.jpg\" width=\"240\" height=\"320\" \/><br \/>\nSeuraavat talkoot ovat viel\u00e4 ennen juhannusta ja siit\u00e4 tulee tarkempi ilmoitus s\u00e4hk\u00f6postilla. Talkoolaisia tarvitaan, jotta p\u00e4\u00e4st\u00e4isiin ensi talvena luistelemaan uudessa kaukalossa. Kiitos osallistumisesta kaikille talkoolaisille sek\u00e4 my\u00f6s tuleville sellaisille! Hyv\u00e4ll\u00e4 yhteisty\u00f6ll\u00e4 ja hengell\u00e4 on valtava voima asioiden hoidossa!<\/p>\n","protected":false},"excerpt":{"rendered":"<p>Uuden kaukalon rakentamisehtoihin kuului vanhan kaukalon purku ja alueen siivous. Lauantaina 21.5.11 j\u00e4rjestettiin hankkeen ensimm\u00e4iset talkoot vanhalla kaukalolla Lempi\u00e4l\u00e4n koululla. S\u00e4\u00e4 suosi talkoolaisia, joita oli saapunut paikalle 17. Talkoolaiset purkivat laitoja siirtolavoille, jotka kaupungin liikuntatoimi oli toimittanut paikalle. Pitk\u00e4\u00e4n palvelleita &hellip; <a href=\"https:\/\/kylat.meitadev.fi\/kanava\/hankkeet\/urheilukentan-kehittaminen\/purkutalkoot\/\">Lue loppuun <span class=\"meta-nav\">&rarr;<\/span><\/a><\/p>\n","protected":false},"author":10,"featured_media":0,"parent":538,"menu_order":1,"comment_status":"closed","ping_status":"closed","template":"","meta":{"footnotes":""},"_links":{"self":[{"href":"https:\/\/kylat.meitadev.fi\/kanava\/wp-json\/wp\/v2\/pages\/634"}],"collection":[{"href":"https:\/\/kylat.meitadev.fi\/kanava\/wp-json\/wp\/v2\/pages"}],"about":[{"href":"https:\/\/kylat.meitadev.fi\/kanava\/wp-json\/wp\/v2\/types\/page"}],"author":[{"embeddable":true,"href":"https:\/\/kylat.meitadev.fi\/kanava\/wp-json\/wp\/v2\/users\/10"}],"replies":[{"embeddable":true,"href":"https:\/\/kylat.meitadev.fi\/kanava\/wp-json\/wp\/v2\/comments?post=634"}],"version-history":[{"count":12,"href":"https:\/\/kylat.meitadev.fi\/kanava\/wp-json\/wp\/v2\/pages\/634\/revisions"}],"predecessor-version":[{"id":2174,"href":"https:\/\/kylat.meitadev.fi\/kanava\/wp-json\/wp\/v2\/pages\/634\/revisions\/2174"}],"up":[{"embeddable":true,"href":"https:\/\/kylat.meitadev.fi\/kanava\/wp-json\/wp\/v2\/pages\/538"}],"wp:attachment":[{"href":"https:\/\/kylat.meitadev.fi\/kanava\/wp-json\/wp\/v2\/media?parent=634"}],"curies":[{"name":"wp","href":"https:\/\/api.w.org\/{rel}","templated":true}]}}