{"id":640,"date":"2011-08-01T14:16:51","date_gmt":"2011-08-01T11:16:51","guid":{"rendered":"https:\/\/kylat.meitadev.fi\/kanava\/?page_id=640"},"modified":"2017-02-04T12:27:16","modified_gmt":"2017-02-04T10:27:16","slug":"pohjankaivutalkoot","status":"publish","type":"page","link":"https:\/\/kylat.meitadev.fi\/kanava\/hankkeet\/urheilukentan-kehittaminen\/pohjankaivutalkoot\/","title":{"rendered":"Pohjankaivutalkoot"},"content":{"rendered":"<p><a href=\"https:\/\/kylat.meitadev.fi\/kanava\/wp-content\/uploads\/sites\/7\/2011\/05\/talkoot2_4.jpg\" target=\"_blank\"><img loading=\"lazy\" decoding=\"async\" class=\"aligncenter wp-image-586\" src=\"https:\/\/kylat.meitadev.fi\/kanava\/wp-content\/uploads\/sites\/7\/2011\/05\/talkoot2_4.jpg\" width=\"336\" height=\"252\" \/><\/a>Lyytikk\u00e4l\u00e4n urheilukent\u00e4n kehitt\u00e4mishanke jatkui lauantaina 18.6.2011 urheilukent\u00e4ll\u00e4 j\u00e4\u00e4kiekkokaukalon pohjankaivutalkoilla. Mukana oli 6 traktoria ajamassa maata ja kaivuri kaivamassa pohjaa &#8211; tulihan siit\u00e4 monta kuormaa, vaikka otettiin noin 20 cm paksuudelta maata pois. P\u00e4iv\u00e4 meni ja valmista tuli. Muut talkoolaiset raivasivat kent\u00e4lt\u00e4 sinne salaa kasvamaan p\u00e4\u00e4sseet paju- ja lepp\u00e4puskat sek\u00e4 purkivat jo pahasti lahonneet kuntotelineet ja mainosaidat. T\u00e4h\u00e4n puhdistusoperaatioon osallistui 12 talkoolaista. Talkoohenki oli hyv\u00e4\u00e4 ja reipasta. Kaikki suunnitellut hommat saatiin tehty\u00e4, vaikka sade v\u00e4lill\u00e4 uhkasikin talkoolaisia. J\u00e4\u00e4kiekkokaukalon laitarakenteet on tilattu ja ne saapuvat syyskuun viimeisell\u00e4 viikolla 39.<\/p>\n<p><a href=\"https:\/\/kylat.meitadev.fi\/kanava\/wp-content\/uploads\/sites\/7\/2011\/05\/talkoot2_5.jpg\" target=\"_blank\"><img loading=\"lazy\" decoding=\"async\" class=\"alignleft wp-image-587\" src=\"https:\/\/kylat.meitadev.fi\/kanava\/wp-content\/uploads\/sites\/7\/2011\/05\/talkoot2_5.jpg\" width=\"288\" height=\"216\" \/><\/a><\/p>\n<p><a href=\"https:\/\/kylat.meitadev.fi\/kanava\/wp-content\/uploads\/sites\/7\/2011\/05\/talkoot2_6.jpg\" target=\"_blank\"><img loading=\"lazy\" decoding=\"async\" class=\"alignleft wp-image-588\" src=\"https:\/\/kylat.meitadev.fi\/kanava\/wp-content\/uploads\/sites\/7\/2011\/05\/talkoot2_6.jpg\" width=\"288\" height=\"216\" \/><\/a>Valittiin my\u00f6s kaivon urakoitsija ja p\u00e4\u00e4tettiin tilata tekij\u00e4. Seuraava ty\u00f6vaihe on asfalttimurskeen ajo pohjalle. Sovittiin hein\u00e4kuun 9. p\u00e4iv\u00e4 seuraavaksi talkoop\u00e4iv\u00e4ksi, jolloin tehd\u00e4\u00e4n murskeen ajo ja tasaus + tiivistysjyr\u00e4ys. Sen j\u00e4lkeen kaukalon pohja olisi valmis ja voitaisiin suunnitella seuraavaa vaihetta.<\/p>\n<p><a href=\"https:\/\/kylat.meitadev.fi\/kanava\/wp-content\/uploads\/sites\/7\/2011\/05\/talkoot2_7.jpg\" target=\"_blank\"><img loading=\"lazy\" decoding=\"async\" class=\"alignleft wp-image-589\" src=\"https:\/\/kylat.meitadev.fi\/kanava\/wp-content\/uploads\/sites\/7\/2011\/05\/talkoot2_7.jpg\" width=\"288\" height=\"216\" \/><\/a>Makkaranpaisto kyl\u00e4yhdistyksen grillill\u00e4 ja grillin antimien nauttiminen rupattelutuokion kera kruunasi talkoot ja antoi uskoa uusiin talkoisiin. Suurkiitos kaikille mukana olleille! Hyv\u00e4\u00e4 ja l\u00e4mmint\u00e4 kes\u00e4\u00e4!<\/p>\n<p>T. Osmo<\/p>\n","protected":false},"excerpt":{"rendered":"<p>Lyytikk\u00e4l\u00e4n urheilukent\u00e4n kehitt\u00e4mishanke jatkui lauantaina 18.6.2011 urheilukent\u00e4ll\u00e4 j\u00e4\u00e4kiekkokaukalon pohjankaivutalkoilla. Mukana oli 6 traktoria ajamassa maata ja kaivuri kaivamassa pohjaa &#8211; tulihan siit\u00e4 monta kuormaa, vaikka otettiin noin 20 cm paksuudelta maata pois. P\u00e4iv\u00e4 meni ja valmista tuli. Muut talkoolaiset raivasivat &hellip; <a href=\"https:\/\/kylat.meitadev.fi\/kanava\/hankkeet\/urheilukentan-kehittaminen\/pohjankaivutalkoot\/\">Lue loppuun <span class=\"meta-nav\">&rarr;<\/span><\/a><\/p>\n","protected":false},"author":10,"featured_media":0,"parent":538,"menu_order":2,"comment_status":"closed","ping_status":"closed","template":"","meta":{"footnotes":""},"_links":{"self":[{"href":"https:\/\/kylat.meitadev.fi\/kanava\/wp-json\/wp\/v2\/pages\/640"}],"collection":[{"href":"https:\/\/kylat.meitadev.fi\/kanava\/wp-json\/wp\/v2\/pages"}],"about":[{"href":"https:\/\/kylat.meitadev.fi\/kanava\/wp-json\/wp\/v2\/types\/page"}],"author":[{"embeddable":true,"href":"https:\/\/kylat.meitadev.fi\/kanava\/wp-json\/wp\/v2\/users\/10"}],"replies":[{"embeddable":true,"href":"https:\/\/kylat.meitadev.fi\/kanava\/wp-json\/wp\/v2\/comments?post=640"}],"version-history":[{"count":7,"href":"https:\/\/kylat.meitadev.fi\/kanava\/wp-json\/wp\/v2\/pages\/640\/revisions"}],"predecessor-version":[{"id":2176,"href":"https:\/\/kylat.meitadev.fi\/kanava\/wp-json\/wp\/v2\/pages\/640\/revisions\/2176"}],"up":[{"embeddable":true,"href":"https:\/\/kylat.meitadev.fi\/kanava\/wp-json\/wp\/v2\/pages\/538"}],"wp:attachment":[{"href":"https:\/\/kylat.meitadev.fi\/kanava\/wp-json\/wp\/v2\/media?parent=640"}],"curies":[{"name":"wp","href":"https:\/\/api.w.org\/{rel}","templated":true}]}}