{"id":643,"date":"2011-08-01T14:19:41","date_gmt":"2011-08-01T11:19:41","guid":{"rendered":"https:\/\/kylat.meitadev.fi\/kanava\/?page_id=643"},"modified":"2017-02-04T12:29:17","modified_gmt":"2017-02-04T10:29:17","slug":"murskeenajotalkoot","status":"publish","type":"page","link":"https:\/\/kylat.meitadev.fi\/kanava\/hankkeet\/urheilukentan-kehittaminen\/murskeenajotalkoot\/","title":{"rendered":"Murskeenajotalkoot"},"content":{"rendered":"<p>Kolmannet talkoot pidettiin hein\u00e4kuun toisena viikonloppuna 9.7.2011.\u00a0Nyt oli kysymyksess\u00e4 kova traktoriralli: reitti kulki Lyytikk\u00e4l\u00e4n urheilukent\u00e4lt\u00e4 ABC Viipurinportin luona olevalle asfalttimurskevarastolle, josta otettiin kuorma ja takaisin urheilukent\u00e4lle Lyytikk\u00e4l\u00e4\u00e4n. Ralliin osallistui 14 traktoria, lis\u00e4ksi py\u00f6r\u00e4kuormaaja oli lasermiehen kanssa ottamassa vastaan ja tasaamassa mursketta kiekkokaukalon pohjalla. Selvittiin kunnialla ilman havereita kovasta urakasta hyvien koneiden ja ammattitaitoisten kuskien ansiosta.<\/p>\n<p style=\"text-align: center\"><a href=\"https:\/\/kylat.meitadev.fi\/kanava\/wp-content\/uploads\/sites\/7\/2011\/08\/Traktori.jpg\" target=\"_blank\"><img loading=\"lazy\" decoding=\"async\" class=\"aligncenter wp-image-654\" src=\"https:\/\/kylat.meitadev.fi\/kanava\/wp-content\/uploads\/sites\/7\/2011\/08\/Traktori.jpg\" width=\"480\" height=\"360\" \/><\/a><\/p>\n<p>Tavaraa tuotiin yhteens\u00e4 463,85 tonnia. Lopputasauksen j\u00e4lkeen todettiin, ett\u00e4 pit\u00e4\u00e4 hakea viel\u00e4 muutama kuorma lis\u00e4\u00e4, ennen kuin urakoitsija S\u00e4rkk\u00e4 k\u00e4y tiekarhulla ajamassa kent\u00e4n pohjan suoraksi ja voidaan jyr\u00e4t\u00e4 tiiviiksi. Sitten ei muuta kuin laitojen tullessa laitetaan ne kasaan. Mukana oli my\u00f6s pienempi mutta ei v\u00e4h\u00e4isempi talkooporukka, joka purki entiselt\u00e4 kaukalolta valot ja s\u00e4hk\u00f6tolpat pois. Energialaitos oli poistanut liittym\u00e4n jo aikaisemmin, joten entiselle kaukalolle j\u00e4i en\u00e4\u00e4 pukukoppi paikalleen, joka siirret\u00e4\u00e4n kaivon valmistuttua kent\u00e4lle.<\/p>\n<p>Talkoohenki ja innostus on hyv\u00e4, talkoolaisia k\u00e4vi tervehtim\u00e4ss\u00e4 \u201dsenaattori\u201d Tapio Arola, urheilumiehi\u00e4 h\u00e4nkin. H\u00e4n sanoi kuulleensa torilla, ett\u00e4 t\u00e4\u00e4ll\u00e4p\u00e4in on kovat talkoot menossa ja p\u00e4\u00e4tti tulla vilkaisemaan, pit\u00e4\u00e4k\u00f6 paikkansa. V\u00e4h\u00e4n kyll\u00e4 ihmetteli meid\u00e4n talkoohenke\u00e4, mutta oli tyytyv\u00e4inen, kun maaseudullakin on n\u00e4in innostunutta porukkaa. Esiteltiin hankesuunnitelma Tapsalle ja toivottiin Tapsan viev\u00e4n kaupungille sellaisia terveisi\u00e4, ett\u00e4 kovasti yritet\u00e4\u00e4n porukalla tehd\u00e4 ja saada valmista aikaiseksi. Toivotaan kaupungin jatkossakin muistavan meit\u00e4 vaikka v\u00e4h\u00e4n enemm\u00e4nkin tehdess\u00e4\u00e4n p\u00e4\u00e4t\u00f6ksi\u00e4, jotka vaikuttavat kyl\u00e4l\u00e4isten hyvinvointiin eri puolilla kaupunkia.<\/p>\n<p>Kiitos kaikille talkoolaisille!! Viel\u00e4 tulee monet talkoot, vaikka seuraavista ei viel\u00e4 p\u00e4\u00e4tetty. Terveisin, puheenjohtaja<\/p>\n","protected":false},"excerpt":{"rendered":"<p>Kolmannet talkoot pidettiin hein\u00e4kuun toisena viikonloppuna 9.7.2011.\u00a0Nyt oli kysymyksess\u00e4 kova traktoriralli: reitti kulki Lyytikk\u00e4l\u00e4n urheilukent\u00e4lt\u00e4 ABC Viipurinportin luona olevalle asfalttimurskevarastolle, josta otettiin kuorma ja takaisin urheilukent\u00e4lle Lyytikk\u00e4l\u00e4\u00e4n. Ralliin osallistui 14 traktoria, lis\u00e4ksi py\u00f6r\u00e4kuormaaja oli lasermiehen kanssa ottamassa vastaan ja tasaamassa &hellip; <a href=\"https:\/\/kylat.meitadev.fi\/kanava\/hankkeet\/urheilukentan-kehittaminen\/murskeenajotalkoot\/\">Lue loppuun <span class=\"meta-nav\">&rarr;<\/span><\/a><\/p>\n","protected":false},"author":10,"featured_media":0,"parent":538,"menu_order":3,"comment_status":"closed","ping_status":"closed","template":"","meta":{"footnotes":""},"_links":{"self":[{"href":"https:\/\/kylat.meitadev.fi\/kanava\/wp-json\/wp\/v2\/pages\/643"}],"collection":[{"href":"https:\/\/kylat.meitadev.fi\/kanava\/wp-json\/wp\/v2\/pages"}],"about":[{"href":"https:\/\/kylat.meitadev.fi\/kanava\/wp-json\/wp\/v2\/types\/page"}],"author":[{"embeddable":true,"href":"https:\/\/kylat.meitadev.fi\/kanava\/wp-json\/wp\/v2\/users\/10"}],"replies":[{"embeddable":true,"href":"https:\/\/kylat.meitadev.fi\/kanava\/wp-json\/wp\/v2\/comments?post=643"}],"version-history":[{"count":10,"href":"https:\/\/kylat.meitadev.fi\/kanava\/wp-json\/wp\/v2\/pages\/643\/revisions"}],"predecessor-version":[{"id":2179,"href":"https:\/\/kylat.meitadev.fi\/kanava\/wp-json\/wp\/v2\/pages\/643\/revisions\/2179"}],"up":[{"embeddable":true,"href":"https:\/\/kylat.meitadev.fi\/kanava\/wp-json\/wp\/v2\/pages\/538"}],"wp:attachment":[{"href":"https:\/\/kylat.meitadev.fi\/kanava\/wp-json\/wp\/v2\/media?parent=643"}],"curies":[{"name":"wp","href":"https:\/\/api.w.org\/{rel}","templated":true}]}}