{"id":699,"date":"2011-09-19T16:28:49","date_gmt":"2011-09-19T13:28:49","guid":{"rendered":"https:\/\/kylat.meitadev.fi\/kanava\/?page_id=699"},"modified":"2017-02-04T12:33:22","modified_gmt":"2017-02-04T10:33:22","slug":"mullanajotalkoot","status":"publish","type":"page","link":"https:\/\/kylat.meitadev.fi\/kanava\/hankkeet\/urheilukentan-kehittaminen\/mullanajotalkoot\/","title":{"rendered":"Mullanajotalkoot"},"content":{"rendered":"<p>Lauantaina 10.9.2011 pidettiin nelj\u00e4nnet isommat talkoot, jotka olivat niin sanotut mullanajotalkoot. Jalkapallokent\u00e4lle ajettiin uusi multakerros uuden nurmikent\u00e4n perustaksi. Entinen nurmikentt\u00e4 oli ep\u00e4tasainen ja heikkokuntoinen ja jopa jaloille vaarallinen sen ep\u00e4tasaisuuden takia. Multaa ajettiin Nuijamaalta Kalevi Sorvalin multavarastolta noin 530 kuutiota 15 traktorin voimin. Kaksi jalkamiest\u00e4 oli n\u00e4ytt\u00e4m\u00e4ss\u00e4 kent\u00e4ll\u00e4 kuormien kippauskohdat.<\/p>\n<p style=\"text-align: center\"><a href=\"https:\/\/kylat.meitadev.fi\/kanava\/wp-content\/uploads\/sites\/7\/2011\/09\/mullanajo.jpg\" target=\"_blank\"><img loading=\"lazy\" decoding=\"async\" class=\"aligncenter wp-image-705\" src=\"https:\/\/kylat.meitadev.fi\/kanava\/wp-content\/uploads\/sites\/7\/2011\/09\/mullanajo.jpg\" width=\"384\" height=\"288\" \/><\/a><\/p>\n<p>Sateen uhka oli p\u00e4\u00e4ll\u00e4 koko ajan, mutta varsinaiselta sateelta v\u00e4ltyttiin ja saatiin mullat ajettua \u2013 kiitos ahkerille talkoolaisille. Taas olimme talkoomakkarat ansainneet. Nyt ovat isoimmat traktoritalkoot takanap\u00e4in, mutta viel\u00e4 on pienempi\u00e4 juttuja j\u00e4ljell\u00e4, kuten mullan tasaus, kalkitus ja nurmen kylv\u00f6 sek\u00e4 pallokent\u00e4n osalta loppufiksaukset.<\/p>\n<p>Edellisen\u00e4 p\u00e4iv\u00e4n\u00e4 perjantaina 9.9.2011 k\u00e4vi Kaivupalvelu S\u00e4rkk\u00e4 tiekarhulla tasaamassa j\u00e4\u00e4kiekkokaukalon pohjamurskeet ja teki tiivistyksen valssijyr\u00e4ll\u00e4. Nyt on kaukalon pohja valmis laitojen pystytyst\u00e4 varten. Laitojen pit\u00e4isi tulla viikolla 39.<\/p>\n<p><a href=\"https:\/\/kylat.meitadev.fi\/kanava\/wp-content\/uploads\/sites\/7\/2011\/09\/koppi.jpg\" target=\"_blank\"><img loading=\"lazy\" decoding=\"async\" class=\"wp-image-701 alignleft\" src=\"https:\/\/kylat.meitadev.fi\/kanava\/wp-content\/uploads\/sites\/7\/2011\/09\/koppi.jpg\" width=\"288\" height=\"216\" \/><\/a><\/p>\n<p>Porakaivo on valmis ja entinen pukukoppi on asennettu porakaivon p\u00e4\u00e4lle suojaksi ja varustekopiksi. Kuljetus Renki Oy k\u00e4vi siirt\u00e4m\u00e4ss\u00e4 nosturiautolla kopin uuteen teht\u00e4v\u00e4\u00e4ns\u00e4 kent\u00e4lle perjantaina 12.8.2011.<\/p>\n<p>&nbsp;<\/p>\n<p>&nbsp;<\/p>\n<p>Kaupungin vastaava s\u00e4hk\u00f6mestari Pekka Korkiakoski k\u00e4vi kent\u00e4ll\u00e4 s\u00e4hk\u00f6suunnittelijan kanssa katsomassa, kuinka s\u00e4hk\u00f6hommat tehd\u00e4\u00e4n. He lupasivat toimittaa suunnitelmat siihen menness\u00e4, kun laidat tulevat. Valaistus rakennettaisiin pian laitojen pystytyksen j\u00e4lkeen ja kaivolle pit\u00e4\u00e4 my\u00f6s vet\u00e4\u00e4 s\u00e4hk\u00f6t; n\u00e4m\u00e4 kuuluvat samaan suunnitelmaan. N\u00e4ytt\u00e4\u00e4 vahvasti silt\u00e4, ett\u00e4 areena valmistuu ennen pakkasia, kiitos hyv\u00e4n yhteis- ja talkoohengen!<\/p>\n<p><a href=\"https:\/\/kylat.meitadev.fi\/kanava\/wp-content\/uploads\/sites\/7\/2011\/09\/mullan_tasaus.jpg\" target=\"_blank\"><img loading=\"lazy\" decoding=\"async\" class=\"alignleft wp-image-703\" src=\"https:\/\/kylat.meitadev.fi\/kanava\/wp-content\/uploads\/sites\/7\/2011\/09\/mullan_tasaus.jpg\" width=\"288\" height=\"216\" \/><\/a>Maanantaina 12.9.2011 tasattiin ajetut mullat 5 traktorin ja 2 jalkamiehen voimin. Kentt\u00e4 n\u00e4ytt\u00e4\u00e4 hyv\u00e4lt\u00e4 \u2013 nyt viel\u00e4 kalkitus ja siemenet multaan ennen lumia, jotta ovat valmiit kasvuun sitten ensi kev\u00e4\u00e4n kosteudessa.<\/p>\n<p>&nbsp;<\/p>\n<p>&nbsp;<\/p>\n<p>Illansuussa piipahti viel\u00e4 Kym\u00e4l\u00e4isen Kari 2-hankkeeseen kuuluvien monitoimihallipiirustusten kanssa kent\u00e4ll\u00e4 esittelem\u00e4ss\u00e4 kuvia ja kysym\u00e4ss\u00e4, ett\u00e4 voisiko niill\u00e4 hakea rakennuslupia vai tarvitsisiko jotain muuttaa. Oltiin kaikki paikalla olleet sit\u00e4 mielt\u00e4, ettei niit\u00e4 tarvitse muuttaa eli hyv\u00e4t ovat, haetaan rakennuslupaa. N\u00e4in alkaa toinenkin vaihe suunnittelun osalta valmistua ja\u00a0t\u00e4m\u00e4n vuoden puolella p\u00e4\u00e4st\u00e4neen tekem\u00e4\u00e4n hankehakemusta.<\/p>\n<p>Syysterveisin,<br \/>\npuheenjohtaja<\/p>\n","protected":false},"excerpt":{"rendered":"<p>Lauantaina 10.9.2011 pidettiin nelj\u00e4nnet isommat talkoot, jotka olivat niin sanotut mullanajotalkoot. Jalkapallokent\u00e4lle ajettiin uusi multakerros uuden nurmikent\u00e4n perustaksi. Entinen nurmikentt\u00e4 oli ep\u00e4tasainen ja heikkokuntoinen ja jopa jaloille vaarallinen sen ep\u00e4tasaisuuden takia. Multaa ajettiin Nuijamaalta Kalevi Sorvalin multavarastolta noin 530 kuutiota &hellip; <a href=\"https:\/\/kylat.meitadev.fi\/kanava\/hankkeet\/urheilukentan-kehittaminen\/mullanajotalkoot\/\">Lue loppuun <span class=\"meta-nav\">&rarr;<\/span><\/a><\/p>\n","protected":false},"author":10,"featured_media":0,"parent":538,"menu_order":4,"comment_status":"closed","ping_status":"closed","template":"","meta":{"footnotes":""},"_links":{"self":[{"href":"https:\/\/kylat.meitadev.fi\/kanava\/wp-json\/wp\/v2\/pages\/699"}],"collection":[{"href":"https:\/\/kylat.meitadev.fi\/kanava\/wp-json\/wp\/v2\/pages"}],"about":[{"href":"https:\/\/kylat.meitadev.fi\/kanava\/wp-json\/wp\/v2\/types\/page"}],"author":[{"embeddable":true,"href":"https:\/\/kylat.meitadev.fi\/kanava\/wp-json\/wp\/v2\/users\/10"}],"replies":[{"embeddable":true,"href":"https:\/\/kylat.meitadev.fi\/kanava\/wp-json\/wp\/v2\/comments?post=699"}],"version-history":[{"count":14,"href":"https:\/\/kylat.meitadev.fi\/kanava\/wp-json\/wp\/v2\/pages\/699\/revisions"}],"predecessor-version":[{"id":2180,"href":"https:\/\/kylat.meitadev.fi\/kanava\/wp-json\/wp\/v2\/pages\/699\/revisions\/2180"}],"up":[{"embeddable":true,"href":"https:\/\/kylat.meitadev.fi\/kanava\/wp-json\/wp\/v2\/pages\/538"}],"wp:attachment":[{"href":"https:\/\/kylat.meitadev.fi\/kanava\/wp-json\/wp\/v2\/media?parent=699"}],"curies":[{"name":"wp","href":"https:\/\/api.w.org\/{rel}","templated":true}]}}