{"id":72,"date":"2011-03-23T10:39:11","date_gmt":"2011-03-23T08:39:11","guid":{"rendered":"https:\/\/kylat.meitadev.fi\/kanava\/?page_id=72"},"modified":"2017-02-03T18:01:09","modified_gmt":"2017-02-03T16:01:09","slug":"kuvia","status":"publish","type":"page","link":"https:\/\/kylat.meitadev.fi\/kanava\/kylat\/kansola\/kuvia\/","title":{"rendered":"Kuvia Kansolasta"},"content":{"rendered":"<div id=\"attachment_480\" style=\"width: 276px\" class=\"wp-caption aligncenter\"><a href=\"https:\/\/kylat.meitadev.fi\/kanava\/wp-content\/uploads\/sites\/7\/2011\/03\/kansola_vanha_kanava_aamuh\u00e4m\u00e4r\u00e4.jpeg\" target=\"_blank\"><img loading=\"lazy\" decoding=\"async\" aria-describedby=\"caption-attachment-480\" class=\"wp-image-480\" style=\"border: 1px solid black\" src=\"https:\/\/kylat.meitadev.fi\/kanava\/wp-content\/uploads\/sites\/7\/2011\/03\/kansola_vanha_kanava_aamuh\u00e4m\u00e4r\u00e4.jpeg\" alt=\"Aamuh\u00e4m\u00e4r\u00e4\" width=\"266\" height=\"360\" \/><\/a><p id=\"caption-attachment-480\" class=\"wp-caption-text\">Kansolan vanha kanava aamuh\u00e4m\u00e4r\u00e4ss\u00e4<\/p><\/div>\n<p style=\"text-align: center\">Talvikuvia 2005:<\/p>\n<div id=\"attachment_483\" style=\"width: 276px\" class=\"wp-caption aligncenter\"><a href=\"https:\/\/kylat.meitadev.fi\/kanava\/wp-content\/uploads\/sites\/7\/2011\/03\/kansola_talvikuva05_1.jpeg\" target=\"_blank\"><img loading=\"lazy\" decoding=\"async\" aria-describedby=\"caption-attachment-483\" class=\"wp-image-483\" style=\"border: 1px solid black\" src=\"https:\/\/kylat.meitadev.fi\/kanava\/wp-content\/uploads\/sites\/7\/2011\/03\/kansola_talvikuva05_1.jpeg\" alt=\"Talvi\" width=\"266\" height=\"360\" \/><\/a><p id=\"caption-attachment-483\" class=\"wp-caption-text\">Talvinen iltap\u00e4iv\u00e4 auringon laskiessa<\/p><\/div>\n<div id=\"attachment_484\" style=\"width: 265px\" class=\"wp-caption aligncenter\"><a href=\"https:\/\/kylat.meitadev.fi\/kanava\/wp-content\/uploads\/sites\/7\/2011\/03\/kansola_talvikuva05_2.jpeg\" target=\"_blank\"><img loading=\"lazy\" decoding=\"async\" aria-describedby=\"caption-attachment-484\" class=\"wp-image-484\" style=\"border: 1px solid black\" src=\"https:\/\/kylat.meitadev.fi\/kanava\/wp-content\/uploads\/sites\/7\/2011\/03\/kansola_talvikuva05_2.jpeg\" alt=\"Talvi\" width=\"255\" height=\"346\" \/><\/a><p id=\"caption-attachment-484\" class=\"wp-caption-text\">Pakkasta l\u00e4hes 25 astetta<\/p><\/div>\n<p style=\"text-align: center\"><a href=\"https:\/\/kylat.meitadev.fi\/kanava\/wp-content\/uploads\/sites\/7\/2011\/03\/kansola_talvikuva05_3.jpeg\" target=\"_blank\"><img loading=\"lazy\" decoding=\"async\" class=\"aligncenter wp-image-485\" style=\"border: 1px solid black\" src=\"https:\/\/kylat.meitadev.fi\/kanava\/wp-content\/uploads\/sites\/7\/2011\/03\/kansola_talvikuva05_3.jpeg\" alt=\"Talvi\" width=\"257\" height=\"349\" \/><\/a><\/p>\n","protected":false},"excerpt":{"rendered":"<p>Talvikuvia 2005:<\/p>\n","protected":false},"author":10,"featured_media":0,"parent":51,"menu_order":0,"comment_status":"closed","ping_status":"closed","template":"","meta":{"footnotes":""},"_links":{"self":[{"href":"https:\/\/kylat.meitadev.fi\/kanava\/wp-json\/wp\/v2\/pages\/72"}],"collection":[{"href":"https:\/\/kylat.meitadev.fi\/kanava\/wp-json\/wp\/v2\/pages"}],"about":[{"href":"https:\/\/kylat.meitadev.fi\/kanava\/wp-json\/wp\/v2\/types\/page"}],"author":[{"embeddable":true,"href":"https:\/\/kylat.meitadev.fi\/kanava\/wp-json\/wp\/v2\/users\/10"}],"replies":[{"embeddable":true,"href":"https:\/\/kylat.meitadev.fi\/kanava\/wp-json\/wp\/v2\/comments?post=72"}],"version-history":[{"count":22,"href":"https:\/\/kylat.meitadev.fi\/kanava\/wp-json\/wp\/v2\/pages\/72\/revisions"}],"predecessor-version":[{"id":2145,"href":"https:\/\/kylat.meitadev.fi\/kanava\/wp-json\/wp\/v2\/pages\/72\/revisions\/2145"}],"up":[{"embeddable":true,"href":"https:\/\/kylat.meitadev.fi\/kanava\/wp-json\/wp\/v2\/pages\/51"}],"wp:attachment":[{"href":"https:\/\/kylat.meitadev.fi\/kanava\/wp-json\/wp\/v2\/media?parent=72"}],"curies":[{"name":"wp","href":"https:\/\/api.w.org\/{rel}","templated":true}]}}