{"id":842,"date":"2011-12-03T23:16:23","date_gmt":"2011-12-03T21:16:23","guid":{"rendered":"https:\/\/kylat.meitadev.fi\/kanava\/?page_id=842"},"modified":"2012-01-14T21:44:32","modified_gmt":"2012-01-14T19:44:32","slug":"jaakiekkoareena-valmis","status":"publish","type":"page","link":"https:\/\/kylat.meitadev.fi\/kanava\/hankkeet\/urheilukentan-kehittaminen\/jaakiekkoareena-valmis\/","title":{"rendered":"J\u00e4\u00e4kiekkoareena valmis"},"content":{"rendered":"<p>Kyl\u00e4yhdistyksen syyskokous (30.11.2011) totesi, ett\u00e4 hankkeen 1-vaihe &#8221;Lyytikk\u00e4l\u00e4n urheilukent\u00e4n kehitt\u00e4minen&#8221; on 100% valmistunut marraskuun 2011 loppuun menness\u00e4.<\/p>\n<p>J\u00e4\u00e4kiekkokaukalon nimeksi valittiin Kanava-areena. Kanava-areenan avajaiset pidet\u00e4\u00e4n helmikuussa 2012.<\/p>\n<p>T. Osmo<\/p>\n<p>&nbsp;<\/p>\n","protected":false},"excerpt":{"rendered":"<p>Kyl\u00e4yhdistyksen syyskokous (30.11.2011) totesi, ett\u00e4 hankkeen 1-vaihe &#8221;Lyytikk\u00e4l\u00e4n urheilukent\u00e4n kehitt\u00e4minen&#8221; on 100% valmistunut marraskuun 2011 loppuun menness\u00e4. J\u00e4\u00e4kiekkokaukalon nimeksi valittiin Kanava-areena. Kanava-areenan avajaiset pidet\u00e4\u00e4n helmikuussa 2012. T. Osmo &nbsp;<\/p>\n","protected":false},"author":10,"featured_media":0,"parent":538,"menu_order":6,"comment_status":"closed","ping_status":"closed","template":"onecolumn-page.php","meta":{"footnotes":""},"_links":{"self":[{"href":"https:\/\/kylat.meitadev.fi\/kanava\/wp-json\/wp\/v2\/pages\/842"}],"collection":[{"href":"https:\/\/kylat.meitadev.fi\/kanava\/wp-json\/wp\/v2\/pages"}],"about":[{"href":"https:\/\/kylat.meitadev.fi\/kanava\/wp-json\/wp\/v2\/types\/page"}],"author":[{"embeddable":true,"href":"https:\/\/kylat.meitadev.fi\/kanava\/wp-json\/wp\/v2\/users\/10"}],"replies":[{"embeddable":true,"href":"https:\/\/kylat.meitadev.fi\/kanava\/wp-json\/wp\/v2\/comments?post=842"}],"version-history":[{"count":10,"href":"https:\/\/kylat.meitadev.fi\/kanava\/wp-json\/wp\/v2\/pages\/842\/revisions"}],"predecessor-version":[{"id":878,"href":"https:\/\/kylat.meitadev.fi\/kanava\/wp-json\/wp\/v2\/pages\/842\/revisions\/878"}],"up":[{"embeddable":true,"href":"https:\/\/kylat.meitadev.fi\/kanava\/wp-json\/wp\/v2\/pages\/538"}],"wp:attachment":[{"href":"https:\/\/kylat.meitadev.fi\/kanava\/wp-json\/wp\/v2\/media?parent=842"}],"curies":[{"name":"wp","href":"https:\/\/api.w.org\/{rel}","templated":true}]}}