{"id":89,"date":"2011-03-23T11:16:56","date_gmt":"2011-03-23T09:16:56","guid":{"rendered":"https:\/\/kylat.meitadev.fi\/kanava\/?page_id=89"},"modified":"2017-02-03T18:11:26","modified_gmt":"2017-02-03T16:11:26","slug":"kuvia","status":"publish","type":"page","link":"https:\/\/kylat.meitadev.fi\/kanava\/kylat\/karhusjarvi\/kuvia\/","title":{"rendered":"Kuvia Karhusj\u00e4rvelt\u00e4"},"content":{"rendered":"<div id=\"attachment_458\" style=\"width: 356px\" class=\"wp-caption aligncenter\"><a href=\"https:\/\/kylat.meitadev.fi\/kanava\/wp-content\/uploads\/sites\/7\/2011\/03\/karhusj\u00e4rvi_kes\u00e4y\u00f6.jpeg\" target=\"_blank\"><img loading=\"lazy\" decoding=\"async\" aria-describedby=\"caption-attachment-458\" class=\"wp-image-458\" style=\"border: 1px solid black\" src=\"https:\/\/kylat.meitadev.fi\/kanava\/wp-content\/uploads\/sites\/7\/2011\/03\/karhusj\u00e4rvi_kes\u00e4y\u00f6.jpeg\" alt=\"Karhusj\u00e4rven kyl\u00e4 kes\u00e4y\u00f6n\u00e4\" width=\"346\" height=\"259\" \/><\/a><p id=\"caption-attachment-458\" class=\"wp-caption-text\">Karhusj\u00e4rven kyl\u00e4 kes\u00e4y\u00f6n\u00e4<\/p><\/div>\n<div id=\"attachment_459\" style=\"width: 356px\" class=\"wp-caption aligncenter\"><a href=\"https:\/\/kylat.meitadev.fi\/kanava\/wp-content\/uploads\/sites\/7\/2011\/03\/karhusj\u00e4rvi_latua.jpeg\" target=\"_blank\"><img loading=\"lazy\" decoding=\"async\" aria-describedby=\"caption-attachment-459\" class=\"wp-image-459\" style=\"border: 1px solid black\" src=\"https:\/\/kylat.meitadev.fi\/kanava\/wp-content\/uploads\/sites\/7\/2011\/03\/karhusj\u00e4rvi_latua.jpeg\" alt=\"Karhusj\u00e4rven latuja\" width=\"346\" height=\"259\" \/><\/a><p id=\"caption-attachment-459\" class=\"wp-caption-text\">Hohtavat hanget houkuttelevat hiiht\u00e4ji\u00e4 ja lenkkeilij\u00f6it\u00e4 viett\u00e4m\u00e4\u00e4n aurinkoisia talvip\u00e4ivi\u00e4 raikkaassa ulkoilmassa.<\/p><\/div>\n<div id=\"attachment_460\" style=\"width: 356px\" class=\"wp-caption aligncenter\"><a href=\"https:\/\/kylat.meitadev.fi\/kanava\/wp-content\/uploads\/sites\/7\/2011\/03\/karhusj\u00e4rvi_sateenkaari.jpeg\"><img loading=\"lazy\" decoding=\"async\" aria-describedby=\"caption-attachment-460\" class=\"wp-image-460\" style=\"border: 1px solid black\" src=\"https:\/\/kylat.meitadev.fi\/kanava\/wp-content\/uploads\/sites\/7\/2011\/03\/karhusj\u00e4rvi_sateenkaari.jpeg\" alt=\"Sateenkaari\" width=\"346\" height=\"259\" \/><\/a><p id=\"caption-attachment-460\" class=\"wp-caption-text\">Sateenkaaren tuolla puolen?<\/p><\/div>\n","protected":false},"excerpt":{"rendered":"","protected":false},"author":10,"featured_media":0,"parent":500,"menu_order":0,"comment_status":"closed","ping_status":"closed","template":"","meta":{"footnotes":""},"_links":{"self":[{"href":"https:\/\/kylat.meitadev.fi\/kanava\/wp-json\/wp\/v2\/pages\/89"}],"collection":[{"href":"https:\/\/kylat.meitadev.fi\/kanava\/wp-json\/wp\/v2\/pages"}],"about":[{"href":"https:\/\/kylat.meitadev.fi\/kanava\/wp-json\/wp\/v2\/types\/page"}],"author":[{"embeddable":true,"href":"https:\/\/kylat.meitadev.fi\/kanava\/wp-json\/wp\/v2\/users\/10"}],"replies":[{"embeddable":true,"href":"https:\/\/kylat.meitadev.fi\/kanava\/wp-json\/wp\/v2\/comments?post=89"}],"version-history":[{"count":19,"href":"https:\/\/kylat.meitadev.fi\/kanava\/wp-json\/wp\/v2\/pages\/89\/revisions"}],"predecessor-version":[{"id":2152,"href":"https:\/\/kylat.meitadev.fi\/kanava\/wp-json\/wp\/v2\/pages\/89\/revisions\/2152"}],"up":[{"embeddable":true,"href":"https:\/\/kylat.meitadev.fi\/kanava\/wp-json\/wp\/v2\/pages\/500"}],"wp:attachment":[{"href":"https:\/\/kylat.meitadev.fi\/kanava\/wp-json\/wp\/v2\/media?parent=89"}],"curies":[{"name":"wp","href":"https:\/\/api.w.org\/{rel}","templated":true}]}}