{"id":893,"date":"2012-01-19T00:12:02","date_gmt":"2012-01-18T22:12:02","guid":{"rendered":"https:\/\/kylat.meitadev.fi\/kanava\/?page_id=893"},"modified":"2018-12-23T10:04:02","modified_gmt":"2018-12-23T08:04:02","slug":"kanava-areenan-kunnossapitovuorot","status":"publish","type":"page","link":"https:\/\/kylat.meitadev.fi\/kanava\/kylatoiminta\/kanavan-liikuntakeskus\/kanava-areenan-kunnossapitovuorot\/","title":{"rendered":"Kanava-areenan kunnossapitovuorot"},"content":{"rendered":"<h2 style=\"text-align: left\">Kausi 2018 &#8211; 2019<b><\/b><b><\/b><b><\/b><b><\/b><b><\/b><\/h2>\n<table width=\"611\">\n<tbody>\n<tr>\n<td width=\"93\">PVM<\/td>\n<td width=\"77\">VIIKKO<\/td>\n<td width=\"169\">KYL\u00c4<\/td>\n<td width=\"171\">YHTEYSHENKIL\u00d6<\/td>\n<td width=\"101\">PUHELIN<\/td>\n<\/tr>\n<tr>\n<td style=\"font-weight: 400\">24.12.-30.12.<\/td>\n<td style=\"font-weight: 400\">52<\/td>\n<td style=\"font-weight: 400\">Lyytikk\u00e4l\u00e4<\/td>\n<td style=\"font-weight: 400\">Jouni Mikonsaari<\/td>\n<td style=\"font-weight: 400\">0405014324<\/td>\n<\/tr>\n<tr>\n<td style=\"font-weight: 400\">31.12.-6.1.<\/td>\n<td style=\"font-weight: 400\">1<\/td>\n<td style=\"font-weight: 400\">Rasala\/Pajarila<\/td>\n<td style=\"font-weight: 400\">Hannu Heimala<\/td>\n<td style=\"font-weight: 400\">0505458639<\/td>\n<\/tr>\n<tr>\n<td style=\"font-weight: 400\">7.1.-13.1.<\/td>\n<td style=\"font-weight: 400\">2<\/td>\n<td style=\"font-weight: 400\">Karhusj\u00e4rvi\/Lempi\u00e4l\u00e4<\/td>\n<td style=\"font-weight: 400\">Juuso Mikonsaari<\/td>\n<td style=\"font-weight: 400\">0500752805<\/td>\n<\/tr>\n<tr>\n<td style=\"font-weight: 400\">14.1.-20.1.<\/td>\n<td style=\"font-weight: 400\">3<\/td>\n<td style=\"font-weight: 400\">K\u00e4h\u00e4ril\u00e4<\/td>\n<td style=\"font-weight: 400\">Veli-Matti Talonpoika<\/td>\n<td style=\"font-weight: 400\">0405816406<\/td>\n<\/tr>\n<tr>\n<td style=\"font-weight: 400\">21.1.-27.1.<\/td>\n<td style=\"font-weight: 400\">4<\/td>\n<td style=\"font-weight: 400\">Kansola<\/td>\n<td style=\"font-weight: 400\">Marko Kansonen<\/td>\n<td style=\"font-weight: 400\">0500156190<\/td>\n<\/tr>\n<tr>\n<td style=\"font-weight: 400\">28.1.-3.2.<\/td>\n<td style=\"font-weight: 400\">5<\/td>\n<td style=\"font-weight: 400\">Lyytikk\u00e4l\u00e4<\/td>\n<td style=\"font-weight: 400\">Jouni Mikonsaari<\/td>\n<td style=\"font-weight: 400\">0405014324<\/td>\n<\/tr>\n<tr>\n<td style=\"font-weight: 400\">4.2.-10.2.<\/td>\n<td style=\"font-weight: 400\">6<\/td>\n<td style=\"font-weight: 400\">Rasala\/Pajarila<\/td>\n<td style=\"font-weight: 400\">Hannu Heimala<\/td>\n<td style=\"font-weight: 400\">0505458639<\/td>\n<\/tr>\n<tr>\n<td style=\"font-weight: 400\">11.2.-17.2.<\/td>\n<td style=\"font-weight: 400\">7<\/td>\n<td style=\"font-weight: 400\">Karhusj\u00e4rvi\/Lempi\u00e4l\u00e4<\/td>\n<td style=\"font-weight: 400\">Juuso Mikonsaari<\/td>\n<td style=\"font-weight: 400\">0500752805<\/td>\n<\/tr>\n<tr>\n<td style=\"font-weight: 400\">18.2.-24.2.<\/td>\n<td style=\"font-weight: 400\">8<\/td>\n<td style=\"font-weight: 400\">K\u00e4h\u00e4ril\u00e4<\/td>\n<td style=\"font-weight: 400\">Veli-Matti Talonpoika<\/td>\n<td style=\"font-weight: 400\">0405816406<\/td>\n<\/tr>\n<tr>\n<td style=\"font-weight: 400\">25.2.-3.3.<\/td>\n<td style=\"font-weight: 400\">9<\/td>\n<td style=\"font-weight: 400\">Kansola<\/td>\n<td style=\"font-weight: 400\">Marko Kansonen<\/td>\n<td style=\"font-weight: 400\">0500156190<\/td>\n<\/tr>\n<tr>\n<td style=\"font-weight: 400\">4.3.-10.3.<\/td>\n<td style=\"font-weight: 400\">10<\/td>\n<td style=\"font-weight: 400\">Lyytikk\u00e4l\u00e4<\/td>\n<td style=\"font-weight: 400\">Jouni Mikonsaari<\/td>\n<td style=\"font-weight: 400\">0405014324<\/td>\n<\/tr>\n<tr>\n<td style=\"font-weight: 400\">11.3.-17.3.<\/td>\n<td style=\"font-weight: 400\">11<\/td>\n<td style=\"font-weight: 400\">Rasala\/Pajarila<\/td>\n<td style=\"font-weight: 400\">Hannu Heimala<\/td>\n<td style=\"font-weight: 400\">0505458639<\/td>\n<\/tr>\n<tr>\n<td style=\"font-weight: 400\">18.3.-24.3.<\/td>\n<td style=\"font-weight: 400\">12<\/td>\n<td style=\"font-weight: 400\">Karhusj\u00e4rvi\/Lempi\u00e4l\u00e4<\/td>\n<td style=\"font-weight: 400\">Juuso Mikonsaari<\/td>\n<td style=\"font-weight: 400\">0500752805<\/td>\n<\/tr>\n<tr>\n<td style=\"font-weight: 400\">25.3.-31.3.<\/td>\n<td style=\"font-weight: 400\">13<\/td>\n<td style=\"font-weight: 400\">K\u00e4h\u00e4ril\u00e4<\/td>\n<td style=\"font-weight: 400\">Veli-Matti Talonpoika<\/td>\n<td style=\"font-weight: 400\">0405816406<\/td>\n<\/tr>\n<\/tbody>\n<\/table>\n<p>&nbsp;<\/p>\n","protected":false},"excerpt":{"rendered":"<p>Kausi 2018 &#8211; 2019 PVM VIIKKO KYL\u00c4 YHTEYSHENKIL\u00d6 PUHELIN 24.12.-30.12. 52 Lyytikk\u00e4l\u00e4 Jouni Mikonsaari 0405014324 31.12.-6.1. 1 Rasala\/Pajarila Hannu Heimala 0505458639 7.1.-13.1. 2 Karhusj\u00e4rvi\/Lempi\u00e4l\u00e4 Juuso Mikonsaari 0500752805 14.1.-20.1. 3 K\u00e4h\u00e4ril\u00e4 Veli-Matti Talonpoika 0405816406 21.1.-27.1. 4 Kansola Marko Kansonen 0500156190 28.1.-3.2. &hellip; <a href=\"https:\/\/kylat.meitadev.fi\/kanava\/kylatoiminta\/kanavan-liikuntakeskus\/kanava-areenan-kunnossapitovuorot\/\">Lue loppuun <span class=\"meta-nav\">&rarr;<\/span><\/a><\/p>\n","protected":false},"author":10,"featured_media":0,"parent":1603,"menu_order":0,"comment_status":"closed","ping_status":"closed","template":"","meta":{"footnotes":""},"_links":{"self":[{"href":"https:\/\/kylat.meitadev.fi\/kanava\/wp-json\/wp\/v2\/pages\/893"}],"collection":[{"href":"https:\/\/kylat.meitadev.fi\/kanava\/wp-json\/wp\/v2\/pages"}],"about":[{"href":"https:\/\/kylat.meitadev.fi\/kanava\/wp-json\/wp\/v2\/types\/page"}],"author":[{"embeddable":true,"href":"https:\/\/kylat.meitadev.fi\/kanava\/wp-json\/wp\/v2\/users\/10"}],"replies":[{"embeddable":true,"href":"https:\/\/kylat.meitadev.fi\/kanava\/wp-json\/wp\/v2\/comments?post=893"}],"version-history":[{"count":27,"href":"https:\/\/kylat.meitadev.fi\/kanava\/wp-json\/wp\/v2\/pages\/893\/revisions"}],"predecessor-version":[{"id":2511,"href":"https:\/\/kylat.meitadev.fi\/kanava\/wp-json\/wp\/v2\/pages\/893\/revisions\/2511"}],"up":[{"embeddable":true,"href":"https:\/\/kylat.meitadev.fi\/kanava\/wp-json\/wp\/v2\/pages\/1603"}],"wp:attachment":[{"href":"https:\/\/kylat.meitadev.fi\/kanava\/wp-json\/wp\/v2\/media?parent=893"}],"curies":[{"name":"wp","href":"https:\/\/api.w.org\/{rel}","templated":true}]}}