{"id":92,"date":"2011-03-23T11:38:07","date_gmt":"2011-03-23T09:38:07","guid":{"rendered":"https:\/\/kylat.meitadev.fi\/kanava\/?page_id=92"},"modified":"2017-02-03T18:13:33","modified_gmt":"2017-02-03T16:13:33","slug":"kaharila","status":"publish","type":"page","link":"https:\/\/kylat.meitadev.fi\/kanava\/kylat\/kaharila\/","title":{"rendered":"K\u00e4h\u00e4ril\u00e4"},"content":{"rendered":"<p>Asukkaita K\u00e4h\u00e4ril\u00e4n kyl\u00e4ll\u00e4 on noin 65. Kyl\u00e4lt\u00e4 l\u00f6ytyy kolme maatilaa, joista kaksi on viljatilaa ja yksi sikatila. Lis\u00e4ksi K\u00e4h\u00e4ril\u00e4ss\u00e4 toimii ratsastustalli ja kennel.<\/p>\n<div id=\"attachment_94\" style=\"width: 394px\" class=\"wp-caption alignleft\"><a href=\"https:\/\/kylat.meitadev.fi\/kanava\/wp-content\/uploads\/sites\/7\/2011\/03\/k\u00e4h\u00e4ril\u00e41.jpeg\" target=\"_blank\"><img loading=\"lazy\" decoding=\"async\" aria-describedby=\"caption-attachment-94\" class=\"wp-image-94\" style=\"border: 1px solid black\" src=\"https:\/\/kylat.meitadev.fi\/kanava\/wp-content\/uploads\/sites\/7\/2011\/03\/k\u00e4h\u00e4ril\u00e41.jpeg\" alt=\"K\u00e4h\u00e4ril\u00e4\" width=\"384\" height=\"284\" \/><\/a><p id=\"caption-attachment-94\" class=\"wp-caption-text\">K\u00e4h\u00e4ril\u00e4n peltomaisemaa<\/p><\/div>\n<div id=\"attachment_95\" style=\"width: 373px\" class=\"wp-caption alignleft\"><a href=\"https:\/\/kylat.meitadev.fi\/kanava\/wp-content\/uploads\/sites\/7\/2011\/03\/k\u00e4h\u00e4ril\u00e42.jpeg\" target=\"_blank\"><img loading=\"lazy\" decoding=\"async\" aria-describedby=\"caption-attachment-95\" class=\"wp-image-95\" style=\"border: 1px solid black\" src=\"https:\/\/kylat.meitadev.fi\/kanava\/wp-content\/uploads\/sites\/7\/2011\/03\/k\u00e4h\u00e4ril\u00e42.jpeg\" alt=\"K\u00e4h\u00e4ril\u00e4\" width=\"363\" height=\"268\" \/><\/a><p id=\"caption-attachment-95\" class=\"wp-caption-text\">Lis\u00e4\u00e4 peltomaisemia<\/p><\/div>\n<p style=\"text-align: center\">\n<div id=\"attachment_462\" style=\"width: 391px\" class=\"wp-caption alignleft\"><a href=\"https:\/\/kylat.meitadev.fi\/kanava\/wp-content\/uploads\/sites\/7\/2011\/03\/k\u00e4h\u00e4ril\u00e4_hevoset.jpeg\" target=\"_blank\"><img loading=\"lazy\" decoding=\"async\" aria-describedby=\"caption-attachment-462\" class=\"wp-image-462\" style=\"border: 1px solid black\" src=\"https:\/\/kylat.meitadev.fi\/kanava\/wp-content\/uploads\/sites\/7\/2011\/03\/k\u00e4h\u00e4ril\u00e4_hevoset.jpeg\" alt=\"Hevoset\" width=\"381\" height=\"274\" \/><\/a><p id=\"caption-attachment-462\" class=\"wp-caption-text\">Ratsutallin hevosia<\/p><\/div>\n","protected":false},"excerpt":{"rendered":"<p>Asukkaita K\u00e4h\u00e4ril\u00e4n kyl\u00e4ll\u00e4 on noin 65. Kyl\u00e4lt\u00e4 l\u00f6ytyy kolme maatilaa, joista kaksi on viljatilaa ja yksi sikatila. Lis\u00e4ksi K\u00e4h\u00e4ril\u00e4ss\u00e4 toimii ratsastustalli ja kennel.<\/p>\n","protected":false},"author":10,"featured_media":0,"parent":2,"menu_order":0,"comment_status":"closed","ping_status":"closed","template":"","meta":{"footnotes":""},"_links":{"self":[{"href":"https:\/\/kylat.meitadev.fi\/kanava\/wp-json\/wp\/v2\/pages\/92"}],"collection":[{"href":"https:\/\/kylat.meitadev.fi\/kanava\/wp-json\/wp\/v2\/pages"}],"about":[{"href":"https:\/\/kylat.meitadev.fi\/kanava\/wp-json\/wp\/v2\/types\/page"}],"author":[{"embeddable":true,"href":"https:\/\/kylat.meitadev.fi\/kanava\/wp-json\/wp\/v2\/users\/10"}],"replies":[{"embeddable":true,"href":"https:\/\/kylat.meitadev.fi\/kanava\/wp-json\/wp\/v2\/comments?post=92"}],"version-history":[{"count":11,"href":"https:\/\/kylat.meitadev.fi\/kanava\/wp-json\/wp\/v2\/pages\/92\/revisions"}],"predecessor-version":[{"id":2153,"href":"https:\/\/kylat.meitadev.fi\/kanava\/wp-json\/wp\/v2\/pages\/92\/revisions\/2153"}],"up":[{"embeddable":true,"href":"https:\/\/kylat.meitadev.fi\/kanava\/wp-json\/wp\/v2\/pages\/2"}],"wp:attachment":[{"href":"https:\/\/kylat.meitadev.fi\/kanava\/wp-json\/wp\/v2\/media?parent=92"}],"curies":[{"name":"wp","href":"https:\/\/api.w.org\/{rel}","templated":true}]}}