{"id":99,"date":"2011-03-23T12:30:28","date_gmt":"2011-03-23T10:30:28","guid":{"rendered":"https:\/\/kylat.meitadev.fi\/kanava\/?page_id=99"},"modified":"2017-02-03T18:15:50","modified_gmt":"2017-02-03T16:15:50","slug":"lempiala","status":"publish","type":"page","link":"https:\/\/kylat.meitadev.fi\/kanava\/kylat\/lempiala\/","title":{"rendered":"Lempi\u00e4l\u00e4"},"content":{"rendered":"<p>Lempi\u00e4l\u00e4n kyl\u00e4ll\u00e4 asukkaita on noin 25. Kyl\u00e4lt\u00e4 l\u00f6ytyy maaviljelyst\u00e4 sek\u00e4 auto\/peltikorjaamo. Lempi\u00e4l\u00e4n kyl\u00e4\u00e4 halkoo vilkasliikenteinen Nuijamaantie, jonka varrella on useita Tiehallinnnon kelikameroita. Lempi\u00e4l\u00e4st\u00e4 on lyhyt matka Saimaan kanavalle ja Soskuan sululle.<\/p>\n<h2>Historiaa<\/h2>\n<p>Lempi\u00e4l\u00e4ss\u00e4 on toiminut kyl\u00e4koulu. Koulu on valmistunut vuonna 1921. Nykyisin se on yksityisess\u00e4 omistuksessa ja asuink\u00e4yt\u00f6ss\u00e4.<\/p>\n<div id=\"attachment_512\" style=\"width: 394px\" class=\"wp-caption alignleft\"><a href=\"https:\/\/kylat.meitadev.fi\/kanava\/wp-content\/uploads\/sites\/7\/2011\/03\/lempi\u00e4l\u00e4n_koulu1.jpeg\" target=\"_blank\"><img loading=\"lazy\" decoding=\"async\" aria-describedby=\"caption-attachment-512\" class=\"wp-image-512\" style=\"border: 1px solid black\" src=\"https:\/\/kylat.meitadev.fi\/kanava\/wp-content\/uploads\/sites\/7\/2011\/03\/lempi\u00e4l\u00e4n_koulu1.jpeg\" alt=\"Kyl\u00e4koulu\" width=\"384\" height=\"284\" \/><\/a><p id=\"caption-attachment-512\" class=\"wp-caption-text\">Lempi\u00e4l\u00e4n entinen kyl\u00e4koulu<\/p><\/div>\n<p style=\"text-align: center\">\n","protected":false},"excerpt":{"rendered":"<p>Lempi\u00e4l\u00e4n kyl\u00e4ll\u00e4 asukkaita on noin 25. Kyl\u00e4lt\u00e4 l\u00f6ytyy maaviljelyst\u00e4 sek\u00e4 auto\/peltikorjaamo. Lempi\u00e4l\u00e4n kyl\u00e4\u00e4 halkoo vilkasliikenteinen Nuijamaantie, jonka varrella on useita Tiehallinnnon kelikameroita. Lempi\u00e4l\u00e4st\u00e4 on lyhyt matka Saimaan kanavalle ja Soskuan sululle. Historiaa Lempi\u00e4l\u00e4ss\u00e4 on toiminut kyl\u00e4koulu. Koulu on valmistunut vuonna &hellip; <a href=\"https:\/\/kylat.meitadev.fi\/kanava\/kylat\/lempiala\/\">Lue loppuun <span class=\"meta-nav\">&rarr;<\/span><\/a><\/p>\n","protected":false},"author":10,"featured_media":0,"parent":2,"menu_order":0,"comment_status":"closed","ping_status":"closed","template":"","meta":{"footnotes":""},"_links":{"self":[{"href":"https:\/\/kylat.meitadev.fi\/kanava\/wp-json\/wp\/v2\/pages\/99"}],"collection":[{"href":"https:\/\/kylat.meitadev.fi\/kanava\/wp-json\/wp\/v2\/pages"}],"about":[{"href":"https:\/\/kylat.meitadev.fi\/kanava\/wp-json\/wp\/v2\/types\/page"}],"author":[{"embeddable":true,"href":"https:\/\/kylat.meitadev.fi\/kanava\/wp-json\/wp\/v2\/users\/10"}],"replies":[{"embeddable":true,"href":"https:\/\/kylat.meitadev.fi\/kanava\/wp-json\/wp\/v2\/comments?post=99"}],"version-history":[{"count":17,"href":"https:\/\/kylat.meitadev.fi\/kanava\/wp-json\/wp\/v2\/pages\/99\/revisions"}],"predecessor-version":[{"id":2155,"href":"https:\/\/kylat.meitadev.fi\/kanava\/wp-json\/wp\/v2\/pages\/99\/revisions\/2155"}],"up":[{"embeddable":true,"href":"https:\/\/kylat.meitadev.fi\/kanava\/wp-json\/wp\/v2\/pages\/2"}],"wp:attachment":[{"href":"https:\/\/kylat.meitadev.fi\/kanava\/wp-json\/wp\/v2\/media?parent=99"}],"curies":[{"name":"wp","href":"https:\/\/api.w.org\/{rel}","templated":true}]}}