{"id":101,"date":"2012-03-29T12:29:29","date_gmt":"2012-03-29T12:59:29","guid":{"rendered":"https:\/\/kylat.meitadev.fi\/kannuskoski\/?page_id=101"},"modified":"2012-03-29T12:37:13","modified_gmt":"2012-03-29T13:07:13","slug":"2007-2","status":"publish","type":"page","link":"https:\/\/kylat.meitadev.fi\/kannuskoski\/kuvagalleria\/2007-2\/","title":{"rendered":"2007"},"content":{"rendered":"<p><strong>Kes\u00e4tapahtuma vuosimallia 2007<\/strong><\/p>\n<div id='gallery-1' class='gallery galleryid-101 gallery-columns-4 gallery-size-thumbnail'><dl class='gallery-item'>\n\t\t\t<dt class='gallery-icon portrait'>\n\t\t\t\t<a href='https:\/\/kylat.meitadev.fi\/kannuskoski\/kuvagalleria\/2007-2\/olympus-digital-camera-11\/'><img loading=\"lazy\" decoding=\"async\" width=\"113\" height=\"150\" src=\"https:\/\/kylat.meitadev.fi\/kannuskoski\/wp-content\/uploads\/sites\/24\/2012\/03\/20073.jpg\" class=\"attachment-thumbnail size-thumbnail\" alt=\"\" aria-describedby=\"gallery-1-102\" \/><\/a>\n\t\t\t<\/dt>\n\t\t\t\t<dd class='wp-caption-text gallery-caption' id='gallery-1-102'>\n\t\t\t\tKes\u00e4tapahtuma j\u00e4rjestettiin maatilamatkailu Tuhannen Tarinan Talon pihamaalla. Ohjelma oli t\u00e4n\u00e4 vuonna musiikkipainotteinen. Esiintyjin\u00e4 olivat mm. Ari Mattila orkestereineen, Ari Klem, viulutaitelija Arvo Saaristo sek\u00e4 haitarivirtuoosit Moskovasta.  Lapset kisailivat omissa &#8221;lasten olympiakisoissa&#8221;. \n\t\t\t\t<\/dd><\/dl><dl class='gallery-item'>\n\t\t\t<dt class='gallery-icon landscape'>\n\t\t\t\t<a href='https:\/\/kylat.meitadev.fi\/kannuskoski\/kuvagalleria\/2007-2\/olympus-digital-camera-12\/'><img loading=\"lazy\" decoding=\"async\" width=\"150\" height=\"113\" src=\"https:\/\/kylat.meitadev.fi\/kannuskoski\/wp-content\/uploads\/sites\/24\/2012\/03\/20072.jpg\" class=\"attachment-thumbnail size-thumbnail\" alt=\"\" \/><\/a>\n\t\t\t<\/dt><\/dl><dl class='gallery-item'>\n\t\t\t<dt class='gallery-icon portrait'>\n\t\t\t\t<a href='https:\/\/kylat.meitadev.fi\/kannuskoski\/kuvagalleria\/2007-2\/olympus-digital-camera-13\/'><img loading=\"lazy\" decoding=\"async\" width=\"112\" height=\"150\" src=\"https:\/\/kylat.meitadev.fi\/kannuskoski\/wp-content\/uploads\/sites\/24\/2012\/03\/20071.jpg\" class=\"attachment-thumbnail size-thumbnail\" alt=\"\" aria-describedby=\"gallery-1-104\" \/><\/a>\n\t\t\t<\/dt>\n\t\t\t\t<dd class='wp-caption-text gallery-caption' id='gallery-1-104'>\n\t\t\t\t Osuuskauppa Ymp\u00e4rist\u00f6n Kannuskosken myym\u00e4l\u00e4nhoitoja Erkki Alatalo kruunattiin kes\u00e4tapahtumassa vuoden 2007 kyl\u00e4henkil\u00f6ksi \n\t\t\t\t<\/dd><\/dl>\n\t\t\t<br style='clear: both' \/>\n\t\t<\/div>\n\n","protected":false},"excerpt":{"rendered":"<p>Kes\u00e4tapahtuma vuosimallia 2007<\/p>\n","protected":false},"author":43,"featured_media":0,"parent":28,"menu_order":3,"comment_status":"open","ping_status":"open","template":"","meta":{"footnotes":""},"_links":{"self":[{"href":"https:\/\/kylat.meitadev.fi\/kannuskoski\/wp-json\/wp\/v2\/pages\/101"}],"collection":[{"href":"https:\/\/kylat.meitadev.fi\/kannuskoski\/wp-json\/wp\/v2\/pages"}],"about":[{"href":"https:\/\/kylat.meitadev.fi\/kannuskoski\/wp-json\/wp\/v2\/types\/page"}],"author":[{"embeddable":true,"href":"https:\/\/kylat.meitadev.fi\/kannuskoski\/wp-json\/wp\/v2\/users\/43"}],"replies":[{"embeddable":true,"href":"https:\/\/kylat.meitadev.fi\/kannuskoski\/wp-json\/wp\/v2\/comments?post=101"}],"version-history":[{"count":3,"href":"https:\/\/kylat.meitadev.fi\/kannuskoski\/wp-json\/wp\/v2\/pages\/101\/revisions"}],"predecessor-version":[{"id":129,"href":"https:\/\/kylat.meitadev.fi\/kannuskoski\/wp-json\/wp\/v2\/pages\/101\/revisions\/129"}],"up":[{"embeddable":true,"href":"https:\/\/kylat.meitadev.fi\/kannuskoski\/wp-json\/wp\/v2\/pages\/28"}],"wp:attachment":[{"href":"https:\/\/kylat.meitadev.fi\/kannuskoski\/wp-json\/wp\/v2\/media?parent=101"}],"curies":[{"name":"wp","href":"https:\/\/api.w.org\/{rel}","templated":true}]}}