{"id":107,"date":"2012-03-29T12:31:31","date_gmt":"2012-03-29T13:01:31","guid":{"rendered":"https:\/\/kylat.meitadev.fi\/kannuskoski\/?page_id=107"},"modified":"2012-03-29T12:37:23","modified_gmt":"2012-03-29T13:07:23","slug":"2006-2","status":"publish","type":"page","link":"https:\/\/kylat.meitadev.fi\/kannuskoski\/kuvagalleria\/2006-2\/","title":{"rendered":"2006"},"content":{"rendered":"<p><strong>Kes\u00e4tapahtuma vuosimallia 2006<\/strong><\/p>\n<div id='gallery-1' class='gallery galleryid-107 gallery-columns-4 gallery-size-thumbnail'><dl class='gallery-item'>\n\t\t\t<dt class='gallery-icon landscape'>\n\t\t\t\t<a href='https:\/\/kylat.meitadev.fi\/kannuskoski\/kuvagalleria\/2006-2\/olympus-digital-camera-14\/'><img loading=\"lazy\" decoding=\"async\" width=\"150\" height=\"113\" src=\"https:\/\/kylat.meitadev.fi\/kannuskoski\/wp-content\/uploads\/sites\/24\/2012\/03\/20064.jpg\" class=\"attachment-thumbnail size-thumbnail\" alt=\"\" \/><\/a>\n\t\t\t<\/dt><\/dl><dl class='gallery-item'>\n\t\t\t<dt class='gallery-icon landscape'>\n\t\t\t\t<a href='https:\/\/kylat.meitadev.fi\/kannuskoski\/kuvagalleria\/2006-2\/olympus-digital-camera-15\/'><img loading=\"lazy\" decoding=\"async\" width=\"150\" height=\"113\" src=\"https:\/\/kylat.meitadev.fi\/kannuskoski\/wp-content\/uploads\/sites\/24\/2012\/03\/20063.jpg\" class=\"attachment-thumbnail size-thumbnail\" alt=\"\" aria-describedby=\"gallery-1-109\" \/><\/a>\n\t\t\t<\/dt>\n\t\t\t\t<dd class='wp-caption-text gallery-caption' id='gallery-1-109'>\n\t\t\t\tKannuskoski-p\u00e4iv\u00e4 alkaa perinteisesti maakirkolla Otvan rannassa. \n\t\t\t\t<\/dd><\/dl><dl class='gallery-item'>\n\t\t\t<dt class='gallery-icon portrait'>\n\t\t\t\t<a href='https:\/\/kylat.meitadev.fi\/kannuskoski\/kuvagalleria\/2006-2\/olympus-digital-camera-17\/'><img loading=\"lazy\" decoding=\"async\" width=\"113\" height=\"150\" src=\"https:\/\/kylat.meitadev.fi\/kannuskoski\/wp-content\/uploads\/sites\/24\/2012\/03\/20061.jpg\" class=\"attachment-thumbnail size-thumbnail\" alt=\"\" aria-describedby=\"gallery-1-111\" \/><\/a>\n\t\t\t<\/dt>\n\t\t\t\t<dd class='wp-caption-text gallery-caption' id='gallery-1-111'>\n\t\t\t\t Kyl\u00e4yhdistys valitsi vuoden 2006 kyl\u00e4henkil\u00f6ksi em\u00e4nt\u00e4 Helj\u00e4 Syd\u00e4nmaanlakan. Kyl\u00e4yhdistyksen pj. Timo Holopainen kukitti ja &#8221;kastoi&#8221; Helj\u00e4n.\n\t\t\t\t<\/dd><\/dl>\n\t\t\t<br style='clear: both' \/>\n\t\t<\/div>\n\n","protected":false},"excerpt":{"rendered":"<p>Kes\u00e4tapahtuma vuosimallia 2006<\/p>\n","protected":false},"author":43,"featured_media":0,"parent":28,"menu_order":4,"comment_status":"open","ping_status":"open","template":"","meta":{"footnotes":""},"_links":{"self":[{"href":"https:\/\/kylat.meitadev.fi\/kannuskoski\/wp-json\/wp\/v2\/pages\/107"}],"collection":[{"href":"https:\/\/kylat.meitadev.fi\/kannuskoski\/wp-json\/wp\/v2\/pages"}],"about":[{"href":"https:\/\/kylat.meitadev.fi\/kannuskoski\/wp-json\/wp\/v2\/types\/page"}],"author":[{"embeddable":true,"href":"https:\/\/kylat.meitadev.fi\/kannuskoski\/wp-json\/wp\/v2\/users\/43"}],"replies":[{"embeddable":true,"href":"https:\/\/kylat.meitadev.fi\/kannuskoski\/wp-json\/wp\/v2\/comments?post=107"}],"version-history":[{"count":4,"href":"https:\/\/kylat.meitadev.fi\/kannuskoski\/wp-json\/wp\/v2\/pages\/107\/revisions"}],"predecessor-version":[{"id":114,"href":"https:\/\/kylat.meitadev.fi\/kannuskoski\/wp-json\/wp\/v2\/pages\/107\/revisions\/114"}],"up":[{"embeddable":true,"href":"https:\/\/kylat.meitadev.fi\/kannuskoski\/wp-json\/wp\/v2\/pages\/28"}],"wp:attachment":[{"href":"https:\/\/kylat.meitadev.fi\/kannuskoski\/wp-json\/wp\/v2\/media?parent=107"}],"curies":[{"name":"wp","href":"https:\/\/api.w.org\/{rel}","templated":true}]}}