{"id":125,"date":"2012-03-29T12:36:21","date_gmt":"2012-03-29T13:06:21","guid":{"rendered":"https:\/\/kylat.meitadev.fi\/kannuskoski\/?page_id=125"},"modified":"2012-03-29T12:36:43","modified_gmt":"2012-03-29T13:06:43","slug":"2011-2","status":"publish","type":"page","link":"https:\/\/kylat.meitadev.fi\/kannuskoski\/kuvagalleria\/2011-2\/","title":{"rendered":"2011"},"content":{"rendered":"<p><strong>Kannuskoskip\u00e4iv\u00e4 2011<\/strong><\/p>\n<div id=\"attachment_79\" style=\"width: 226px\" class=\"wp-caption aligncenter\"><a href=\"https:\/\/kylat.meitadev.fi\/kannuskoski\/wp-content\/uploads\/sites\/24\/2012\/03\/k11.jpg\"><img loading=\"lazy\" decoding=\"async\" aria-describedby=\"caption-attachment-79\" class=\"size-full wp-image-79 \" src=\"https:\/\/kylat.meitadev.fi\/kannuskoski\/wp-content\/uploads\/sites\/24\/2012\/03\/k11.jpg\" alt=\"\" width=\"216\" height=\"288\" \/><\/a><p id=\"caption-attachment-79\" class=\"wp-caption-text\">Vuoden Kyl\u00e4henkil\u00f6 Timo Holopainen<\/p><\/div>\n<p style=\"text-align: center\"><a href=\"https:\/\/kylat.meitadev.fi\/kannuskoski\/wp-content\/uploads\/sites\/24\/2012\/03\/Kuvakooste-Kannuskoskipv%C3%A42011.pdf\">Kuvakooste Kannuskoskip\u00e4iv\u00e42011 pdf<\/a><\/p>\n<div id=\"attachment_78\" style=\"width: 353px\" class=\"wp-caption aligncenter\"><a href=\"https:\/\/kylat.meitadev.fi\/kannuskoski\/wp-content\/uploads\/sites\/24\/2012\/03\/k21.jpg\"><img loading=\"lazy\" decoding=\"async\" aria-describedby=\"caption-attachment-78\" class=\"size-full wp-image-78 \" src=\"https:\/\/kylat.meitadev.fi\/kannuskoski\/wp-content\/uploads\/sites\/24\/2012\/03\/k21.jpg\" alt=\"\" width=\"343\" height=\"288\" \/><\/a><p id=\"caption-attachment-78\" class=\"wp-caption-text\">Sadonkorjuujuhlan 2010 lihamestarit Pekka ja Esa Harju<\/p><\/div>\n<p><strong>Tukkilaistapahtuma<\/strong><br \/>\n<a href=\"https:\/\/kylat.meitadev.fi\/kannuskoski\/wp-content\/uploads\/sites\/24\/2012\/03\/k31.jpg\"><img loading=\"lazy\" decoding=\"async\" class=\"size-full wp-image-77 aligncenter\" src=\"https:\/\/kylat.meitadev.fi\/kannuskoski\/wp-content\/uploads\/sites\/24\/2012\/03\/k31.jpg\" alt=\"Kyl\u00e4yhdistys j\u00e4rjesti muutamia vuosia sitten tukkilaistapahtuman Kannuskosken Otvalla.\" width=\"384\" height=\"258\" \/><\/a><a href=\"https:\/\/kylat.meitadev.fi\/kannuskoski\/wp-content\/uploads\/sites\/24\/2012\/03\/k41.jpg\"><img loading=\"lazy\" decoding=\"async\" class=\"size-full wp-image-76 aligncenter\" src=\"https:\/\/kylat.meitadev.fi\/kannuskoski\/wp-content\/uploads\/sites\/24\/2012\/03\/k41.jpg\" alt=\"\" width=\"384\" height=\"259\" \/><\/a><a href=\"https:\/\/kylat.meitadev.fi\/kannuskoski\/wp-content\/uploads\/sites\/24\/2012\/03\/k5.jpg\"><img loading=\"lazy\" decoding=\"async\" class=\"size-full wp-image-75 aligncenter\" src=\"https:\/\/kylat.meitadev.fi\/kannuskoski\/wp-content\/uploads\/sites\/24\/2012\/03\/k5.jpg\" alt=\"\" width=\"384\" height=\"265\" \/><\/a><strong><\/strong><\/p>\n<div id=\"attachment_74\" style=\"width: 394px\" class=\"wp-caption aligncenter\"><a href=\"https:\/\/kylat.meitadev.fi\/kannuskoski\/wp-content\/uploads\/sites\/24\/2012\/03\/k6.jpg\"><img loading=\"lazy\" decoding=\"async\" aria-describedby=\"caption-attachment-74\" class=\"size-full wp-image-74 \" src=\"https:\/\/kylat.meitadev.fi\/kannuskoski\/wp-content\/uploads\/sites\/24\/2012\/03\/k6.jpg\" alt=\"\" width=\"384\" height=\"263\" \/><\/a><p id=\"caption-attachment-74\" class=\"wp-caption-text\">Tukkilaiset tuloo!<\/p><\/div>\n","protected":false},"excerpt":{"rendered":"<p>Kannuskoskip\u00e4iv\u00e4 2011 Kuvakooste Kannuskoskip\u00e4iv\u00e42011 pdf Tukkilaistapahtuma<\/p>\n","protected":false},"author":43,"featured_media":0,"parent":28,"menu_order":1,"comment_status":"open","ping_status":"open","template":"","meta":{"footnotes":""},"_links":{"self":[{"href":"https:\/\/kylat.meitadev.fi\/kannuskoski\/wp-json\/wp\/v2\/pages\/125"}],"collection":[{"href":"https:\/\/kylat.meitadev.fi\/kannuskoski\/wp-json\/wp\/v2\/pages"}],"about":[{"href":"https:\/\/kylat.meitadev.fi\/kannuskoski\/wp-json\/wp\/v2\/types\/page"}],"author":[{"embeddable":true,"href":"https:\/\/kylat.meitadev.fi\/kannuskoski\/wp-json\/wp\/v2\/users\/43"}],"replies":[{"embeddable":true,"href":"https:\/\/kylat.meitadev.fi\/kannuskoski\/wp-json\/wp\/v2\/comments?post=125"}],"version-history":[{"count":2,"href":"https:\/\/kylat.meitadev.fi\/kannuskoski\/wp-json\/wp\/v2\/pages\/125\/revisions"}],"predecessor-version":[{"id":127,"href":"https:\/\/kylat.meitadev.fi\/kannuskoski\/wp-json\/wp\/v2\/pages\/125\/revisions\/127"}],"up":[{"embeddable":true,"href":"https:\/\/kylat.meitadev.fi\/kannuskoski\/wp-json\/wp\/v2\/pages\/28"}],"wp:attachment":[{"href":"https:\/\/kylat.meitadev.fi\/kannuskoski\/wp-json\/wp\/v2\/media?parent=125"}],"curies":[{"name":"wp","href":"https:\/\/api.w.org\/{rel}","templated":true}]}}