{"id":156,"date":"2012-04-09T19:20:22","date_gmt":"2012-04-09T18:50:22","guid":{"rendered":"https:\/\/kylat.meitadev.fi\/kannuskoski\/?page_id=156"},"modified":"2012-05-05T19:28:14","modified_gmt":"2012-05-05T18:58:14","slug":"kannuskoski-huurussa-tammikuu-2010","status":"publish","type":"page","link":"https:\/\/kylat.meitadev.fi\/kannuskoski\/kuvagalleria\/maisemakuvia\/kannuskoski-huurussa-tammikuu-2010\/","title":{"rendered":"Kannuskoski huurussa tammikuu 2010"},"content":{"rendered":"<div id=\"attachment_159\" style=\"width: 606px\" class=\"wp-caption aligncenter\"><a href=\"https:\/\/kylat.meitadev.fi\/kannuskoski\/wp-content\/uploads\/sites\/24\/2012\/04\/18b_talvi.jpg\"><img loading=\"lazy\" decoding=\"async\" aria-describedby=\"caption-attachment-159\" class=\"size-full wp-image-159\" src=\"https:\/\/kylat.meitadev.fi\/kannuskoski\/wp-content\/uploads\/sites\/24\/2012\/04\/18b_talvi.jpg\" alt=\"\" width=\"596\" height=\"452\" \/><\/a><p id=\"caption-attachment-159\" class=\"wp-caption-text\">Kannuskosken keskusta j\u00e4\u00e4ss\u00e4<\/p><\/div>\n<p>Kuvat: Ed Bukowski<\/p>\n<div id=\"attachment_193\" style=\"width: 616px\" class=\"wp-caption alignleft\"><a href=\"https:\/\/kylat.meitadev.fi\/kannuskoski\/wp-content\/uploads\/sites\/24\/2012\/04\/FROSTY-VILLAGE-0201.jpg\"><img loading=\"lazy\" decoding=\"async\" aria-describedby=\"caption-attachment-193\" class=\"size-full wp-image-193\" src=\"https:\/\/kylat.meitadev.fi\/kannuskoski\/wp-content\/uploads\/sites\/24\/2012\/04\/FROSTY-VILLAGE-0201.jpg\" alt=\"\" width=\"606\" height=\"446\" \/><\/a><p id=\"caption-attachment-193\" class=\"wp-caption-text\">Voimalaitos kohmeessa<\/p><\/div>\n<p>&nbsp;<\/p>\n<dl>\n<dt><a href=\"https:\/\/kylat.meitadev.fi\/kannuskoski\/wp-content\/uploads\/sites\/24\/2012\/04\/mylly2.jpg\"><img loading=\"lazy\" decoding=\"async\" class=\"size-full wp-image-198\" src=\"https:\/\/kylat.meitadev.fi\/kannuskoski\/wp-content\/uploads\/sites\/24\/2012\/04\/mylly2.jpg\" alt=\"\" width=\"460\" height=\"652\" \/><\/a><\/dt>\n<dd>Kannuskosken mylly<\/dd>\n<\/dl>\n<p>\u00a0\u00a0<a href=\"https:\/\/kylat.meitadev.fi\/kannuskoski\/wp-content\/uploads\/sites\/24\/2012\/04\/talvent\u00f6rr\u00f6tt\u00e4j\u00e4.jpg\"><img loading=\"lazy\" decoding=\"async\" class=\"alignleft size-full wp-image-201\" src=\"https:\/\/kylat.meitadev.fi\/kannuskoski\/wp-content\/uploads\/sites\/24\/2012\/04\/talvent\u00f6rr\u00f6tt\u00e4j\u00e4.jpg\" alt=\"\" width=\"625\" height=\"466\" \/><\/a><\/p>\n<p>&nbsp;<\/p>\n<p>&nbsp;<\/p>\n<dl>\n<dt><\/dt>\n<dd>\u00a0<\/dd>\n<\/dl>\n<p>&nbsp;<\/p>\n<p>&nbsp;<\/p>\n<p>&nbsp;<\/p>\n<p>&nbsp;<\/p>\n<p>&nbsp;<\/p>\n<p>&nbsp;<\/p>\n<p>&nbsp;<\/p>\n<p>&nbsp;<\/p>\n<p>&nbsp;<\/p>\n","protected":false},"excerpt":{"rendered":"<p>Kuvat: Ed Bukowski &nbsp; Kannuskosken mylly \u00a0\u00a0 &nbsp; &nbsp; \u00a0 &nbsp; &nbsp; &nbsp; &nbsp; &nbsp; &nbsp; &nbsp; &nbsp; &nbsp;<\/p>\n","protected":false},"author":43,"featured_media":0,"parent":138,"menu_order":0,"comment_status":"open","ping_status":"open","template":"","meta":{"footnotes":""},"_links":{"self":[{"href":"https:\/\/kylat.meitadev.fi\/kannuskoski\/wp-json\/wp\/v2\/pages\/156"}],"collection":[{"href":"https:\/\/kylat.meitadev.fi\/kannuskoski\/wp-json\/wp\/v2\/pages"}],"about":[{"href":"https:\/\/kylat.meitadev.fi\/kannuskoski\/wp-json\/wp\/v2\/types\/page"}],"author":[{"embeddable":true,"href":"https:\/\/kylat.meitadev.fi\/kannuskoski\/wp-json\/wp\/v2\/users\/43"}],"replies":[{"embeddable":true,"href":"https:\/\/kylat.meitadev.fi\/kannuskoski\/wp-json\/wp\/v2\/comments?post=156"}],"version-history":[{"count":16,"href":"https:\/\/kylat.meitadev.fi\/kannuskoski\/wp-json\/wp\/v2\/pages\/156\/revisions"}],"predecessor-version":[{"id":203,"href":"https:\/\/kylat.meitadev.fi\/kannuskoski\/wp-json\/wp\/v2\/pages\/156\/revisions\/203"}],"up":[{"embeddable":true,"href":"https:\/\/kylat.meitadev.fi\/kannuskoski\/wp-json\/wp\/v2\/pages\/138"}],"wp:attachment":[{"href":"https:\/\/kylat.meitadev.fi\/kannuskoski\/wp-json\/wp\/v2\/media?parent=156"}],"curies":[{"name":"wp","href":"https:\/\/api.w.org\/{rel}","templated":true}]}}