{"id":18,"date":"2012-03-22T16:55:04","date_gmt":"2012-03-22T17:25:04","guid":{"rendered":"https:\/\/kylat.meitadev.fi\/kannuskoski\/?page_id=18"},"modified":"2019-03-23T16:30:21","modified_gmt":"2019-03-23T16:00:21","slug":"etusivu","status":"publish","type":"page","link":"https:\/\/kylat.meitadev.fi\/kannuskoski\/","title":{"rendered":"Etusivu"},"content":{"rendered":"<h2>Tervetuloa tutustumaan Kannuskosken kyl\u00e4n kotisivuihin!<\/h2>\n<p>Me kannuskoskelaiset teemme arkista ty\u00f6t\u00e4mme navetoissa, pelloilla ja metsiss\u00e4. Jotkut matkaavat ty\u00f6ns\u00e4 \u00e4\u00e4reen l\u00e4hikaupunkeihin ja \u2013taajamiin, kaunista ja mutkaista tiet\u00e4. Toiset taas viett\u00e4v\u00e4t ansaittuja el\u00e4kep\u00e4ivi\u00e4, ovat asuneet t\u00e4\u00e4ll\u00e4 koko ik\u00e4ns\u00e4 tai palanneet jostain. Meit\u00e4 on noin pari sataa kannuskoskelaista.<\/p>\n<p>Paljon on heit\u00e4kin, jotka k\u00e4\u00e4nt\u00e4v\u00e4t autonsa nokan kuutostielt\u00e4 asettuakseen m\u00f6keilleen, jonnekin alueen lukuisista j\u00e4rvist\u00e4. Ihmisi\u00e4 tulee my\u00f6s vuokram\u00f6keille lomailemaan tai muuten vaan kyl\u00e4lle k\u00e4ym\u00e4\u00e4n.<\/p>\n<p>V\u00e4liv\u00e4yl\u00e4n vesist\u00f6 halkoo kyl\u00e4\u00e4 verkkaisina kapeikkoina, paikoin avautuu j\u00e4rviksi tai ry\u00f6ppy\u00e4\u00e4 koskina alasp\u00e4in. Nykyisell\u00e4\u00e4n virralla melotaan tai kalastetaan, tukinuitto ja Kannuskoski Fabrikin vuoroty\u00f6 ovat kyl\u00e4n v\u00e4rik\u00e4st\u00e4 historiaa. Poissa ovat my\u00f6s suutarit ja r\u00e4\u00e4t\u00e4lit, sep\u00e4t ja s\u00e4llit. Mutta koski kohisee ja mylly jauhaa yh\u00e4.<\/p>\n<p>Tervetuloa mukaan! Tervetuloa Kannuskoskelle!<\/p>\n<p>Kannuskosken kyl\u00e4yhdistys ry<\/p>\n<div id=\"attachment_30\" style=\"width: 392px\" class=\"wp-caption alignleft\"><a href=\"https:\/\/kylat.meitadev.fi\/kannuskoski\/wp-content\/uploads\/sites\/24\/2012\/03\/etusivu.jpg\"><img loading=\"lazy\" decoding=\"async\" aria-describedby=\"caption-attachment-30\" class=\"size-full wp-image-30\" src=\"https:\/\/kylat.meitadev.fi\/kannuskoski\/wp-content\/uploads\/sites\/24\/2012\/03\/etusivu.jpg\" alt=\"\" width=\"382\" height=\"298\" \/><\/a><p id=\"caption-attachment-30\" class=\"wp-caption-text\">Ymp\u00e4rist\u00f6taidetta Kannuskosken Otvalla<\/p><\/div>\n<p>Sivustojen yll\u00e4pit\u00e4j\u00e4:<br \/>\nMette Mattila<\/p>\n","protected":false},"excerpt":{"rendered":"<p>Tervetuloa tutustumaan Kannuskosken kyl\u00e4n kotisivuihin! Me kannuskoskelaiset teemme arkista ty\u00f6t\u00e4mme navetoissa, pelloilla ja metsiss\u00e4. Jotkut matkaavat ty\u00f6ns\u00e4 \u00e4\u00e4reen l\u00e4hikaupunkeihin ja \u2013taajamiin, kaunista ja mutkaista tiet\u00e4. Toiset taas viett\u00e4v\u00e4t ansaittuja el\u00e4kep\u00e4ivi\u00e4, ovat asuneet t\u00e4\u00e4ll\u00e4 koko ik\u00e4ns\u00e4 tai palanneet jostain. Meit\u00e4 on &hellip; <a href=\"https:\/\/kylat.meitadev.fi\/kannuskoski\/\">Lue loppuun <span class=\"meta-nav\">&rarr;<\/span><\/a><\/p>\n","protected":false},"author":43,"featured_media":0,"parent":0,"menu_order":0,"comment_status":"open","ping_status":"open","template":"","meta":{"footnotes":""},"_links":{"self":[{"href":"https:\/\/kylat.meitadev.fi\/kannuskoski\/wp-json\/wp\/v2\/pages\/18"}],"collection":[{"href":"https:\/\/kylat.meitadev.fi\/kannuskoski\/wp-json\/wp\/v2\/pages"}],"about":[{"href":"https:\/\/kylat.meitadev.fi\/kannuskoski\/wp-json\/wp\/v2\/types\/page"}],"author":[{"embeddable":true,"href":"https:\/\/kylat.meitadev.fi\/kannuskoski\/wp-json\/wp\/v2\/users\/43"}],"replies":[{"embeddable":true,"href":"https:\/\/kylat.meitadev.fi\/kannuskoski\/wp-json\/wp\/v2\/comments?post=18"}],"version-history":[{"count":8,"href":"https:\/\/kylat.meitadev.fi\/kannuskoski\/wp-json\/wp\/v2\/pages\/18\/revisions"}],"predecessor-version":[{"id":990,"href":"https:\/\/kylat.meitadev.fi\/kannuskoski\/wp-json\/wp\/v2\/pages\/18\/revisions\/990"}],"wp:attachment":[{"href":"https:\/\/kylat.meitadev.fi\/kannuskoski\/wp-json\/wp\/v2\/media?parent=18"}],"curies":[{"name":"wp","href":"https:\/\/api.w.org\/{rel}","templated":true}]}}