{"id":20,"date":"2012-03-22T16:56:12","date_gmt":"2012-03-22T17:26:12","guid":{"rendered":"https:\/\/kylat.meitadev.fi\/kannuskoski\/?page_id=20"},"modified":"2012-03-22T17:15:02","modified_gmt":"2012-03-22T17:45:02","slug":"kylan-esittely","status":"publish","type":"page","link":"https:\/\/kylat.meitadev.fi\/kannuskoski\/kylan-esittely\/","title":{"rendered":"Kyl\u00e4n esittely"},"content":{"rendered":"<p><a href=\"https:\/\/kylat.meitadev.fi\/kannuskoski\/wp-content\/uploads\/sites\/24\/2012\/03\/kylan_esittely.jpg\"><img loading=\"lazy\" decoding=\"async\" class=\"size-full wp-image-33 alignright\" src=\"https:\/\/kylat.meitadev.fi\/kannuskoski\/wp-content\/uploads\/sites\/24\/2012\/03\/kylan_esittely.jpg\" alt=\"\" width=\"400\" height=\"300\" \/><\/a>Kannuskoski on luonnonkaunis kyl\u00e4, jolle on tunnusomaista runsas vesist\u00f6. Kyl\u00e4n ohi lipuu V\u00e4liv\u00e4yl\u00e4, jota pitkin ennen uitettiin tukkeja j\u00e4rvialueilta Kymijokeen. Nykyisell\u00e4\u00e4n uitto on loppunut, mutta vesist\u00f6 on eritt\u00e4in suosittu melojien ja vapaa-ajan kalastajien keskuudessa. Kalastajat kokoontuvat erityisesti Kyykosken viehekalastusalueelle.<\/p>\n<p>Kannuskoski sijaitsee Etel\u00e4-Karjalan ja Kymenlaakson maakuntien rajalla. Taavettiin on matkaa 25 km ja Kouvolaan 38 km. Luum\u00e4en puolella oleva osa kyl\u00e4\u00e4 on virallisesti Kannuskoskea ja Valkealan puolella oleva osa Sorsalaa. Kyl\u00e4 on toiminnallisesti yhten\u00e4inen.<\/p>\n<p>Kyl\u00e4n n\u00e4ht\u00e4vyyksi\u00e4 ovat mm. Tolpankankaan luontopolku, Kyykosken alue sek\u00e4 kyl\u00e4\u00e4 kiert\u00e4v\u00e4 kyl\u00e4nraitti.<\/p>\n<p>Kyl\u00e4n peruspalveluihin kuuluvat koulu, kauppa ja asiamiesposti. Matkailija l\u00f6yt\u00e4\u00e4 kyl\u00e4lt\u00e4 aamiaismajoitusta, maatilamatkailua ja m\u00f6kkivuokrausta. Kyl\u00e4n palveluihin kuuluvat lis\u00e4ksi mm. taksi, baari, kampaamo, mylly ja saha.<\/p>\n","protected":false},"excerpt":{"rendered":"<p>Kannuskoski on luonnonkaunis kyl\u00e4, jolle on tunnusomaista runsas vesist\u00f6. Kyl\u00e4n ohi lipuu V\u00e4liv\u00e4yl\u00e4, jota pitkin ennen uitettiin tukkeja j\u00e4rvialueilta Kymijokeen. Nykyisell\u00e4\u00e4n uitto on loppunut, mutta vesist\u00f6 on eritt\u00e4in suosittu melojien ja vapaa-ajan kalastajien keskuudessa. Kalastajat kokoontuvat erityisesti Kyykosken viehekalastusalueelle. Kannuskoski &hellip; <a href=\"https:\/\/kylat.meitadev.fi\/kannuskoski\/kylan-esittely\/\">Lue loppuun <span class=\"meta-nav\">&rarr;<\/span><\/a><\/p>\n","protected":false},"author":43,"featured_media":0,"parent":0,"menu_order":1,"comment_status":"open","ping_status":"open","template":"","meta":{"footnotes":""},"_links":{"self":[{"href":"https:\/\/kylat.meitadev.fi\/kannuskoski\/wp-json\/wp\/v2\/pages\/20"}],"collection":[{"href":"https:\/\/kylat.meitadev.fi\/kannuskoski\/wp-json\/wp\/v2\/pages"}],"about":[{"href":"https:\/\/kylat.meitadev.fi\/kannuskoski\/wp-json\/wp\/v2\/types\/page"}],"author":[{"embeddable":true,"href":"https:\/\/kylat.meitadev.fi\/kannuskoski\/wp-json\/wp\/v2\/users\/43"}],"replies":[{"embeddable":true,"href":"https:\/\/kylat.meitadev.fi\/kannuskoski\/wp-json\/wp\/v2\/comments?post=20"}],"version-history":[{"count":3,"href":"https:\/\/kylat.meitadev.fi\/kannuskoski\/wp-json\/wp\/v2\/pages\/20\/revisions"}],"predecessor-version":[{"id":59,"href":"https:\/\/kylat.meitadev.fi\/kannuskoski\/wp-json\/wp\/v2\/pages\/20\/revisions\/59"}],"wp:attachment":[{"href":"https:\/\/kylat.meitadev.fi\/kannuskoski\/wp-json\/wp\/v2\/media?parent=20"}],"curies":[{"name":"wp","href":"https:\/\/api.w.org\/{rel}","templated":true}]}}