{"id":22,"date":"2012-03-22T16:56:25","date_gmt":"2012-03-22T17:26:25","guid":{"rendered":"https:\/\/kylat.meitadev.fi\/kannuskoski\/?page_id=22"},"modified":"2020-02-18T17:49:58","modified_gmt":"2020-02-18T17:19:58","slug":"palvelut","status":"publish","type":"page","link":"https:\/\/kylat.meitadev.fi\/kannuskoski\/palvelut\/","title":{"rendered":"Palvelut"},"content":{"rendered":"<p><strong><strong>Hieroja<br \/>\n<\/strong><\/strong>Kilpi\u00f6 Mari, puh. 050 362 8700<br \/>\n<strong>\u2022 <\/strong>my\u00f6s polttopuita<\/p>\n<hr \/>\n<p><strong>H.Kilpi\u00f6 Ky<\/strong><br \/>\nMaanrakennus, soraa, mursketta<br \/>\npuh. 0400 254 441<\/p>\n<hr \/>\n<p><strong>Kalastuslupia<\/strong><br \/>\n\u2022 V\u00e4liv\u00e4yl\u00e4n Etappi, puh. 050 540 4438<\/p>\n<hr \/>\n<p><strong>Kannuskosken kyl\u00e4yhdistys ry.<br \/>\n<\/strong>\u2022 Pj. Esa Harju, puh. puh. 0500 884 105<br \/>\n\u2022 Varapj. Niina Syd\u00e4nmaanlakka-Wallis, puh. 050 530 3471<br \/>\n\u2022 Siht. Mette Mattila, puh. 040 721 2998<br \/>\n<a href=\"mailto:info@kannuskoski.fi\">info@kannuskoski.fi<\/a><\/p>\n<p><strong>Kannuskosken Seurantalo<br \/>\n<\/strong>Nikkarintie 75, 46530 KANNUSKOSKI<br \/>\n\u2022 sali n. 105 m2 + esiintymislava, erillinen kokoustila, keitti\u00f6<br \/>\n\u2022 tuoleja 150 kpl, p\u00f6yti\u00e4 10 kpl, astiasto 100 hengelle<br \/>\nTiedustelut ja varaukset: Kannuskosken kyl\u00e4yhdistys ry,<br \/>\nMette Mattila, puh. 040 721 2998,\u00a0<a href=\"mailto:info@kannuskoski.fi\">info@kannuskoski.fi<\/a><\/p>\n<p><a href=\"https:\/\/kylat.meitadev.fi\/kannuskoski\/wp-content\/uploads\/sites\/24\/2012\/03\/Kannuskosken-Seurantalo.pdf\" rel=\"\">Kannuskosken Seurantalo (pdf, 1,83 Mt)<\/a><\/p>\n<ul>\n<li>100 hengen astiasto 50 \u20ac<\/li>\n<li>tuoleja 5 \u20ac\/10 tuolia<\/li>\n<li>pirtinp\u00f6yti\u00e4 lainattavissa<\/li>\n<li>Seurantalo \u00a020 \u20ac\/h (min. 3 h),\u00a0 120 \u20ac\/pv\u00e4,\u00a0 250 \u20ac\/tilaisuus (yht. 3 pv\u00e4)<br \/>\n&#8211; pelkk\u00e4 kokoustila 35 \u20ac\/0-3 h,\u00a0 lis\u00e4tunnit 10 \u20ac<\/li>\n<\/ul>\n<hr \/>\n<p><strong>Kannuskosken taksi<br \/>\n<\/strong>Leena ja Pekka Ven\u00e4l\u00e4inen, puh. 050 555 9321<\/p>\n<hr \/>\n<p><strong>Millan Kennel, Tanja Paasio<br \/>\n<\/strong>Kannuskoskentie 997, 46530 KANNUSKOSKI<br \/>\npuh. 050 360 7562,\u00a0<a href=\"mailto:millankennel@pp.inet.fi\">millankennel@pp.inet.fi<\/a><br \/>\n<a href=\"http:\/\/www.millankennel.com\/\">www.millankennel.com<\/a><\/p>\n<hr \/>\n<p><strong>Nahkurin maatila, Tarmo Neuvonen ja Kirsi Nuuttila<br \/>\n<\/strong>M\u00f6kkimajoitusta<br \/>\nSarkalahdentie 67, 46530 Kannuskoski<br \/>\npuh. 050 542 1914<br \/>\n<a href=\"http:\/\/www.huvila.net\/976\">www.huvila.net\/976<\/a><\/p>\n<hr \/>\n<p><strong>Nuuttila Kirsi<br \/>\n<\/strong>Toimisto- ja markkinointipalvelut,<br \/>\nFriendtex-vaatteiden j\u00e4lleenmyynti<br \/>\nSarkalahdentie 67, 46530 Kannuskoski<br \/>\npuh. 050 542 1914<\/p>\n<hr \/>\n<p><strong>Parturi-Kampaamo Udd<br \/>\n<\/strong>Pirkko Udd, puh. (05) 311 7463, 040 738 2377<\/p>\n<hr \/>\n<p><strong>Pattolan Saha, Kari Koskela<br \/>\n<\/strong>Saha- ja h\u00f6yl\u00e4tavaraa, vuokrasahausta, puutavaran kuljetus<br \/>\nM\u00f6kki vuokrattavana, <a href=\"http:\/\/www.huvila.net\/1528\" target=\"_blank\" rel=\"noopener\">www.huvila.net\/1528<\/a><br \/>\nVen\u00e4l\u00e4isenkyl\u00e4ntie 856, 46550 KAITJ\u00c4RVI<br \/>\npuh. (05) 424 609, 0400 613\u00a0467<\/p>\n<hr \/>\n<p><strong>Pousinharjun Renkitupa<br \/>\n<\/strong>M\u00f6kkimajoitusta<br \/>\nHeli Harju ja Kalevi Pousi<br \/>\npuh. 0400 430 230, 040 708 2097<br \/>\n<a href=\"https:\/\/pousinharju.wordpress.com\/\" target=\"_blank\" rel=\"noopener\">https:\/\/pousinharju.wordpress.com\/<\/a><\/p>\n<hr \/>\n<p><strong>R\u00e4m\u00e4 Antti<br \/>\n<\/strong>M\u00f6kkej\u00e4 vuokrattavana<br \/>\nSep\u00e4nm\u00e4entie 56, 46530 KANNUSKOSKI<br \/>\npuh. 040 543 2682<br \/>\n<a href=\"http:\/\/www.ramanmokkilomat.fi\/\" target=\"_blank\" rel=\"noopener\">www.ramanmokkilomat.fi<\/a><\/p>\n<hr \/>\n<p><strong>Saareks Ritva ja Eero<br \/>\n<\/strong>hirsim\u00f6kki ymp\u00e4rivuotiseen k\u00e4ytt\u00f6\u00f6n Pastj\u00e4rven rannalla,<br \/>\nsis\u00e4-WC ja -suihku, j\u00e4\u00e4kaappi ja pakastin, mikroaaltouuni,<br \/>\ntv, radio, dvd, varaava takka, grillikatos<br \/>\nSaareksentie 410, 46550 KAITJ\u00c4RVI<br \/>\npuh. 044 265 3405<br \/>\n<a href=\"http:\/\/www.lomarengas.fi\/\">www.lomarengas.fi<\/a>, m\u00f6kin nro 5351<\/p>\n<hr \/>\n<p><strong>Syd\u00e4nmaanlakka Matti<br \/>\n<\/strong>Kes\u00e4m\u00f6kki vuokrattavana<br \/>\n46530 Kannuskoski<br \/>\npuh. 0400 911 539<br \/>\n<a href=\"http:\/\/www.huvila.net\/1117\">www.huvila.net\/1117<\/a><\/p>\n<hr \/>\n<p><strong>Tehtaanpuisto<br \/>\n<\/strong>lomakiinteist\u00f6 vapaa-ajan k\u00e4ytt\u00f6\u00f6n vuokrattavana<br \/>\nEsa Harju, puh. 0500 884 105<br \/>\n<a href=\"http:\/\/www.lomarengas.fi\/\">www.lomarengas.fi<\/a>, kohteen nro 6804<\/p>\n<hr \/>\n<p><strong>Tuhannen Tarinan Talo<br \/>\n<\/strong>Majoitus-, ateria- ja ohjelmapalveluita B&amp;B, ratsastusta, navettagalleria<br \/>\nNikkarintie 137, 46530 KANNUSKOSKI,<br \/>\npuh. 050 530 3471 \/ Niina Syd\u00e4nmaanlakka-Wallis<br \/>\n<a href=\"http:\/\/www.tuhannentarinantalo.com\/\">www.tuhannentarinantalo.com<\/a><\/p>\n<hr \/>\n<p><strong>Valmer Oy<br \/>\n<\/strong>Traktoreiden ja ty\u00f6koneiden renkaita, Ressu-per\u00e4k\u00e4rryt,<br \/>\nlavak\u00e4rryt, auto- ja venetrailerit.<br \/>\nMy\u00f6s erikoisk\u00e4rryj\u00e4, kuomut ja muut per\u00e4k\u00e4rrytarvikkeet.<br \/>\nKannuskoskentie 1010, 46530 KANNUSKOSKI<br \/>\npuh. 0400 185 840<br \/>\n<a href=\"http:\/\/www.valmer.fi\/\">www.valmer.fi<\/a><\/p>\n<hr \/>\n<p><strong>Vapaita tontteja ja myyt\u00e4vi\u00e4 kiinteist\u00f6j\u00e4<\/strong><br \/>\nLis\u00e4tietoja\u00a0tonttiasiamies\u00a0Ilkka Syd\u00e4nmaanlakka, puh. 0500 156 292<\/p>\n<hr \/>\n<p><strong>V\u00e4liv\u00e4yl\u00e4n Etappi<br \/>\n<\/strong>Baari, ravintola, elintarvikekioski<br \/>\nV\u00e4liv\u00e4yl\u00e4ntie 828, 46530 KANNUSKOSKI<br \/>\npuh. 050 540 4438<br \/>\n<a href=\"mailto:etappi@kannuskoski.fi\">etappi@kannuskoski.fi<\/a><br \/>\n<a href=\"http:\/\/www.valivaylanetappi.com\/\">www.valivaylanetappi.com<\/a><\/p>\n","protected":false},"excerpt":{"rendered":"<p>Hieroja Kilpi\u00f6 Mari, puh. 050 362 8700 \u2022 my\u00f6s polttopuita H.Kilpi\u00f6 Ky Maanrakennus, soraa, mursketta puh. 0400 254 441 Kalastuslupia \u2022 V\u00e4liv\u00e4yl\u00e4n Etappi, puh. 050 540 4438 Kannuskosken kyl\u00e4yhdistys ry. \u2022 Pj. Esa Harju, puh. puh. 0500 884 105 \u2022 &hellip; <a href=\"https:\/\/kylat.meitadev.fi\/kannuskoski\/palvelut\/\">Lue loppuun <span class=\"meta-nav\">&rarr;<\/span><\/a><\/p>\n","protected":false},"author":43,"featured_media":0,"parent":0,"menu_order":2,"comment_status":"open","ping_status":"open","template":"","meta":{"footnotes":""},"_links":{"self":[{"href":"https:\/\/kylat.meitadev.fi\/kannuskoski\/wp-json\/wp\/v2\/pages\/22"}],"collection":[{"href":"https:\/\/kylat.meitadev.fi\/kannuskoski\/wp-json\/wp\/v2\/pages"}],"about":[{"href":"https:\/\/kylat.meitadev.fi\/kannuskoski\/wp-json\/wp\/v2\/types\/page"}],"author":[{"embeddable":true,"href":"https:\/\/kylat.meitadev.fi\/kannuskoski\/wp-json\/wp\/v2\/users\/43"}],"replies":[{"embeddable":true,"href":"https:\/\/kylat.meitadev.fi\/kannuskoski\/wp-json\/wp\/v2\/comments?post=22"}],"version-history":[{"count":26,"href":"https:\/\/kylat.meitadev.fi\/kannuskoski\/wp-json\/wp\/v2\/pages\/22\/revisions"}],"predecessor-version":[{"id":1080,"href":"https:\/\/kylat.meitadev.fi\/kannuskoski\/wp-json\/wp\/v2\/pages\/22\/revisions\/1080"}],"wp:attachment":[{"href":"https:\/\/kylat.meitadev.fi\/kannuskoski\/wp-json\/wp\/v2\/media?parent=22"}],"curies":[{"name":"wp","href":"https:\/\/api.w.org\/{rel}","templated":true}]}}