{"id":24,"date":"2012-03-22T16:56:37","date_gmt":"2012-03-22T17:26:37","guid":{"rendered":"https:\/\/kylat.meitadev.fi\/kannuskoski\/?page_id=24"},"modified":"2020-03-16T17:34:11","modified_gmt":"2020-03-16T17:04:11","slug":"ajankohtaista","status":"publish","type":"page","link":"https:\/\/kylat.meitadev.fi\/kannuskoski\/ajankohtaista\/","title":{"rendered":"Ajankohtaista"},"content":{"rendered":"<hr \/>\n<p><strong><span style=\"color: #ff0000\">P\u00e4ivitys 16.3. <\/span><br \/>\n<span style=\"color: #ff0000\">Kokouksen ajankohtaa siirret\u00e4\u00e4n! Uusi aika ilmoitetaan my\u00f6hemmin.<\/span><\/p>\n<p>Kannuskosken kyl\u00e4yhdistys ry:n<br \/>\n<span style=\"color: #800000\">VUOSIKOKOUS<\/span><br \/>\nke 25.3.2020 klo 18 Seurantalolla (Nikkarintie 75)\u00a0<\/strong><\/p>\n<ul>\n<li>vuosikokouksen s\u00e4\u00e4nt\u00f6m\u00e4\u00e4r\u00e4iset asiat<\/li>\n<li>Kyl\u00e4n HaliBaari Oy:n \/ V\u00e4liv\u00e4yl\u00e4n Etapin uutisia<\/li>\n<li>muut esille tulevat asiat<\/li>\n<\/ul>\n<p><strong><em>Tervetuloa!<\/em><\/strong><\/p>\n<hr \/>\n<p><strong>KUNTOVIHKOn<\/strong><br \/>\nyll\u00e4pitoa jatkaa Kannuskosken Martat (ennen Luum\u00e4en kunta).<br \/>\nVihko sijaitsee osoitteessa R\u00e4\u00e4t\u00e4linm\u00e4entie 38 ja siihen kuntoilunsa merkanneiden kesken arvotaan kyl\u00e4p\u00e4ivill\u00e4 (hein\u00e4kuun 3. lauantai) pieni kannustuspalkinto.<\/p>\n<hr \/>\n<p><a href=\"https:\/\/kylat.meitadev.fi\/kannuskoski\/wp-content\/uploads\/sites\/24\/2019\/09\/jumppa.jpg\"><img loading=\"lazy\" decoding=\"async\" class=\" wp-image-1046 alignleft\" src=\"https:\/\/kylat.meitadev.fi\/kannuskoski\/wp-content\/uploads\/sites\/24\/2019\/09\/jumppa-300x225.jpg\" alt=\"\" width=\"543\" height=\"407\" srcset=\"https:\/\/kylat.meitadev.fi\/kannuskoski\/wp-content\/uploads\/sites\/24\/2019\/09\/jumppa-300x225.jpg 300w, https:\/\/kylat.meitadev.fi\/kannuskoski\/wp-content\/uploads\/sites\/24\/2019\/09\/jumppa.jpg 493w\" sizes=\"(max-width: 543px) 100vw, 543px\" \/><\/a><\/p>\n<p>&nbsp;<\/p>\n<p>&nbsp;<\/p>\n<p>&nbsp;<\/p>\n<p>&nbsp;<\/p>\n<p>&nbsp;<\/p>\n<hr \/>\n<p><a href=\"https:\/\/kylat.meitadev.fi\/kannuskoski\/wp-content\/uploads\/sites\/24\/2019\/08\/Kyl\u00e4kirje-4_2019.pdf\">Kyl\u00e4kirje 4_2019 (pdf)<\/a><\/p>\n<hr \/>\n<p>Luum\u00e4en lehti 25.7.2019 &#8221;Hein\u00e4kuu helli Kannuskoskip\u00e4iv\u00e4\u00e4&#8221;<br \/>\n<a href=\"https:\/\/kylat.meitadev.fi\/kannuskoski\/wp-content\/uploads\/sites\/24\/2019\/07\/Luum\u00e4enlehti_-Kannuskoskip\u00e4iv\u00e4-2019.pdf\">Luum\u00e4enlehti_ Kannuskoskip\u00e4iv\u00e4 2019 (pdf)<\/a><\/p>\n<hr \/>\n<ul>\n<li><a href=\"https:\/\/kylat.meitadev.fi\/kannuskoski\/wp-content\/uploads\/sites\/24\/2019\/07\/Kyl\u00e4kirje-3_2019.pdf\">Kyl\u00e4kirje 3_2019 (pdf)<\/a><\/li>\n<li><a href=\"https:\/\/kylat.meitadev.fi\/kannuskoski\/wp-content\/uploads\/sites\/24\/2019\/05\/Kyl\u00e4kirje-2_2019.pdf\">Kyl\u00e4kirje 2_2019 (pdf)<\/a><\/li>\n<li><a href=\"https:\/\/kylat.meitadev.fi\/kannuskoski\/wp-content\/uploads\/sites\/24\/2019\/02\/Kyl\u00e4kirje-1_2019.pdf\">Kyl\u00e4kirje 1_2019 (pdf)<\/a><\/li>\n<\/ul>\n<div class=\"text_exposed_show\">\n<hr \/>\n<\/div>\n<p><strong>Etel\u00e4-Saimaan juttu 29.10.2018 <\/strong>alkoholin ulosmyynnist\u00e4, Kannuskoski hyvin esill\u00e4:<br \/>\n<a href=\"https:\/\/kylat.meitadev.fi\/kannuskoski\/wp-content\/uploads\/sites\/24\/2018\/10\/ESaimaa-29.10.2018.pdf\">ESaimaa 29.10.2018 (pdf)<\/a><\/p>\n<p><a href=\"https:\/\/kylat.meitadev.fi\/kannuskoski\/wp-content\/uploads\/sites\/24\/2018\/10\/Screenshot_2018-10-31-Sivu-2-29-10-2018-Etel\u00e4-Saimaa.png\"><img loading=\"lazy\" decoding=\"async\" class=\" wp-image-956 alignleft\" src=\"https:\/\/kylat.meitadev.fi\/kannuskoski\/wp-content\/uploads\/sites\/24\/2018\/10\/Screenshot_2018-10-31-Sivu-2-29-10-2018-Etel\u00e4-Saimaa-232x300.png\" alt=\"\" width=\"281\" height=\"363\" srcset=\"https:\/\/kylat.meitadev.fi\/kannuskoski\/wp-content\/uploads\/sites\/24\/2018\/10\/Screenshot_2018-10-31-Sivu-2-29-10-2018-Etel\u00e4-Saimaa-232x300.png 232w, https:\/\/kylat.meitadev.fi\/kannuskoski\/wp-content\/uploads\/sites\/24\/2018\/10\/Screenshot_2018-10-31-Sivu-2-29-10-2018-Etel\u00e4-Saimaa.png 485w\" sizes=\"(max-width: 281px) 100vw, 281px\" \/><\/a><\/p>\n<hr \/>\n<p>&nbsp;<\/p>\n<p>Tilannetietoa kaupan kiinteist\u00f6n osalta, lehdist\u00f6tiedote:<\/p>\n<p><strong>Kannuskosken kauppakiinteist\u00f6 kyl\u00e4yhteis\u00f6\u00f6n omistukseen<\/strong><br \/>\nKymen Seudun Osuuskauppa ja Kannuskosken kyl\u00e4yhdistyksen omistama Kyl\u00e4n HaliBaari Oy ovat 20.12.2017 sopineet kiinteist\u00f6kaupasta, jolla lopetetun Kannuskosken L\u00e4himyym\u00e4l\u00e4n kauppakiinteist\u00f6 siirtyy Kyl\u00e4n HaliBaari Oy:n omistukseen.<\/p>\n<p>\u201dKauppatoiminnan p\u00e4\u00e4tytty\u00e4 meill\u00e4 oli ensisijainen tavoite turvata L\u00e4himyym\u00e4l\u00e4n kiinteist\u00f6n s\u00e4ilyminen Kannuskosken kyl\u00e4keskuksena, jollaisena se on toiminut 1920-luvulta saakka\u201d, kertoo Kymen Seudun Osuuskaupan talousjohtaja Jukka Virenius.<\/p>\n<p>Alkuper\u00e4inen kaupparakennus, kirjailija Mikko Uotisen huvila ostettiin 1923 Terijoelta ja siirrettiin Kannuskoskelle. Se kuitenkin tuhoutui tulipalossa kes\u00e4ll\u00e4 1983 ja nykyinen kaupparakennus valmistui saman vuoden marraskuussa.<\/p>\n<p>Kiinteist\u00f6kauppa on t\u00e4rke\u00e4 my\u00f6s Kannuskosken kyl\u00e4yhteis\u00f6lle kyl\u00e4n elinvoimaisuuden s\u00e4ilymisen kannalta.<\/p>\n<p>\u201dKiinteist\u00f6n hankinta antaa meille mahdollisuudet kehitt\u00e4\u00e4 kyl\u00e4keskuksen toimintaa omista l\u00e4ht\u00f6kohdistamme \u201d, toteaa kyl\u00e4yhdistyksen puheenjohtaja Esa Harju.<\/p>\n<p>Lis\u00e4tietoja:<br \/>\nKSO:n talousjohtaja Jukka Virenius p. 010 76 24012<br \/>\nKannuskosken Kyl\u00e4yhdistyksen puheenjohtaja Esa Harju p. 0500 884 105<\/p>\n<p>&#8211; &#8211; &#8211; &#8211;<\/p>\n<p>&#8211; Yritt\u00e4j\u00e4\u00e4 haetaan, kiinnostuneet voivat ottaa yhteytt\u00e4;<br \/>\nmahdollisuus kaupan ja baarin pit\u00e4miseen.<\/p>\n<p><b><strong>~~~~~~~~~~~~~~~~~~~~~~~~~~~~~~~~~~~~~~~~~~<\/strong><\/b><\/p>\n<p><strong>Lasten liikuntakerho<\/strong><br \/>\n<strong>Jumppa<br \/>\n&#8211;&gt; <\/strong><a href=\"https:\/\/kylat.meitadev.fi\/kannuskoski\/harrastukset\/\" target=\"_blank\" rel=\"noopener noreferrer\">Harrastukset<\/a><\/p>\n<p><strong>~~~~~~~~~~~~~~~~~~~~~~~~~~~~~~~~~~~~~~~~~~<\/strong><\/p>\n<hr \/>\n<p><strong>SUOMI 100-v. KONSERTTI<\/strong><br \/>\nsu 27.8.2017\u00a0 Kannuskosken Seurantalolla (Nikkarintie 75)<br \/>\n<a href=\"https:\/\/www.luumaenlehti.fi\/2017\/08\/27\/suomi-100-vuotta-konsertti-soi-kannuskoskella\/\" target=\"_blank\" rel=\"noopener\">Luum\u00e4en lehden juttu konsertista<\/a><\/p>\n<hr \/>\n<p>Kannuskosken kyl\u00e4kauppa suljetaan<br \/>\n<a href=\"http:\/\/www.kouvolansanomat.fi\/Online\/2017\/08\/04\/Kannuskosken%20kyl%C3%A4kauppa%20suljetaan%2C%20samalla%20l%C3%A4htee%20posti%20ja%20rautakauppa%20%E2%80%94%20%E2%80%9DMonet%20kyl%C3%A4l%C3%A4iset%20eiv%C3%A4t%20ole%20voineet%20uskoa%20asiaa%E2%80%9D\/2017222537154\/4\" target=\"_blank\" rel=\"noopener\">http:\/\/www.kouvolansanomat.fi<\/a><\/p>\n<hr \/>\n<p><strong><span style=\"color: #000080\">Suomi 100-teemalla:<\/span><br \/>\n<span style=\"color: #800000\">KANNUSKOSKIP\u00c4IV\u00c4 la 15.7.2017<\/span><br \/>\n<span style=\"color: #800000\"> UITTOAIKOJA MUISTELLEN<\/span><\/strong><\/p>\n<p>Kiitos kaikille osallistuneille ja varsinkin<br \/>\nPirkka-H\u00e4meen j\u00e4tk\u00e4perinne ry:lle ja Pirttipelimanneille!<\/p>\n<div id=\"attachment_828\" style=\"width: 394px\" class=\"wp-caption alignleft\"><a href=\"https:\/\/kylat.meitadev.fi\/kannuskoski\/wp-content\/uploads\/sites\/24\/2012\/03\/20182130_1610456312305923_1873843612_o.jpg\"><img loading=\"lazy\" decoding=\"async\" aria-describedby=\"caption-attachment-828\" class=\" wp-image-828\" src=\"https:\/\/kylat.meitadev.fi\/kannuskoski\/wp-content\/uploads\/sites\/24\/2012\/03\/20182130_1610456312305923_1873843612_o-300x225.jpg\" alt=\"\" width=\"384\" height=\"288\" srcset=\"https:\/\/kylat.meitadev.fi\/kannuskoski\/wp-content\/uploads\/sites\/24\/2012\/03\/20182130_1610456312305923_1873843612_o-300x225.jpg 300w, https:\/\/kylat.meitadev.fi\/kannuskoski\/wp-content\/uploads\/sites\/24\/2012\/03\/20182130_1610456312305923_1873843612_o-768x576.jpg 768w, https:\/\/kylat.meitadev.fi\/kannuskoski\/wp-content\/uploads\/sites\/24\/2012\/03\/20182130_1610456312305923_1873843612_o-1024x768.jpg 1024w, https:\/\/kylat.meitadev.fi\/kannuskoski\/wp-content\/uploads\/sites\/24\/2012\/03\/20182130_1610456312305923_1873843612_o.jpg 1600w\" sizes=\"(max-width: 384px) 100vw, 384px\" \/><\/a><p id=\"caption-attachment-828\" class=\"wp-caption-text\">Tukkilaisn\u00e4yt\u00f6s Otvalla<\/p><\/div>\n<p>&nbsp;<\/p>\n<p><strong>~~~~~~~~~~~~~~~~~~~~~~~~~~~~~~~~~~~~~~~~<\/strong><\/p>\n<p><span style=\"color: #000080\"><strong><span style=\"text-decoration: underline\">ETAPIN TAPAHTUMAT<br \/>\n<\/span><\/strong><\/span> <a href=\"http:\/\/valivaylanetappi.com\/\" target=\"_blank\" rel=\"noopener noreferrer\">http:\/\/valivaylanetappi.com\/<\/a><\/p>\n<p><strong>~~~~~~~~~~~~~~~~~~~~~~~~~~~~~~~~~~~~~~~~~<\/strong><\/p>\n<p><strong>KANNUSKOSKEN TONTTI JA KIINTEIST\u00d6 -tarjonta<br \/>\n<\/strong>kts. liite:<br \/>\n<a href=\"https:\/\/kylat.meitadev.fi\/kannuskoski\/wp-content\/uploads\/sites\/24\/2012\/03\/Kannuskosken-tontit.pdf\">Kannuskosken tontit ja kiinteist\u00f6t (pdf<\/a>, 178 kt)<\/p>\n<ul>\n<li>tonttiasiamiehen\u00e4 toimii Ilkka\u00a0Syd\u00e4nmaanlakka, 0500 156 292<\/li>\n<\/ul>\n<p><strong>~~~~~~~~~~~~~~~~~~~~~~~~~~~~~~~~~~~~~~~~~~<\/strong><\/p>\n<p><span style=\"color: #000000\"><strong><span style=\"text-decoration: underline\">Talkoista innostunut!<br \/>\n<\/span><\/strong>Ilmoita itsesi talkoolaisten listalle: <a href=\"mailto:info@kannuskoski.fi\"><span style=\"color: #000000\">info@kannuskoski.fi<\/span><\/a><\/span><br \/>\n<span style=\"color: #000000\"> &#8211; saat viesti\u00e4, kun talkoita j\u00e4rjestet\u00e4\u00e4n<\/span><br \/>\n<strong>~~~~~~~~~~~~~~~~~~~~~~~~~~~~~~~~~~~~~~~~~~<\/strong><\/p>\n<p><span style=\"color: #000000\"><strong>Jos haluat tapahtumasi Ajankohtaisiin<\/strong>,<\/span><br \/>\n<span style=\"color: #000000\"> ota yhteytt\u00e4:<\/span><br \/>\n<span style=\"color: #000000\"> Mette\u00a0Mattila, <a href=\"mailto:info@kannuskoski.fi\"><span style=\"color: #000000\">info@kannuskoski.fi<\/span><\/a> tai 040 721 2998.<\/span><br \/>\n<strong>~~~~~~~~~~~~~~~~~~~~~~~~~~~~~~~~~~~~~~~~~~<\/strong><a href=\"https:\/\/kylat.meitadev.fi\/kannuskoski\/wp-content\/uploads\/sites\/24\/2012\/03\/Vuosikokous-2012.pdf\"><br \/>\n<\/a><\/p>\n","protected":false},"excerpt":{"rendered":"<p>P\u00e4ivitys 16.3. Kokouksen ajankohtaa siirret\u00e4\u00e4n! Uusi aika ilmoitetaan my\u00f6hemmin. Kannuskosken kyl\u00e4yhdistys ry:n VUOSIKOKOUS ke 25.3.2020 klo 18 Seurantalolla (Nikkarintie 75)\u00a0 vuosikokouksen s\u00e4\u00e4nt\u00f6m\u00e4\u00e4r\u00e4iset asiat Kyl\u00e4n HaliBaari Oy:n \/ V\u00e4liv\u00e4yl\u00e4n Etapin uutisia muut esille tulevat asiat Tervetuloa! KUNTOVIHKOn yll\u00e4pitoa jatkaa Kannuskosken Martat &hellip; <a href=\"https:\/\/kylat.meitadev.fi\/kannuskoski\/ajankohtaista\/\">Lue loppuun <span class=\"meta-nav\">&rarr;<\/span><\/a><\/p>\n","protected":false},"author":43,"featured_media":0,"parent":0,"menu_order":4,"comment_status":"open","ping_status":"open","template":"","meta":{"footnotes":""},"_links":{"self":[{"href":"https:\/\/kylat.meitadev.fi\/kannuskoski\/wp-json\/wp\/v2\/pages\/24"}],"collection":[{"href":"https:\/\/kylat.meitadev.fi\/kannuskoski\/wp-json\/wp\/v2\/pages"}],"about":[{"href":"https:\/\/kylat.meitadev.fi\/kannuskoski\/wp-json\/wp\/v2\/types\/page"}],"author":[{"embeddable":true,"href":"https:\/\/kylat.meitadev.fi\/kannuskoski\/wp-json\/wp\/v2\/users\/43"}],"replies":[{"embeddable":true,"href":"https:\/\/kylat.meitadev.fi\/kannuskoski\/wp-json\/wp\/v2\/comments?post=24"}],"version-history":[{"count":456,"href":"https:\/\/kylat.meitadev.fi\/kannuskoski\/wp-json\/wp\/v2\/pages\/24\/revisions"}],"predecessor-version":[{"id":1082,"href":"https:\/\/kylat.meitadev.fi\/kannuskoski\/wp-json\/wp\/v2\/pages\/24\/revisions\/1082"}],"wp:attachment":[{"href":"https:\/\/kylat.meitadev.fi\/kannuskoski\/wp-json\/wp\/v2\/media?parent=24"}],"curies":[{"name":"wp","href":"https:\/\/api.w.org\/{rel}","templated":true}]}}