{"id":26,"date":"2012-03-22T16:56:50","date_gmt":"2012-03-22T17:26:50","guid":{"rendered":"https:\/\/kylat.meitadev.fi\/kannuskoski\/?page_id=26"},"modified":"2020-02-02T15:06:05","modified_gmt":"2020-02-02T14:36:05","slug":"harrastukset","status":"publish","type":"page","link":"https:\/\/kylat.meitadev.fi\/kannuskoski\/harrastukset\/","title":{"rendered":"Harrastukset"},"content":{"rendered":"<p><strong>KUNTOVIHKOn<\/strong><br \/>\nyll\u00e4pitoa jatkaa Kannuskosken Martat (ennen Luum\u00e4en kunta).<br \/>\nVihko sijaitsee osoitteessa R\u00e4\u00e4t\u00e4linm\u00e4entie 38 ja siihen kuntoilunsa merkanneiden kesken arvotaan kyl\u00e4p\u00e4ivill\u00e4 (hein\u00e4kuun 3. lauantai) pieni kannustuspalkinto.<\/p>\n<hr \/>\n<ul>\n<li><strong>PELITUNTI Seurantalolla<\/strong><br \/>\nmaanantaisin ja torstaisin klo 19-20 sulkapalloa, vuosimaksu 50 \u20ac \/hl\u00f6 (2 x vko)<br \/>\n<span style=\"color: #ffffff\">&#8211;<\/span><\/li>\n<li>uimaranta Otvalla<\/li>\n<li>hiihtolatu, Seurantalolta Tolpankankaan maisemia kiert\u00e4en <a href=\"https:\/\/kylat.meitadev.fi\/kannuskoski\/wp-content\/uploads\/sites\/24\/2018\/12\/MH900213411.jpg\"><img loading=\"lazy\" decoding=\"async\" class=\"wp-image-962 alignnone\" src=\"https:\/\/kylat.meitadev.fi\/kannuskoski\/wp-content\/uploads\/sites\/24\/2018\/12\/MH900213411-300x300.jpg\" alt=\"\" width=\"46\" height=\"46\" srcset=\"https:\/\/kylat.meitadev.fi\/kannuskoski\/wp-content\/uploads\/sites\/24\/2018\/12\/MH900213411-300x300.jpg 300w, https:\/\/kylat.meitadev.fi\/kannuskoski\/wp-content\/uploads\/sites\/24\/2018\/12\/MH900213411-150x150.jpg 150w, https:\/\/kylat.meitadev.fi\/kannuskoski\/wp-content\/uploads\/sites\/24\/2018\/12\/MH900213411.jpg 325w\" sizes=\"(max-width: 46px) 100vw, 46px\" \/><\/a><\/li>\n<\/ul>\n<hr \/>\n<p><span style=\"color: #000000\"><strong>8.9. l\u00e4htien<br \/>\nsunnuntaisin klo 17.30-18.30 jumppaa Seurantalolla<\/strong>,<\/span><br \/>\n<span style=\"color: #000000\">vet\u00e4jin\u00e4 Essi\/Sari, satunnaisesti jumpan sijalla yin-joogaa, ohjaajana Sanna.<\/span><br \/>\n<span style=\"color: #000000\">Koko vuoden maksu 30 \u20ac, pelkk\u00e4 syksy tai kev\u00e4t 20 \u20ac, maksulappuja l\u00f6ytyy talolta.<br \/>\nJooga-kertoina maksetaan ohjaajalle lis\u00e4ksi 5 \u20ac\/osallistuja.<\/span><br \/>\n<span style=\"color: #000000\">Jumppaohjelmista tiedotetaan WhatsApp-ryhm\u00e4ss\u00e4 tai tekstarilla, joten ilmoittaudu Essille, puh. 040\u00a0763 6888 tai Metelle, puh. 040\u00a0721 2998. Tai tule paikan p\u00e4\u00e4lle.<\/span><\/p>\n<p><span style=\"color: #000000\">Tervetuloa mukaan!<\/span><\/p>\n<hr \/>\n<h3><span style=\"color: #333399\"><strong style=\"color: #999999\"><span style=\"color: #000000\">Lasten liikuntakerho<br \/>\n<\/span><\/strong><span style=\"color: #000000\">Seurantalolla joka toinen lauantai<\/span><span style=\"color: #000000\"><br \/>\nLis\u00e4tietoja: Essi Laivo, puh. 040 763 6888<\/span><\/span><span style=\"color: #ffffff\">eurantalolla joka toinen lauantai klo 10-12<\/span><\/h3>\n<hr \/>\n<p><strong>GEOK\u00c4TK\u00d6ILY<\/strong><\/p>\n<ul>\n<li>\u00a0<a href=\"http:\/\/www.geocaching.com\/geocache\/GC3Q7M0_kannuskoski\">www.geocaching.com\/geocache\/GC3Q7M0_kannuskoski<\/a><\/li>\n<\/ul>\n<p><strong>MELONTA, V\u00e4liv\u00e4yl\u00e4n melontareitti<br \/>\n<\/strong><a href=\"https:\/\/kylat.meitadev.fi\/kannuskoski\/wp-content\/uploads\/sites\/24\/2019\/03\/Valivaylan-reittiopas.pdf\">V\u00e4liv\u00e4yl\u00e4n reittiopas (pdf, 1,70 Mt)<\/a><\/p>\n<ul>\n<li>\u00a0<a href=\"http:\/\/www.google.com\/url?q=http%3A%2F%2Fpalvelut.ekarjala.fi%2Findex.php%3Foption%3Dcom_nature%26task%3Dview_item%26id%3D210&amp;sa=D&amp;sntz=1&amp;usg=AFQjCNGru6IHxkkunrb0pyRsVeL_PK9DgA\" target=\"_blank\" rel=\"noopener\">http:\/\/palvelut.ekarjala.fi\/V\u00e4liv\u00e4yl\u00e4n melontareitti<\/a><\/li>\n<li><a href=\"http:\/\/www.google.com\/url?q=http%3A%2F%2Fkyvi.fi%2Fkohteet%2Fkouvola%2Fvalivayla%2F&amp;sa=D&amp;sntz=1&amp;usg=AFQjCNEjp5ii8c-2B-nGOG8ek2lIE-FewA\" target=\"_blank\" rel=\"noopener\">http:\/\/kyvi.fi\/kohteet\/kouvola\/valivayla\/<\/a><\/li>\n<li><a href=\"http:\/\/www.google.com\/url?q=http%3A%2F%2Fwww.visitkouvola.fi%2Ffi%2Fv%25C3%25A4liv%25C3%25A4yl%25C3%25A4n-melontareitti&amp;sa=D&amp;sntz=1&amp;usg=AFQjCNF-pNc4xEMrWCLf2X_Ls73kaqgcmg\" target=\"_blank\" rel=\"noopener\">www.visitkouvola.fi\/fi\/V\u00e4liv\u00e4yl\u00e4n-melontareitti<\/a><\/li>\n<li><a href=\"http:\/\/www.google.com\/url?q=http%3A%2F%2Fwww.outdoorsfinland.fi%2Fsuven-taikaa-vanhalla-uittoreitilla%2F&amp;sa=D&amp;sntz=1&amp;usg=AFQjCNGxvokwalZrZLEn3-w0JCKr5AVH1w\" target=\"_blank\" rel=\"noopener\">www.outdoorsfinland.fi\/suven-taikaa-vanhalla-uittoreitilla\/<\/a><\/li>\n<li><a href=\"https:\/\/www.google.fi\/url?sa=t&amp;rct=j&amp;q=&amp;esrc=s&amp;source=web&amp;cd=2&amp;cad=rja&amp;ved=0CDIQFjAB&amp;url=https%3A%2F%2Fmaps.google.fi%2Fmaps%2Fms%3Fmsid%3D216284336557483814551.00048ea3d2a2d7713c19b%26msa%3D0&amp;ei=hy0HU9fDHYT9ygOS2YKYDg&amp;usg=AFQjCNEuyWpqsAzWceaFuLpnKUT-cL30Dw&amp;bvm=bv.61725948,d.bGQ\" target=\"_blank\" rel=\"noopener\">https:\/\/maps.google\/V\u00e4liv\u00e4yl\u00e4n melontareitti<\/a><\/li>\n<\/ul>\n","protected":false},"excerpt":{"rendered":"<p>KUNTOVIHKOn yll\u00e4pitoa jatkaa Kannuskosken Martat (ennen Luum\u00e4en kunta). Vihko sijaitsee osoitteessa R\u00e4\u00e4t\u00e4linm\u00e4entie 38 ja siihen kuntoilunsa merkanneiden kesken arvotaan kyl\u00e4p\u00e4ivill\u00e4 (hein\u00e4kuun 3. lauantai) pieni kannustuspalkinto. PELITUNTI Seurantalolla maanantaisin ja torstaisin klo 19-20 sulkapalloa, vuosimaksu 50 \u20ac \/hl\u00f6 (2 x vko) &hellip; <a href=\"https:\/\/kylat.meitadev.fi\/kannuskoski\/harrastukset\/\">Lue loppuun <span class=\"meta-nav\">&rarr;<\/span><\/a><\/p>\n","protected":false},"author":43,"featured_media":0,"parent":0,"menu_order":5,"comment_status":"open","ping_status":"open","template":"","meta":{"footnotes":""},"_links":{"self":[{"href":"https:\/\/kylat.meitadev.fi\/kannuskoski\/wp-json\/wp\/v2\/pages\/26"}],"collection":[{"href":"https:\/\/kylat.meitadev.fi\/kannuskoski\/wp-json\/wp\/v2\/pages"}],"about":[{"href":"https:\/\/kylat.meitadev.fi\/kannuskoski\/wp-json\/wp\/v2\/types\/page"}],"author":[{"embeddable":true,"href":"https:\/\/kylat.meitadev.fi\/kannuskoski\/wp-json\/wp\/v2\/users\/43"}],"replies":[{"embeddable":true,"href":"https:\/\/kylat.meitadev.fi\/kannuskoski\/wp-json\/wp\/v2\/comments?post=26"}],"version-history":[{"count":61,"href":"https:\/\/kylat.meitadev.fi\/kannuskoski\/wp-json\/wp\/v2\/pages\/26\/revisions"}],"predecessor-version":[{"id":1070,"href":"https:\/\/kylat.meitadev.fi\/kannuskoski\/wp-json\/wp\/v2\/pages\/26\/revisions\/1070"}],"wp:attachment":[{"href":"https:\/\/kylat.meitadev.fi\/kannuskoski\/wp-json\/wp\/v2\/media?parent=26"}],"curies":[{"name":"wp","href":"https:\/\/api.w.org\/{rel}","templated":true}]}}