{"id":39,"date":"2012-03-22T17:07:39","date_gmt":"2012-03-22T17:37:39","guid":{"rendered":"https:\/\/kylat.meitadev.fi\/kannuskoski\/?page_id=39"},"modified":"2013-11-10T18:54:40","modified_gmt":"2013-11-10T18:24:40","slug":"tolpankankankaan-luontopolku-ja-karhulammen-laavu","status":"publish","type":"page","link":"https:\/\/kylat.meitadev.fi\/kannuskoski\/kylan-esittely\/tolpankankankaan-luontopolku-ja-karhulammen-laavu\/","title":{"rendered":"Tolpankankankaan luontopolku ja Karhulammen laavu"},"content":{"rendered":"<div id='gallery-1' class='gallery galleryid-39 gallery-columns-4 gallery-size-thumbnail'><dl class='gallery-item'>\n\t\t\t<dt class='gallery-icon landscape'>\n\t\t\t\t<a href='https:\/\/kylat.meitadev.fi\/kannuskoski\/kylan-esittely\/tolpankankankaan-luontopolku-ja-karhulammen-laavu\/olympus-digital-camera-2\/'><img loading=\"lazy\" decoding=\"async\" width=\"150\" height=\"113\" src=\"https:\/\/kylat.meitadev.fi\/kannuskoski\/wp-content\/uploads\/sites\/24\/2012\/03\/t4.jpg\" class=\"attachment-thumbnail size-thumbnail\" alt=\"\" aria-describedby=\"gallery-1-40\" \/><\/a>\n\t\t\t<\/dt>\n\t\t\t\t<dd class='wp-caption-text gallery-caption' id='gallery-1-40'>\n\t\t\t\tKarhulampi kauniina toukokuisena p\u00e4iv\u00e4n\u00e4\n\t\t\t\t<\/dd><\/dl><dl class='gallery-item'>\n\t\t\t<dt class='gallery-icon landscape'>\n\t\t\t\t<a href='https:\/\/kylat.meitadev.fi\/kannuskoski\/kylan-esittely\/tolpankankankaan-luontopolku-ja-karhulammen-laavu\/olympus-digital-camera-3\/'><img loading=\"lazy\" decoding=\"async\" width=\"150\" height=\"113\" src=\"https:\/\/kylat.meitadev.fi\/kannuskoski\/wp-content\/uploads\/sites\/24\/2012\/03\/t3.jpg\" class=\"attachment-thumbnail size-thumbnail\" alt=\"\" aria-describedby=\"gallery-1-41\" \/><\/a>\n\t\t\t<\/dt>\n\t\t\t\t<dd class='wp-caption-text gallery-caption' id='gallery-1-41'>\n\t\t\t\tKannuskosken naisten jumpparyhm\u00e4 retkell\u00e4 Karhulammen laavulla\n\t\t\t\t<\/dd><\/dl><dl class='gallery-item'>\n\t\t\t<dt class='gallery-icon landscape'>\n\t\t\t\t<a href='https:\/\/kylat.meitadev.fi\/kannuskoski\/kylan-esittely\/tolpankankankaan-luontopolku-ja-karhulammen-laavu\/t2\/'><img loading=\"lazy\" decoding=\"async\" width=\"150\" height=\"100\" src=\"https:\/\/kylat.meitadev.fi\/kannuskoski\/wp-content\/uploads\/sites\/24\/2012\/03\/t2.jpg\" class=\"attachment-thumbnail size-thumbnail\" alt=\"\" aria-describedby=\"gallery-1-42\" \/><\/a>\n\t\t\t<\/dt>\n\t\t\t\t<dd class='wp-caption-text gallery-caption' id='gallery-1-42'>\n\t\t\t\t Karhulampi\n\t\t\t\t<\/dd><\/dl><dl class='gallery-item'>\n\t\t\t<dt class='gallery-icon landscape'>\n\t\t\t\t<a href='https:\/\/kylat.meitadev.fi\/kannuskoski\/kylan-esittely\/tolpankankankaan-luontopolku-ja-karhulammen-laavu\/t1\/'><img loading=\"lazy\" decoding=\"async\" width=\"150\" height=\"118\" src=\"https:\/\/kylat.meitadev.fi\/kannuskoski\/wp-content\/uploads\/sites\/24\/2012\/03\/t1.jpg\" class=\"attachment-thumbnail size-thumbnail\" alt=\"\" aria-describedby=\"gallery-1-43\" \/><\/a>\n\t\t\t<\/dt>\n\t\t\t\t<dd class='wp-caption-text gallery-caption' id='gallery-1-43'>\n\t\t\t\tKlikkaamalla kuvaa saat sen suuremmaksi\n\t\t\t\t<\/dd><\/dl><br style=\"clear: both\" \/>\n\t\t<\/div>\n\n<p><a href=\"https:\/\/kylat.meitadev.fi\/kannuskoski\/wp-content\/uploads\/sites\/24\/2012\/03\/Tolpankangas-Suomi_A4.pdf\">Tolpankankankaan luontopolku -esite (pdf 3 M<\/a>t)<\/p>\n<p><a href=\"https:\/\/kylat.meitadev.fi\/kannuskoski\/wp-content\/uploads\/sites\/24\/2012\/03\/Tolpankangas-Englanti.pdf\">Tolpankangas-brochure in english (pdf 4,9 Mt)<\/a><\/p>\n<p><a href=\"https:\/\/kylat.meitadev.fi\/kannuskoski\/wp-content\/uploads\/sites\/24\/2012\/03\/Tolpankangas-Ven\u00e4j\u00e4.pdf\">Tolpankangas-bro\u0161\u00fbra<\/a>\u00a0\/\u00a0\u0431\u0440\u043e\u0448\u044e\u0440\u0430\u00a0\u00a0(pdf 7,9 Mt)<\/p>\n<p>&nbsp;<\/p>\n<table id=\"searchResultsTable\" cellspacing=\"0\">\n<tbody>\n<tr>\n<td id=\"searchResultNum\" valign=\"top\"><\/td>\n<td><\/td>\n<\/tr>\n<\/tbody>\n<\/table>\n","protected":false},"excerpt":{"rendered":"<p>Tolpankankankaan luontopolku -esite (pdf 3 Mt) Tolpankangas-brochure in english (pdf 4,9 Mt) Tolpankangas-bro\u0161\u00fbra\u00a0\/\u00a0\u0431\u0440\u043e\u0448\u044e\u0440\u0430\u00a0\u00a0(pdf 7,9 Mt) &nbsp;<\/p>\n","protected":false},"author":43,"featured_media":0,"parent":20,"menu_order":0,"comment_status":"open","ping_status":"open","template":"","meta":{"footnotes":""},"_links":{"self":[{"href":"https:\/\/kylat.meitadev.fi\/kannuskoski\/wp-json\/wp\/v2\/pages\/39"}],"collection":[{"href":"https:\/\/kylat.meitadev.fi\/kannuskoski\/wp-json\/wp\/v2\/pages"}],"about":[{"href":"https:\/\/kylat.meitadev.fi\/kannuskoski\/wp-json\/wp\/v2\/types\/page"}],"author":[{"embeddable":true,"href":"https:\/\/kylat.meitadev.fi\/kannuskoski\/wp-json\/wp\/v2\/users\/43"}],"replies":[{"embeddable":true,"href":"https:\/\/kylat.meitadev.fi\/kannuskoski\/wp-json\/wp\/v2\/comments?post=39"}],"version-history":[{"count":9,"href":"https:\/\/kylat.meitadev.fi\/kannuskoski\/wp-json\/wp\/v2\/pages\/39\/revisions"}],"predecessor-version":[{"id":459,"href":"https:\/\/kylat.meitadev.fi\/kannuskoski\/wp-json\/wp\/v2\/pages\/39\/revisions\/459"}],"up":[{"embeddable":true,"href":"https:\/\/kylat.meitadev.fi\/kannuskoski\/wp-json\/wp\/v2\/pages\/20"}],"wp:attachment":[{"href":"https:\/\/kylat.meitadev.fi\/kannuskoski\/wp-json\/wp\/v2\/media?parent=39"}],"curies":[{"name":"wp","href":"https:\/\/api.w.org\/{rel}","templated":true}]}}