{"id":46,"date":"2012-03-22T17:09:17","date_gmt":"2012-03-22T17:39:17","guid":{"rendered":"https:\/\/kylat.meitadev.fi\/kannuskoski\/?page_id=46"},"modified":"2014-03-24T18:19:42","modified_gmt":"2014-03-24T17:49:42","slug":"kyykosken-alue","status":"publish","type":"page","link":"https:\/\/kylat.meitadev.fi\/kannuskoski\/kylan-esittely\/kyykosken-alue\/","title":{"rendered":"Kyykosken alue"},"content":{"rendered":"<div id='gallery-1' class='gallery galleryid-46 gallery-columns-4 gallery-size-thumbnail'><dl class='gallery-item'>\n\t\t\t<dt class='gallery-icon landscape'>\n\t\t\t\t<a href='https:\/\/kylat.meitadev.fi\/kannuskoski\/kylan-esittely\/kyykosken-alue\/olympus-digital-camera-4\/'><img loading=\"lazy\" decoding=\"async\" width=\"150\" height=\"113\" src=\"https:\/\/kylat.meitadev.fi\/kannuskoski\/wp-content\/uploads\/sites\/24\/2012\/03\/k4.jpg\" class=\"attachment-thumbnail size-thumbnail\" alt=\"\" \/><\/a>\n\t\t\t<\/dt><\/dl><dl class='gallery-item'>\n\t\t\t<dt class='gallery-icon portrait'>\n\t\t\t\t<a href='https:\/\/kylat.meitadev.fi\/kannuskoski\/kylan-esittely\/kyykosken-alue\/olympus-digital-camera-5\/'><img loading=\"lazy\" decoding=\"async\" width=\"113\" height=\"150\" src=\"https:\/\/kylat.meitadev.fi\/kannuskoski\/wp-content\/uploads\/sites\/24\/2012\/03\/k3.jpg\" class=\"attachment-thumbnail size-thumbnail\" alt=\"\" \/><\/a>\n\t\t\t<\/dt><\/dl><dl class='gallery-item'>\n\t\t\t<dt class='gallery-icon landscape'>\n\t\t\t\t<a href='https:\/\/kylat.meitadev.fi\/kannuskoski\/kylan-esittely\/kyykosken-alue\/olympus-digital-camera-6\/'><img loading=\"lazy\" decoding=\"async\" width=\"150\" height=\"113\" src=\"https:\/\/kylat.meitadev.fi\/kannuskoski\/wp-content\/uploads\/sites\/24\/2012\/03\/k2.jpg\" class=\"attachment-thumbnail size-thumbnail\" alt=\"\" aria-describedby=\"gallery-1-49\" \/><\/a>\n\t\t\t<\/dt>\n\t\t\t\t<dd class='wp-caption-text gallery-caption' id='gallery-1-49'>\n\t\t\t\tKyykosken laavulla voit grillata, savustaa ja kiehauttaa kahvit.\n\t\t\t\t<\/dd><\/dl><dl class='gallery-item'>\n\t\t\t<dt class='gallery-icon landscape'>\n\t\t\t\t<a href='https:\/\/kylat.meitadev.fi\/kannuskoski\/kylan-esittely\/kyykosken-alue\/olympus-digital-camera-7\/'><img loading=\"lazy\" decoding=\"async\" width=\"150\" height=\"113\" src=\"https:\/\/kylat.meitadev.fi\/kannuskoski\/wp-content\/uploads\/sites\/24\/2012\/03\/k1.jpg\" class=\"attachment-thumbnail size-thumbnail\" alt=\"\" \/><\/a>\n\t\t\t<\/dt><\/dl><br style=\"clear: both\" \/>\n\t\t<\/div>\n\n<ul>\n<li><a href=\"http:\/\/www.kyykoski.com\">www.kyykoski.com<\/a><\/li>\n<li><a href=\"http:\/\/www.kalastajanmaailma.com\/kyykoski\">www.kalastajanmaailma.com\/kyykoski<\/a><\/li>\n<li><a href=\"http:\/\/www.google.com\/url?q=http%3A%2F%2Fwww.kalasaalis.com%2Fvesistot%2FV%25E4liv%25E4yl%25E4%2F810%2F&amp;sa=D&amp;sntz=1&amp;usg=AFQjCNG5mXpprGVDZ1Y56Mn_jZwZ_p2mig\" target=\"_blank\">www.kalasaalis.com\/vesistot\/V\u00e4liv\u00e4yl\u00e4<\/a><\/li>\n<li><a href=\"http:\/\/www.google.com\/url?q=http%3A%2F%2Fwww.kalaan.fi%2Fkalapaikat%2F81695%2FKyykosken%2Bviehekalastusalue%2CLuum%25C3%25A4ki.htm&amp;sa=D&amp;sntz=1&amp;usg=AFQjCNH2ffCd_IIxKgYfhwWcegm6DEq7Rg\" target=\"_blank\">www.kalaan.fi\/kalapaikat\/81695\/Kyykosken+viehekalastusalue<\/a><\/li>\n<\/ul>\n","protected":false},"excerpt":{"rendered":"<p>www.kyykoski.com www.kalastajanmaailma.com\/kyykoski www.kalasaalis.com\/vesistot\/V\u00e4liv\u00e4yl\u00e4 www.kalaan.fi\/kalapaikat\/81695\/Kyykosken+viehekalastusalue<\/p>\n","protected":false},"author":43,"featured_media":0,"parent":20,"menu_order":0,"comment_status":"open","ping_status":"open","template":"","meta":{"footnotes":""},"_links":{"self":[{"href":"https:\/\/kylat.meitadev.fi\/kannuskoski\/wp-json\/wp\/v2\/pages\/46"}],"collection":[{"href":"https:\/\/kylat.meitadev.fi\/kannuskoski\/wp-json\/wp\/v2\/pages"}],"about":[{"href":"https:\/\/kylat.meitadev.fi\/kannuskoski\/wp-json\/wp\/v2\/types\/page"}],"author":[{"embeddable":true,"href":"https:\/\/kylat.meitadev.fi\/kannuskoski\/wp-json\/wp\/v2\/users\/43"}],"replies":[{"embeddable":true,"href":"https:\/\/kylat.meitadev.fi\/kannuskoski\/wp-json\/wp\/v2\/comments?post=46"}],"version-history":[{"count":6,"href":"https:\/\/kylat.meitadev.fi\/kannuskoski\/wp-json\/wp\/v2\/pages\/46\/revisions"}],"predecessor-version":[{"id":500,"href":"https:\/\/kylat.meitadev.fi\/kannuskoski\/wp-json\/wp\/v2\/pages\/46\/revisions\/500"}],"up":[{"embeddable":true,"href":"https:\/\/kylat.meitadev.fi\/kannuskoski\/wp-json\/wp\/v2\/pages\/20"}],"wp:attachment":[{"href":"https:\/\/kylat.meitadev.fi\/kannuskoski\/wp-json\/wp\/v2\/media?parent=46"}],"curies":[{"name":"wp","href":"https:\/\/api.w.org\/{rel}","templated":true}]}}