{"id":55,"date":"2012-03-22T17:14:10","date_gmt":"2012-03-22T17:44:10","guid":{"rendered":"https:\/\/kylat.meitadev.fi\/kannuskoski\/?page_id=55"},"modified":"2019-12-21T17:56:57","modified_gmt":"2019-12-21T17:26:57","slug":"metsastysseurat","status":"publish","type":"page","link":"https:\/\/kylat.meitadev.fi\/kannuskoski\/yhdistykset\/metsastysseurat\/","title":{"rendered":"Mets\u00e4stysseurat"},"content":{"rendered":"<h2>Kyl\u00e4n alueella toimivat mets\u00e4stysseurat:<\/h2>\n<p>Kannuskosken mets\u00e4stysseura ry<br \/>\nPuheenjohtaja\u00a0\u00a0Esa Harju, puh. 0500-884105<br \/>\nVarapuheenjohtaja\u00a0Jani Syd\u00e4nmaanlakka, puh. 050-5835047<br \/>\nSihteeri Mika Vierula, puh. 040-5121579<br \/>\n<a href=\"http:\/\/www.google.com\/url?q=http%3A%2F%2Fwww.kannuskoskenmetsastysseura.fi%2F&amp;sa=D&amp;sntz=1&amp;usg=AFQjCNGoSY4Pu0YUc3jOdY6x7-q6CmrITQ\" target=\"_blank\" rel=\"noopener\">http:\/\/www.kannuskoskenmetsastysseura.fi\/<\/a><\/p>\n<p>Juurikkalan Mets\u00e4st\u00e4j\u00e4t ry<br \/>\npj.\u00a0Asko Vanhalakka<br \/>\nsiht. Sari Vanhalakka<\/p>\n<p>Vainosen Mets\u00e4stysseura<br \/>\npj. Mikko Vainonen<br \/>\nsiht. Ahti Syd\u00e4nmaanlakka<\/p>\n","protected":false},"excerpt":{"rendered":"<p>Kyl\u00e4n alueella toimivat mets\u00e4stysseurat: Kannuskosken mets\u00e4stysseura ry Puheenjohtaja\u00a0\u00a0Esa Harju, puh. 0500-884105 Varapuheenjohtaja\u00a0Jani Syd\u00e4nmaanlakka, puh. 050-5835047 Sihteeri Mika Vierula, puh. 040-5121579 http:\/\/www.kannuskoskenmetsastysseura.fi\/ Juurikkalan Mets\u00e4st\u00e4j\u00e4t ry pj.\u00a0Asko Vanhalakka siht. Sari Vanhalakka Vainosen Mets\u00e4stysseura pj. Mikko Vainonen siht. Ahti Syd\u00e4nmaanlakka<\/p>\n","protected":false},"author":43,"featured_media":0,"parent":6,"menu_order":0,"comment_status":"open","ping_status":"open","template":"","meta":{"footnotes":""},"_links":{"self":[{"href":"https:\/\/kylat.meitadev.fi\/kannuskoski\/wp-json\/wp\/v2\/pages\/55"}],"collection":[{"href":"https:\/\/kylat.meitadev.fi\/kannuskoski\/wp-json\/wp\/v2\/pages"}],"about":[{"href":"https:\/\/kylat.meitadev.fi\/kannuskoski\/wp-json\/wp\/v2\/types\/page"}],"author":[{"embeddable":true,"href":"https:\/\/kylat.meitadev.fi\/kannuskoski\/wp-json\/wp\/v2\/users\/43"}],"replies":[{"embeddable":true,"href":"https:\/\/kylat.meitadev.fi\/kannuskoski\/wp-json\/wp\/v2\/comments?post=55"}],"version-history":[{"count":9,"href":"https:\/\/kylat.meitadev.fi\/kannuskoski\/wp-json\/wp\/v2\/pages\/55\/revisions"}],"predecessor-version":[{"id":1064,"href":"https:\/\/kylat.meitadev.fi\/kannuskoski\/wp-json\/wp\/v2\/pages\/55\/revisions\/1064"}],"up":[{"embeddable":true,"href":"https:\/\/kylat.meitadev.fi\/kannuskoski\/wp-json\/wp\/v2\/pages\/6"}],"wp:attachment":[{"href":"https:\/\/kylat.meitadev.fi\/kannuskoski\/wp-json\/wp\/v2\/media?parent=55"}],"curies":[{"name":"wp","href":"https:\/\/api.w.org\/{rel}","templated":true}]}}