{"id":8,"date":"2012-03-21T18:00:42","date_gmt":"2012-03-21T18:30:42","guid":{"rendered":"https:\/\/kylat.meitadev.fi\/kannuskoski\/?page_id=8"},"modified":"2018-04-22T18:02:08","modified_gmt":"2018-04-22T17:32:08","slug":"kylayhdistys","status":"publish","type":"page","link":"https:\/\/kylat.meitadev.fi\/kannuskoski\/yhdistykset\/kylayhdistys\/","title":{"rendered":"Kyl\u00e4yhdistys"},"content":{"rendered":"<p><strong>Kannuskosken kyl\u00e4yhdistys ry<\/strong><\/p>\n<p>Puheenjohtaja: Esa Harju, puh. 0500 884 105<br \/>\nVarapuheenjohtaja: Niina Syd\u00e4nmaanlakka-Wallis, puh. 050 530 3471<br \/>\nSihteeri ja rahastonhoitaja: Mette Mattila, puh. 040 721 2998<\/p>\n<p><span style=\"text-decoration: underline\">Muut hallituksen j\u00e4senet:<\/span><br \/>\nMarkku Mankki<br \/>\nKirsi Nuuttila<br \/>\nKeijo Anttonen<br \/>\nIlkka Syd\u00e4nmaanlakka<\/p>\n<p><span style=\"text-decoration: underline\">Varaj\u00e4senet:<\/span><br \/>\nP\u00e4ivi Mankki<br \/>\nAnu Harju<\/p>\n<p><a href=\"mailto:info@kannuskoski.fi\">info@kannuskoski.fi<\/a><\/p>\n","protected":false},"excerpt":{"rendered":"<p>Kannuskosken kyl\u00e4yhdistys ry Puheenjohtaja: Esa Harju, puh. 0500 884 105 Varapuheenjohtaja: Niina Syd\u00e4nmaanlakka-Wallis, puh. 050 530 3471 Sihteeri ja rahastonhoitaja: Mette Mattila, puh. 040 721 2998 Muut hallituksen j\u00e4senet: Markku Mankki Kirsi Nuuttila Keijo Anttonen Ilkka Syd\u00e4nmaanlakka Varaj\u00e4senet: P\u00e4ivi Mankki &hellip; <a href=\"https:\/\/kylat.meitadev.fi\/kannuskoski\/yhdistykset\/kylayhdistys\/\">Lue loppuun <span class=\"meta-nav\">&rarr;<\/span><\/a><\/p>\n","protected":false},"author":43,"featured_media":0,"parent":6,"menu_order":0,"comment_status":"open","ping_status":"open","template":"","meta":{"footnotes":""},"_links":{"self":[{"href":"https:\/\/kylat.meitadev.fi\/kannuskoski\/wp-json\/wp\/v2\/pages\/8"}],"collection":[{"href":"https:\/\/kylat.meitadev.fi\/kannuskoski\/wp-json\/wp\/v2\/pages"}],"about":[{"href":"https:\/\/kylat.meitadev.fi\/kannuskoski\/wp-json\/wp\/v2\/types\/page"}],"author":[{"embeddable":true,"href":"https:\/\/kylat.meitadev.fi\/kannuskoski\/wp-json\/wp\/v2\/users\/43"}],"replies":[{"embeddable":true,"href":"https:\/\/kylat.meitadev.fi\/kannuskoski\/wp-json\/wp\/v2\/comments?post=8"}],"version-history":[{"count":18,"href":"https:\/\/kylat.meitadev.fi\/kannuskoski\/wp-json\/wp\/v2\/pages\/8\/revisions"}],"predecessor-version":[{"id":903,"href":"https:\/\/kylat.meitadev.fi\/kannuskoski\/wp-json\/wp\/v2\/pages\/8\/revisions\/903"}],"up":[{"embeddable":true,"href":"https:\/\/kylat.meitadev.fi\/kannuskoski\/wp-json\/wp\/v2\/pages\/6"}],"wp:attachment":[{"href":"https:\/\/kylat.meitadev.fi\/kannuskoski\/wp-json\/wp\/v2\/media?parent=8"}],"curies":[{"name":"wp","href":"https:\/\/api.w.org\/{rel}","templated":true}]}}