{"id":179,"date":"2011-10-12T12:52:47","date_gmt":"2011-10-12T10:22:47","guid":{"rendered":"https:\/\/kylat.meitadev.fi\/korkea-aho\/?page_id=179"},"modified":"2020-02-15T11:39:39","modified_gmt":"2020-02-15T10:09:39","slug":"toimikunta","status":"publish","type":"page","link":"https:\/\/kylat.meitadev.fi\/korkea-aho\/yhdistykset\/kylatoimikunta-2\/toimikunta\/","title":{"rendered":"Toimikunta"},"content":{"rendered":"<p><a href=\"mailto:korkeaahonkylatoimikunta@gmail.com\">Viestit: korkea-ahon kylatoimikunta<\/a><\/p>\n<p><strong>Kyl\u00e4toimikunnan j\u00e4senet 2019<\/strong><\/p>\n<ul>\n<li><strong>Puheenjohtaja <\/strong>Jaakko Pilli<\/li>\n<li><strong>Varapuheenjohtaja<\/strong>\u00a0\u00a0Ari Jantunen<\/li>\n<li><strong>Sihteeri<\/strong> Jaana Pilli<\/li>\n<li><strong>Rahastonhoitaja<\/strong> Erja Lappalainen<\/li>\n<li><strong>J\u00e4senet:<\/strong><\/li>\n<li>Seija H\u00e4m\u00e4l\u00e4inen<\/li>\n<li>Eeva Kankaanranta<\/li>\n<li>Esa Kankaanranta<\/li>\n<li>Heidi Kemppi<\/li>\n<li>Marko Kemppi<\/li>\n<li>Tuula Kemppi<\/li>\n<li>Erkki K\u00e4kel\u00e4<\/li>\n<li>Sami Lappalainen<\/li>\n<li>Hanna-Kaisa Lipi\u00e4inen<\/li>\n<li>Petri Monto<\/li>\n<li>Arto Neuvonen<\/li>\n<li>Esko Sepp\u00e4nen<\/li>\n<li>Merja Sepp\u00e4nen<\/li>\n<\/ul>\n<p>&nbsp;<\/p>\n<p>&nbsp;<\/p>\n<p>&nbsp;<\/p>\n<p>&nbsp;<\/p>\n<p>&nbsp;<\/p>\n<p>&nbsp;<\/p>\n<p>&nbsp;<\/p>\n<p>&nbsp;<\/p>\n<p>&nbsp;<\/p>\n<p>&nbsp;<\/p>\n","protected":false},"excerpt":{"rendered":"<p>Viestit: korkea-ahon kylatoimikunta Kyl\u00e4toimikunnan j\u00e4senet 2019 Puheenjohtaja Jaakko Pilli Varapuheenjohtaja\u00a0\u00a0Ari Jantunen Sihteeri Jaana Pilli Rahastonhoitaja Erja Lappalainen J\u00e4senet: Seija H\u00e4m\u00e4l\u00e4inen Eeva Kankaanranta Esa Kankaanranta Heidi Kemppi Marko Kemppi Tuula Kemppi Erkki K\u00e4kel\u00e4 Sami Lappalainen Hanna-Kaisa Lipi\u00e4inen Petri Monto Arto Neuvonen &hellip; <a href=\"https:\/\/kylat.meitadev.fi\/korkea-aho\/yhdistykset\/kylatoimikunta-2\/toimikunta\/\">Continue reading <span class=\"meta-nav\">&rarr;<\/span><\/a><\/p>\n","protected":false},"author":25,"featured_media":0,"parent":88,"menu_order":0,"comment_status":"closed","ping_status":"closed","template":"","meta":{"footnotes":""},"_links":{"self":[{"href":"https:\/\/kylat.meitadev.fi\/korkea-aho\/wp-json\/wp\/v2\/pages\/179"}],"collection":[{"href":"https:\/\/kylat.meitadev.fi\/korkea-aho\/wp-json\/wp\/v2\/pages"}],"about":[{"href":"https:\/\/kylat.meitadev.fi\/korkea-aho\/wp-json\/wp\/v2\/types\/page"}],"author":[{"embeddable":true,"href":"https:\/\/kylat.meitadev.fi\/korkea-aho\/wp-json\/wp\/v2\/users\/25"}],"replies":[{"embeddable":true,"href":"https:\/\/kylat.meitadev.fi\/korkea-aho\/wp-json\/wp\/v2\/comments?post=179"}],"version-history":[{"count":31,"href":"https:\/\/kylat.meitadev.fi\/korkea-aho\/wp-json\/wp\/v2\/pages\/179\/revisions"}],"predecessor-version":[{"id":1321,"href":"https:\/\/kylat.meitadev.fi\/korkea-aho\/wp-json\/wp\/v2\/pages\/179\/revisions\/1321"}],"up":[{"embeddable":true,"href":"https:\/\/kylat.meitadev.fi\/korkea-aho\/wp-json\/wp\/v2\/pages\/88"}],"wp:attachment":[{"href":"https:\/\/kylat.meitadev.fi\/korkea-aho\/wp-json\/wp\/v2\/media?parent=179"}],"curies":[{"name":"wp","href":"https:\/\/api.w.org\/{rel}","templated":true}]}}