{"id":206,"date":"2012-09-17T11:11:06","date_gmt":"2012-09-17T09:41:06","guid":{"rendered":"https:\/\/kylat.meitadev.fi\/kuukanniemi\/?page_id=206"},"modified":"2017-08-16T14:17:33","modified_gmt":"2017-08-16T12:47:33","slug":"kuukinkatos-hankejulkaisu","status":"publish","type":"page","link":"https:\/\/kylat.meitadev.fi\/kuukanniemi\/kuukinkatos-hankejulkaisu\/","title":{"rendered":"KuukinKatos &#8211; saa k\u00e4ytt\u00e4\u00e4"},"content":{"rendered":"<p>&nbsp;<\/p>\n<div id=\"attachment_280\" style=\"width: 209px\" class=\"wp-caption alignnone\"><a href=\"https:\/\/kylat.meitadev.fi\/kuukanniemi\/wp-content\/uploads\/sites\/25\/2012\/09\/KuukinKatos_13.jpg\"><img loading=\"lazy\" decoding=\"async\" aria-describedby=\"caption-attachment-280\" class=\"size-full wp-image-280\" src=\"https:\/\/kylat.meitadev.fi\/kuukanniemi\/wp-content\/uploads\/sites\/25\/2012\/09\/KuukinKatos_13.jpg\" alt=\"\" width=\"199\" height=\"232\" \/><\/a><p id=\"caption-attachment-280\" class=\"wp-caption-text\">KuukinKatos on kaikkien Kuukanniemel\u00e4isten vapaassa k\u00e4yt\u00f6ss\u00e4<\/p><\/div>\n<p>Kuukanniemen vanhempainyhdistys on rakentanut\u00a0ahkerien talkoolaisten voimin katettun nuotiopaikan j\u00e4\u00e4kiekkokaukalon v\u00e4litt\u00f6m\u00e4\u00e4n l\u00e4heisyyteen. KuukinKatoksen on tarkoitus olla koko kyl\u00e4n\u00a0yhteinen ulkoilmaolohuone, josta on n\u00e4pp\u00e4r\u00e4t yhteydet Kuukanniemen kautta kulkeville ulkoilureiteille, ja joka tarjoaa suojan ja<br \/>\nodotustilan urheilukent\u00e4ll\u00e4 harrastaville ryhmille sek\u00e4 retkeilykohteen<br \/>\nesimerkiksi alueen lapsille, nuorille ja varttuneemmalle v\u00e4est\u00f6lle.<\/p>\n<p>Omarahoitusosuutta olemme kartoittaneet erilaisin tapahtumin, ker\u00e4yksin ja<br \/>\nhankejulkaisun avulla. Hankejulkaisu on jaettu Lemin alueen koteihin 17.11.2012. Kiitos kaikille aktiiveille julkaisun tekemiseen osallistuneille, niin sis\u00e4ll\u00f6n tuottamiseen, aineiston kokoamiseen, julkaisun muokkaamiseen ja toimituksiin osallistuneille.\u00a0Suuri kiitos my\u00f6s kaikille yhteisty\u00f6kumppaneillemme, jotka mahdollistitte julkaisun tekemisen.<\/p>\n<p>Hankkeelle on saatu tukea L\u00e4nsi-Saimaan kehitt\u00e4misyhdistyksen koordinointihankkeelta\u00a0ja Lemin kunta on ollut mukana mm. vuokraamalla Kuukanniemen vanhempainyhdistykselle tontin katosta varten. Eik\u00e4 voi unohtaa talkoolaisia, joita ilman katos ei olisi viel\u00e4 valmis ja k\u00e4ytett\u00e4viss\u00e4. K\u00e4yk\u00e4\u00e4 iltalenkill\u00e4 tutustumassa katokseen. Katoksella voi paistaa makkaraa, keitt\u00e4\u00e4 kahvit tms. Katoksella ei viel\u00e4 ole olemassa puuvarastoa, vaan puut on tuotava tullessaan.<\/p>\n<p>Mielytt\u00e4vi\u00e4 nuotiohetki\u00e4 KuukinKatoksella toivottaa\u00a0Kuukanniemen Vanhempainyhdistys\u00a0\ud83d\ude42<\/p>\n<p><a href=\"https:\/\/kylat.meitadev.fi\/kuukanniemi\/wp-content\/uploads\/sites\/25\/2012\/09\/logo_ely_keskus.jpg\"><img loading=\"lazy\" decoding=\"async\" class=\"alignnone size-full wp-image-209\" src=\"https:\/\/kylat.meitadev.fi\/kuukanniemi\/wp-content\/uploads\/sites\/25\/2012\/09\/logo_ely_keskus.jpg\" alt=\"\" width=\"168\" height=\"56\" \/><\/a><a href=\"https:\/\/kylat.meitadev.fi\/kuukanniemi\/wp-content\/uploads\/sites\/25\/2012\/09\/logo_Leader1.jpg\"><img loading=\"lazy\" decoding=\"async\" class=\"alignnone size-full wp-image-212\" src=\"https:\/\/kylat.meitadev.fi\/kuukanniemi\/wp-content\/uploads\/sites\/25\/2012\/09\/logo_Leader1.jpg\" alt=\"\" width=\"56\" height=\"59\" \/><\/a><a href=\"https:\/\/kylat.meitadev.fi\/kuukanniemi\/wp-content\/uploads\/sites\/25\/2012\/09\/logo_norppa.jpg\"><img loading=\"lazy\" decoding=\"async\" class=\"alignnone size-full wp-image-213\" src=\"https:\/\/kylat.meitadev.fi\/kuukanniemi\/wp-content\/uploads\/sites\/25\/2012\/09\/logo_norppa.jpg\" alt=\"\" width=\"168\" height=\"62\" \/><\/a><a href=\"https:\/\/kylat.meitadev.fi\/kuukanniemi\/wp-content\/uploads\/sites\/25\/2012\/09\/logo_EU.jpg\"><img loading=\"lazy\" decoding=\"async\" class=\"alignleft size-full wp-image-210\" src=\"https:\/\/kylat.meitadev.fi\/kuukanniemi\/wp-content\/uploads\/sites\/25\/2012\/09\/logo_EU.jpg\" alt=\"\" width=\"203\" height=\"29\" \/><\/a><\/p>\n","protected":false},"excerpt":{"rendered":"<p>&nbsp; Kuukanniemen vanhempainyhdistys on rakentanut\u00a0ahkerien talkoolaisten voimin katettun nuotiopaikan j\u00e4\u00e4kiekkokaukalon v\u00e4litt\u00f6m\u00e4\u00e4n l\u00e4heisyyteen. KuukinKatoksen on tarkoitus olla koko kyl\u00e4n\u00a0yhteinen ulkoilmaolohuone, josta on n\u00e4pp\u00e4r\u00e4t yhteydet Kuukanniemen kautta kulkeville ulkoilureiteille, ja joka tarjoaa suojan ja odotustilan urheilukent\u00e4ll\u00e4 harrastaville ryhmille sek\u00e4 retkeilykohteen esimerkiksi alueen &hellip; <a href=\"https:\/\/kylat.meitadev.fi\/kuukanniemi\/kuukinkatos-hankejulkaisu\/\">Lue loppuun <span class=\"meta-nav\">&rarr;<\/span><\/a><\/p>\n","protected":false},"author":44,"featured_media":0,"parent":0,"menu_order":0,"comment_status":"closed","ping_status":"open","template":"","meta":{"footnotes":""},"_links":{"self":[{"href":"https:\/\/kylat.meitadev.fi\/kuukanniemi\/wp-json\/wp\/v2\/pages\/206"}],"collection":[{"href":"https:\/\/kylat.meitadev.fi\/kuukanniemi\/wp-json\/wp\/v2\/pages"}],"about":[{"href":"https:\/\/kylat.meitadev.fi\/kuukanniemi\/wp-json\/wp\/v2\/types\/page"}],"author":[{"embeddable":true,"href":"https:\/\/kylat.meitadev.fi\/kuukanniemi\/wp-json\/wp\/v2\/users\/44"}],"replies":[{"embeddable":true,"href":"https:\/\/kylat.meitadev.fi\/kuukanniemi\/wp-json\/wp\/v2\/comments?post=206"}],"version-history":[{"count":18,"href":"https:\/\/kylat.meitadev.fi\/kuukanniemi\/wp-json\/wp\/v2\/pages\/206\/revisions"}],"predecessor-version":[{"id":422,"href":"https:\/\/kylat.meitadev.fi\/kuukanniemi\/wp-json\/wp\/v2\/pages\/206\/revisions\/422"}],"wp:attachment":[{"href":"https:\/\/kylat.meitadev.fi\/kuukanniemi\/wp-json\/wp\/v2\/media?parent=206"}],"curies":[{"name":"wp","href":"https:\/\/api.w.org\/{rel}","templated":true}]}}