{"id":349,"date":"2014-08-11T12:19:09","date_gmt":"2014-08-11T10:49:09","guid":{"rendered":"https:\/\/kylat.meitadev.fi\/kuukanniemi\/?page_id=349"},"modified":"2017-08-16T14:17:03","modified_gmt":"2017-08-16T12:47:03","slug":"liikunta-kuukanniemessa","status":"publish","type":"page","link":"https:\/\/kylat.meitadev.fi\/kuukanniemi\/harrastukset\/liikunta-kuukanniemessa\/","title":{"rendered":"Liikunta Kuukanniemess\u00e4"},"content":{"rendered":"<p><strong>J\u00e4\u00e4kiekkokaukalo<\/strong> Kaukalo sijaitsee aivan l\u00e4mpp\u00e4rin l\u00e4heisyydess\u00e4 (purettavan Kuukanniemen koulun) l\u00e4heisyydess\u00e4. Talvella kaukalo palvelee luistelijoita ja pelaajia ja kes\u00e4ll\u00e4 kaukalossa on tenniskentt\u00e4. Kaukalon viereen hiekkakent\u00e4lle on s\u00e4iden salliessa tehty my\u00f6s luistelukentt\u00e4. <img decoding=\"async\" title=\"gallery link=&quot;file&quot; columns=&quot;2&quot;\" src=\"https:\/\/kylat.meitadev.fi\/kuukanniemi\/wp-includes\/js\/tinymce\/plugins\/wpgallery\/img\/t.gif\" alt=\"\" \/><\/p>\n<p><strong>Hiihto,\u00a0<\/strong> <strong>valaistu latu ja pururata:<\/strong> Raikulitien varressa heti Kuukanniemeen tullessa sijaitsee vasemmalla n. 1,5 kilometri\u00e4 pitk\u00e4 valaistu pururata ja talvella valaistu latu. Talvella latua on pidennetty kilometrill\u00e4, joten 2,5 kilometrin matkan saa kerran kierretty\u00e4\u00e4n koko lenkin.<\/p>\n<p><strong>Kansanhiihtoladut:<\/strong> Kuukanniemen lenkki on n. 10 km ja Hyv\u00e4ril\u00e4n lenkki n. 4 km. Kuukanniemen lenkilt\u00e4 p\u00e4\u00e4see my\u00f6s K\u00e4pyl\u00e4n ja Vainikkalan kansanhiihtoladuille.<\/p>\n<p><strong>Jalkapallo ja Salibandy KoPan junioritoiminta:<\/strong> KoPan juniorien harjoitusajat ja paikat l\u00f6yd\u00e4t <a href=\"https:\/\/sites.google.com\/site\/kopajunioritry\/home\">KoPa Juniorit<\/a> omilta sivuilta<\/p>\n","protected":false},"excerpt":{"rendered":"<p>J\u00e4\u00e4kiekkokaukalo Kaukalo sijaitsee aivan l\u00e4mpp\u00e4rin l\u00e4heisyydess\u00e4 (purettavan Kuukanniemen koulun) l\u00e4heisyydess\u00e4. Talvella kaukalo palvelee luistelijoita ja pelaajia ja kes\u00e4ll\u00e4 kaukalossa on tenniskentt\u00e4. Kaukalon viereen hiekkakent\u00e4lle on s\u00e4iden salliessa tehty my\u00f6s luistelukentt\u00e4. Hiihto,\u00a0 valaistu latu ja pururata: Raikulitien varressa heti Kuukanniemeen tullessa &hellip; <a href=\"https:\/\/kylat.meitadev.fi\/kuukanniemi\/harrastukset\/liikunta-kuukanniemessa\/\">Lue loppuun <span class=\"meta-nav\">&rarr;<\/span><\/a><\/p>\n","protected":false},"author":44,"featured_media":0,"parent":20,"menu_order":0,"comment_status":"closed","ping_status":"closed","template":"","meta":{"footnotes":""},"_links":{"self":[{"href":"https:\/\/kylat.meitadev.fi\/kuukanniemi\/wp-json\/wp\/v2\/pages\/349"}],"collection":[{"href":"https:\/\/kylat.meitadev.fi\/kuukanniemi\/wp-json\/wp\/v2\/pages"}],"about":[{"href":"https:\/\/kylat.meitadev.fi\/kuukanniemi\/wp-json\/wp\/v2\/types\/page"}],"author":[{"embeddable":true,"href":"https:\/\/kylat.meitadev.fi\/kuukanniemi\/wp-json\/wp\/v2\/users\/44"}],"replies":[{"embeddable":true,"href":"https:\/\/kylat.meitadev.fi\/kuukanniemi\/wp-json\/wp\/v2\/comments?post=349"}],"version-history":[{"count":4,"href":"https:\/\/kylat.meitadev.fi\/kuukanniemi\/wp-json\/wp\/v2\/pages\/349\/revisions"}],"predecessor-version":[{"id":420,"href":"https:\/\/kylat.meitadev.fi\/kuukanniemi\/wp-json\/wp\/v2\/pages\/349\/revisions\/420"}],"up":[{"embeddable":true,"href":"https:\/\/kylat.meitadev.fi\/kuukanniemi\/wp-json\/wp\/v2\/pages\/20"}],"wp:attachment":[{"href":"https:\/\/kylat.meitadev.fi\/kuukanniemi\/wp-json\/wp\/v2\/media?parent=349"}],"curies":[{"name":"wp","href":"https:\/\/api.w.org\/{rel}","templated":true}]}}